{"id":1340,"date":"2024-02-21T10:33:14","date_gmt":"2024-02-21T10:33:14","guid":{"rendered":"https:\/\/www.shoptok.com\/cookies\/"},"modified":"2024-08-13T15:08:50","modified_gmt":"2024-08-13T15:08:50","slug":"piskotki","status":"publish","type":"page","link":"https:\/\/www.shoptok.com\/sl\/piskotki\/","title":{"rendered":"Pi\u0161kotki"},"content":{"rendered":"<div class=\"wpb-content-wrapper\"><p>[vc_row full_width=&#8221;stretch_row_content_no_spaces&#8221; el_class=&#8221;sp-page-title&#8221;][vc_column]\n\n\n\n\n\n\t\t\n                    <div class=\"title-banner title-banner-empty\" style=\"background-image: linear-gradient(rgba(0, 0, 0, 0.0),rgba(0, 0, 0, 0.0)),url();\">\n            <\/div>\n        \n\t\t[\/vc_column][\/vc_row][vc_row el_class=&#8221;sp-row&#8221;][vc_column][vc_column_text css=&#8221;&#8221;]<\/p>\n<div class=\"vc_row wpb_row vc_row-fluid\">\n<div class=\"wpb_column vc_column_container vc_col-sm-12\">\n<div class=\"vc_column-inner \">\n<div class=\"wpb_wrapper\">\n<div class=\"wpb_text_column wpb_content_element \">\n<div class=\"wpb_wrapper\">\n<p>Pi\u0161kotki so majhne datoteke, ki se nalo\u017eijo v va\u0161 ra\u010dunalnik, da bi izbolj\u0161ali va\u0161o uporabni\u0161ko izku\u0161njo.<\/p>\n<p>Pi\u0161kotki niso \u0161kodljivi in so vedno \u010dasovno omejeni.<\/p>\n<p>Uporabljamo naslednje pi\u0161kotke:<\/p>\n<p>1. skupina:<br \/>\nSo nujno potrebni in brez njih spletno mesto ne bo delovalo, kot bi moralo. Nastavijo se, ko oddate obrazec ali opravite spletni nakup oz. kakr\u0161no koli interakcijo s spletnim mestom, ki zahteva ve\u010d kot le klikanje na povezave. Za te pi\u0161kotke ne potrebujemo va\u0161ega soglasja.<\/p>\n<p>2. skupina:<br \/>\nAnalizirajo promet na spletnih mestih, da bi izbolj\u0161ali uporabni\u0161ko izku\u0161njo. Z uporabo spletnega mesta se strinjate, da se namestijo v va\u0161 ra\u010dunalnik.<\/p>\n<p>3. skupina:<br \/>\nPi\u0161kotki na\u0161ih partnerskih storitev, kot so Facebook, Twitter, Google in druge. \u010ce se z uporabo ne strinjate, pi\u0161kotki ne bodo name\u0161\u010deni, vendar se lahko zgodi, da nekatere zanimive funkcije spletnega mesta zato ne bodo na voljo.<\/p>\n<p>Kako upravljati in onemogo\u010diti pi\u0161kotke v ra\u010dunalniku:<\/p>\n<p>Nad shranjevanjem pi\u0161kotkov imate popoln nadzor, saj brskalnik, ki ga uporabljate, omogo\u010da omejitve shranjevanja in onemogo\u010danje pi\u0161kotkov.<\/p>\n<p>Za informacije o nastavitvah pi\u0161kotkov izberite spletni brskalnik, ki ga uporabljate.<\/p>\n<p><a href=\"https:\/\/support.google.com\/chrome\/answer\/95647?hl=sl-sl&amp;p=cpn_cookies\" target=\"_blank\" rel=\"noopener\">Chrome<\/a><br \/>\n<a href=\"http:\/\/support.mozilla.org\/sl\/kb\/Kako%20aktivirate%20in%20deaktivirate%20pi%C5%A1kote\" target=\"_blank\" rel=\"noopener\">Firefox<\/a><br \/>\n<a href=\"http:\/\/windows.microsoft.com\/sl-si\/windows7\/how-to-manage-cookies-in-internet-explorer-9\" target=\"_blank\" rel=\"noopener\">Internet Explorer 9<\/a><br \/>\n<a href=\"http:\/\/windows.microsoft.com\/sl-si\/windows-vista\/block-or-allow-cookies\" target=\"_blank\" rel=\"noopener\">Internet Explorer 7 ali 8<\/a><br \/>\n<a href=\"http:\/\/www.opera.com\/help\/tutorials\/security\/cookies\/\" target=\"_blank\" rel=\"noopener\">Opera<\/a><br \/>\n<a href=\"http:\/\/support.apple.com\/kb\/PH11913\" target=\"_blank\" rel=\"noopener\">Safari<\/a><\/p>\n<p>\u010ce onemogo\u010dite pi\u0161kotke, bodo nekatere mo\u017enosti spletne strani onemogo\u010dene.<\/p>\n<p>Seznam pi\u0161kotkov, ki jih uporablja to spletno mesto:<\/p>\n<\/div>\n<\/div>\n<\/div>\n<\/div>\n<\/div>\n<\/div>\n<div class=\"vc_row wpb_row vc_row-fluid\">\n<div class=\"wpb_column vc_column_container vc_col-sm-3\">\n<div class=\"vc_column-inner \">\n<div class=\"wpb_wrapper\">\n<div class=\"wpb_text_column wpb_content_element \">\n<div class=\"wpb_wrapper\">\n<ul>\n<li>IME PI\u0160KOTKA: __utma<\/li>\n<li>OPIS: Statistika ogledov strani<\/li>\n<li>STORITVE: Google Analytics<\/li>\n<li>VELJAVNOST PI\u0160KOTKA: 2 leti<\/li>\n<\/ul>\n<\/div>\n<\/div>\n<\/div>\n<\/div>\n<\/div>\n<div class=\"wpb_column vc_column_container vc_col-sm-3\">\n<div class=\"vc_column-inner \">\n<div class=\"wpb_wrapper\">\n<div class=\"wpb_text_column wpb_content_element \">\n<div class=\"wpb_wrapper\">\n<ul>\n<li>IME PI\u0160KOTKA: __utmb<\/li>\n<li>OPIS: Statistika ogledov strani<\/li>\n<li>STORITVE: Google Analytics<\/li>\n<li>VELJAVNOST PI\u0160KOTKA: 1 dan<\/li>\n<\/ul>\n<\/div>\n<\/div>\n<\/div>\n<\/div>\n<\/div>\n<div class=\"wpb_column vc_column_container vc_col-sm-3\">\n<div class=\"vc_column-inner \">\n<div class=\"wpb_wrapper\">\n<div class=\"wpb_text_column wpb_content_element \">\n<div class=\"wpb_wrapper\">\n<ul>\n<li>IME PI\u0160KOTKA: __utmc<\/li>\n<li>OPIS: Statistika ogledov strani<\/li>\n<li>STORITVE: Google Analytics<\/li>\n<li>VELJAVNOST PI\u0160KOTKA: Konec te seje<\/li>\n<\/ul>\n<\/div>\n<\/div>\n<\/div>\n<\/div>\n<\/div>\n<div class=\"wpb_column vc_column_container vc_col-sm-3\">\n<div class=\"vc_column-inner \">\n<div class=\"wpb_wrapper\">\n<div class=\"wpb_text_column wpb_content_element \">\n<div class=\"wpb_wrapper\">\n<ul>\n<li>IME PI\u0160KOTKA: __utmz<\/li>\n<li>OPIS: Statistika ogledov strani<\/li>\n<li>STORITVE: Google Analytics<\/li>\n<li>VELJAVNOST PI\u0160KOTKA: 6 mesecev<\/li>\n<\/ul>\n<\/div>\n<\/div>\n<\/div>\n<\/div>\n<\/div>\n<\/div>\n<h2><\/h2>\n<p>[\/vc_column_text][\/vc_column][\/vc_row]<\/p>\n<\/div>","protected":false},"excerpt":{"rendered":"<p>[vc_row full_width=&#8221;stretch_row_content_no_spaces&#8221; el_class=&#8221;sp-page-title&#8221;][vc_column][\/vc_column][\/vc_row][vc_row el_class=&#8221;sp-row&#8221;][vc_column][vc_column_text css=&#8221;&#8221;] Pi\u0161kotki so majhne datoteke, ki se nalo\u017eijo v va\u0161 ra\u010dunalnik, da bi izbolj\u0161ali va\u0161o uporabni\u0161ko izku\u0161njo. Pi\u0161kotki niso \u0161kodljivi in so vedno \u010dasovno omejeni. Uporabljamo naslednje pi\u0161kotke: 1. skupina: So nujno potrebni in brez njih spletno mesto ne bo delovalo, kot bi moralo. Nastavijo se, ko oddate obrazec ali opravite spletni nakup oz. kakr\u0161no koli interakcijo s spletnim mestom, ki zahteva ve\u010d kot le klikanje na povezave. Za te pi\u0161kotke ne potrebujemo va\u0161ega soglasja. 2. skupina: Analizirajo promet na spletnih mestih, da bi izbolj\u0161ali uporabni\u0161ko izku\u0161njo. Z uporabo spletnega mesta se strinjate, da se namestijo v va\u0161 ra\u010dunalnik. 3. skupina: Pi\u0161kotki na\u0161ih partnerskih storitev, kot so Facebook, Twitter, Google in druge. \u010ce se z uporabo [&hellip;]<\/p>\n","protected":false},"author":1,"featured_media":0,"parent":0,"menu_order":11,"comment_status":"closed","ping_status":"closed","template":"","meta":{"footnotes":""},"class_list":["post-1340","page","type-page","status-publish","hentry"],"yoast_head":"<!-- This site is optimized with the Yoast SEO plugin v21.3 - https:\/\/yoast.com\/wordpress\/plugins\/seo\/ -->\n<title>Pi\u0161kotki - Eponuda &amp; Shoptok<\/title>\n<meta name=\"description\" content=\"JTNDcCUzRUklMjBhbSUyMHJhdyUyMGh0bWwlMjBibG9jay4lM0NiciUyRiUzRUNsaWNrJTIwZWRpdCUyMGJ1dHRvbiUyMHRvJTIwY2hhbmdlJTIwdGhpcyUyMGh0bWwlM0MlMkZwJTNF Pi\u0161kotki so majhne datoteke, ki se nalo\u017eijo v va\u0161 ra\u010dunalnik, da bi izbolj\u0161ali va\u0161o uporabni\u0161ko izku\u0161njo. Pi\u0161kotki niso \u0161kodljivi in so vedno \u010dasovno omejeni. Uporabljamo naslednje pi\u0161kotke: 1. skupina:\" \/>\n<meta name=\"robots\" content=\"index, follow, max-snippet:-1, max-image-preview:large, max-video-preview:-1\" \/>\n<link rel=\"canonical\" href=\"https:\/\/www.shoptok.com\/sl\/piskotki\/\" \/>\n<meta property=\"og:locale\" content=\"sl_SI\" \/>\n<meta property=\"og:type\" content=\"article\" \/>\n<meta property=\"og:title\" content=\"Pi\u0161kotki - Eponuda &amp; Shoptok\" \/>\n<meta property=\"og:description\" content=\"[vc_row full_width=&#8221;stretch_row_content_no_spaces&#8221; el_class=&#8221;sp-page-title&#8221;][vc_column][\/vc_column][\/vc_row][vc_row el_class=&#8221;sp-row&#8221;][vc_column][vc_column_text css=&#8221;&#8221;] Pi\u0161kotki so majhne datoteke, ki se nalo\u017eijo v va\u0161 ra\u010dunalnik, da bi izbolj\u0161ali va\u0161o uporabni\u0161ko izku\u0161njo. Pi\u0161kotki niso \u0161kodljivi in so vedno \u010dasovno omejeni. Uporabljamo naslednje pi\u0161kotke: 1. skupina: So nujno potrebni in brez njih spletno mesto ne bo delovalo, kot bi moralo. Nastavijo se, ko oddate obrazec ali opravite spletni nakup oz. kakr\u0161no koli interakcijo s spletnim mestom, ki zahteva ve\u010d kot le klikanje na povezave. Za te pi\u0161kotke ne potrebujemo va\u0161ega soglasja. 2. skupina: Analizirajo promet na spletnih mestih, da bi izbolj\u0161ali uporabni\u0161ko izku\u0161njo. Z uporabo spletnega mesta se strinjate, da se namestijo v va\u0161 ra\u010dunalnik. 3. skupina: Pi\u0161kotki na\u0161ih partnerskih storitev, kot so Facebook, Twitter, Google in druge. \u010ce se z uporabo [&hellip;]\" \/>\n<meta property=\"og:url\" content=\"https:\/\/www.shoptok.com\/sl\/piskotki\/\" \/>\n<meta property=\"og:site_name\" content=\"Eponuda &amp; Shoptok\" \/>\n<meta property=\"article:modified_time\" content=\"2024-08-13T15:08:50+00:00\" \/>\n<meta name=\"twitter:card\" content=\"summary_large_image\" \/>\n<meta name=\"twitter:label1\" content=\"Est. reading time\" \/>\n\t<meta name=\"twitter:data1\" content=\"2 minuti\" \/>\n<script type=\"application\/ld+json\" class=\"yoast-schema-graph\">{\"@context\":\"https:\/\/schema.org\",\"@graph\":[{\"@type\":\"WebPage\",\"@id\":\"https:\/\/www.shoptok.com\/sl\/piskotki\/\",\"url\":\"https:\/\/www.shoptok.com\/sl\/piskotki\/\",\"name\":\"Pi\u0161kotki - Eponuda &amp; Shoptok\",\"isPartOf\":{\"@id\":\"https:\/\/www.shoptok.com\/#website\"},\"datePublished\":\"2024-02-21T10:33:14+00:00\",\"dateModified\":\"2024-08-13T15:08:50+00:00\",\"inLanguage\":\"sl-SI\",\"potentialAction\":[{\"@type\":\"ReadAction\",\"target\":[\"https:\/\/www.shoptok.com\/sl\/piskotki\/\"]}]},{\"@type\":\"WebSite\",\"@id\":\"https:\/\/www.shoptok.com\/#website\",\"url\":\"https:\/\/www.shoptok.com\/\",\"name\":\"Eponuda &amp; Shoptok\",\"description\":\"\",\"potentialAction\":[{\"@type\":\"SearchAction\",\"target\":{\"@type\":\"EntryPoint\",\"urlTemplate\":\"https:\/\/www.shoptok.com\/?s={search_term_string}\"},\"query-input\":\"required name=search_term_string\"}],\"inLanguage\":\"sl-SI\"}]}<\/script>\n<!-- \/ Yoast SEO plugin. -->","yoast_head_json":{"title":"Pi\u0161kotki - Eponuda &amp; Shoptok","description":"JTNDcCUzRUklMjBhbSUyMHJhdyUyMGh0bWwlMjBibG9jay4lM0NiciUyRiUzRUNsaWNrJTIwZWRpdCUyMGJ1dHRvbiUyMHRvJTIwY2hhbmdlJTIwdGhpcyUyMGh0bWwlM0MlMkZwJTNF Pi\u0161kotki so majhne datoteke, ki se nalo\u017eijo v va\u0161 ra\u010dunalnik, da bi izbolj\u0161ali va\u0161o uporabni\u0161ko izku\u0161njo. Pi\u0161kotki niso \u0161kodljivi in so vedno \u010dasovno omejeni. Uporabljamo naslednje pi\u0161kotke: 1. skupina:","robots":{"index":"index","follow":"follow","max-snippet":"max-snippet:-1","max-image-preview":"max-image-preview:large","max-video-preview":"max-video-preview:-1"},"canonical":"https:\/\/www.shoptok.com\/sl\/piskotki\/","og_locale":"sl_SI","og_type":"article","og_title":"Pi\u0161kotki - Eponuda &amp; Shoptok","og_description":"[vc_row full_width=&#8221;stretch_row_content_no_spaces&#8221; el_class=&#8221;sp-page-title&#8221;][vc_column][\/vc_column][\/vc_row][vc_row el_class=&#8221;sp-row&#8221;][vc_column][vc_column_text css=&#8221;&#8221;] Pi\u0161kotki so majhne datoteke, ki se nalo\u017eijo v va\u0161 ra\u010dunalnik, da bi izbolj\u0161ali va\u0161o uporabni\u0161ko izku\u0161njo. Pi\u0161kotki niso \u0161kodljivi in so vedno \u010dasovno omejeni. Uporabljamo naslednje pi\u0161kotke: 1. skupina: So nujno potrebni in brez njih spletno mesto ne bo delovalo, kot bi moralo. Nastavijo se, ko oddate obrazec ali opravite spletni nakup oz. kakr\u0161no koli interakcijo s spletnim mestom, ki zahteva ve\u010d kot le klikanje na povezave. Za te pi\u0161kotke ne potrebujemo va\u0161ega soglasja. 2. skupina: Analizirajo promet na spletnih mestih, da bi izbolj\u0161ali uporabni\u0161ko izku\u0161njo. Z uporabo spletnega mesta se strinjate, da se namestijo v va\u0161 ra\u010dunalnik. 3. skupina: Pi\u0161kotki na\u0161ih partnerskih storitev, kot so Facebook, Twitter, Google in druge. \u010ce se z uporabo [&hellip;]","og_url":"https:\/\/www.shoptok.com\/sl\/piskotki\/","og_site_name":"Eponuda &amp; Shoptok","article_modified_time":"2024-08-13T15:08:50+00:00","twitter_card":"summary_large_image","twitter_misc":{"Est. reading time":"2 minuti"},"schema":{"@context":"https:\/\/schema.org","@graph":[{"@type":"WebPage","@id":"https:\/\/www.shoptok.com\/sl\/piskotki\/","url":"https:\/\/www.shoptok.com\/sl\/piskotki\/","name":"Pi\u0161kotki - Eponuda &amp; Shoptok","isPartOf":{"@id":"https:\/\/www.shoptok.com\/#website"},"datePublished":"2024-02-21T10:33:14+00:00","dateModified":"2024-08-13T15:08:50+00:00","inLanguage":"sl-SI","potentialAction":[{"@type":"ReadAction","target":["https:\/\/www.shoptok.com\/sl\/piskotki\/"]}]},{"@type":"WebSite","@id":"https:\/\/www.shoptok.com\/#website","url":"https:\/\/www.shoptok.com\/","name":"Eponuda &amp; Shoptok","description":"","potentialAction":[{"@type":"SearchAction","target":{"@type":"EntryPoint","urlTemplate":"https:\/\/www.shoptok.com\/?s={search_term_string}"},"query-input":"required name=search_term_string"}],"inLanguage":"sl-SI"}]}},"_links":{"self":[{"href":"https:\/\/www.shoptok.com\/sl\/wp-json\/wp\/v2\/pages\/1340","targetHints":{"allow":["GET"]}}],"collection":[{"href":"https:\/\/www.shoptok.com\/sl\/wp-json\/wp\/v2\/pages"}],"about":[{"href":"https:\/\/www.shoptok.com\/sl\/wp-json\/wp\/v2\/types\/page"}],"author":[{"embeddable":true,"href":"https:\/\/www.shoptok.com\/sl\/wp-json\/wp\/v2\/users\/1"}],"replies":[{"embeddable":true,"href":"https:\/\/www.shoptok.com\/sl\/wp-json\/wp\/v2\/comments?post=1340"}],"version-history":[{"count":0,"href":"https:\/\/www.shoptok.com\/sl\/wp-json\/wp\/v2\/pages\/1340\/revisions"}],"wp:attachment":[{"href":"https:\/\/www.shoptok.com\/sl\/wp-json\/wp\/v2\/media?parent=1340"}],"curies":[{"name":"wp","href":"https:\/\/api.w.org\/{rel}","templated":true}]}}