{"id":1341,"date":"2024-02-21T10:32:58","date_gmt":"2024-02-21T10:32:58","guid":{"rendered":"https:\/\/www.shoptok.com\/production\/"},"modified":"2024-08-14T07:55:37","modified_gmt":"2024-08-14T07:55:37","slug":"izdelava-spletne-strani","status":"publish","type":"page","link":"https:\/\/www.shoptok.com\/sl\/izdelava-spletne-strani\/","title":{"rendered":"Izdelava spletne strani"},"content":{"rendered":"<div class=\"wpb-content-wrapper\"><p>[vc_row full_width=&#8221;stretch_row_content_no_spaces&#8221; el_class=&#8221;sp-page-title&#8221;][vc_column]\n\n\n\n\n\n\t\t\n                                    <div class=\"title-banner\" style=\"background-image: linear-gradient(rgba(0, 0, 0, 0.0),rgba(0, 0, 0, 0.0)),url();\">\n                            <video  autoplay loop muted playsinline>\n                <source src=\"https:\/\/www.shoptok.com\/wp-content\/uploads\/2024\/06\/novisplet-com-agencija-za-spletne-storitve-2.mp4\" type=\"video\/mp4\">\n                Your browser does not support the video tag.\n                <\/video>\n\n                <div class=\"container\">\n\n                    <div>\n                        <h2 class=\"entry-subtitle\"><\/h2>\n                        <h1 class=\"entry-title\">Izdelava spletne strani<\/h1>\n                    <\/div>\n                    <div>\n                                                                                            <\/div>\n                <\/div>\n            <\/div>\n        \n\t\t[\/vc_column][\/vc_row][vc_row el_class=&#8221;avtorji sp-row&#8221;][vc_column][vc_column_text css=&#8221;&#8221;]<\/p>\n<h2>Razvoj spletne strani<\/h2>\n<p>Pri vzpostavitvi spletne strani je<strong> digitalna agencija <span style=\"color: #f56702;\">noviSplet<\/span> <\/strong> poskrbela za:<\/p>\n<ul>\n<li>tehni\u010dno izvedbo,<\/li>\n<li>izvedbo celotnega projekta.<\/li>\n<\/ul>\n<p><a href=\"https:\/\/www.novisplet.com\/izdelava-spletnih-strani\" target=\"_blank\" rel=\"noopener\">Izdelava spletnih strani<\/a> je glavna dejavnost digitalne agencije noviSplet, ki s celovitimi spletnimi re\u0161itvami pove\u010duje spletno prodajo in ugled podjetij.<\/p>\n<p>Ve\u010d preberite na <a href=\"https:\/\/www.novisplet.com\" target=\"_blank\" rel=\"noopener\"><strong>www.novisplet.com<\/strong><\/a><\/p>\n<h2>Ustvarjanje vsebine spletne strani in oblikovanje spletne strani<\/h2>\n<p>Besedila in slikovno gradivo na spletni strani je pripravilo podjetje <strong>WETEH d.o.o.<\/strong>.[\/vc_column_text][\/vc_column][\/vc_row]<\/p>\n<\/div>","protected":false},"excerpt":{"rendered":"<p>[vc_row full_width=&#8221;stretch_row_content_no_spaces&#8221; el_class=&#8221;sp-page-title&#8221;][vc_column][\/vc_column][\/vc_row][vc_row el_class=&#8221;avtorji sp-row&#8221;][vc_column][vc_column_text css=&#8221;&#8221;] Razvoj spletne strani Pri vzpostavitvi spletne strani je digitalna agencija noviSplet poskrbela za: tehni\u010dno izvedbo, izvedbo celotnega projekta. Izdelava spletnih strani je glavna dejavnost digitalne agencije noviSplet, ki s celovitimi spletnimi re\u0161itvami pove\u010duje spletno prodajo in ugled podjetij. Ve\u010d preberite na www.novisplet.com Ustvarjanje vsebine spletne strani in oblikovanje spletne strani Besedila in slikovno gradivo na spletni strani je pripravilo podjetje WETEH d.o.o..[\/vc_column_text][\/vc_column][\/vc_row]<\/p>\n","protected":false},"author":1,"featured_media":0,"parent":0,"menu_order":10,"comment_status":"closed","ping_status":"closed","template":"","meta":{"footnotes":""},"class_list":["post-1341","page","type-page","status-publish","hentry"],"yoast_head":"<!-- This site is optimized with the Yoast SEO plugin v21.3 - https:\/\/yoast.com\/wordpress\/plugins\/seo\/ -->\n<title>Izdelava spletne strani - Eponuda &amp; Shoptok<\/title>\n<meta name=\"description\" content=\"Razvoj spletne strani Pri vzpostavitvi spletne strani je digitalna agencija noviSplet poskrbela za: tehni\u010dno izvedbo, izvedbo celotnega projekta. Izdelava spletnih strani je glavna dejavnost digitalne agencije noviSplet, ki s celovitimi\" \/>\n<meta name=\"robots\" content=\"index, follow, max-snippet:-1, max-image-preview:large, max-video-preview:-1\" \/>\n<link rel=\"canonical\" href=\"https:\/\/www.shoptok.com\/sl\/izdelava-spletne-strani\/\" \/>\n<meta property=\"og:locale\" content=\"sl_SI\" \/>\n<meta property=\"og:type\" content=\"article\" \/>\n<meta property=\"og:title\" content=\"Izdelava spletne strani - Eponuda &amp; Shoptok\" \/>\n<meta property=\"og:description\" content=\"[vc_row full_width=&#8221;stretch_row_content_no_spaces&#8221; el_class=&#8221;sp-page-title&#8221;][vc_column][\/vc_column][\/vc_row][vc_row el_class=&#8221;avtorji sp-row&#8221;][vc_column][vc_column_text css=&#8221;&#8221;] Razvoj spletne strani Pri vzpostavitvi spletne strani je digitalna agencija noviSplet poskrbela za: tehni\u010dno izvedbo, izvedbo celotnega projekta. Izdelava spletnih strani je glavna dejavnost digitalne agencije noviSplet, ki s celovitimi spletnimi re\u0161itvami pove\u010duje spletno prodajo in ugled podjetij. Ve\u010d preberite na www.novisplet.com Ustvarjanje vsebine spletne strani in oblikovanje spletne strani Besedila in slikovno gradivo na spletni strani je pripravilo podjetje WETEH d.o.o..[\/vc_column_text][\/vc_column][\/vc_row]\" \/>\n<meta property=\"og:url\" content=\"https:\/\/www.shoptok.com\/sl\/izdelava-spletne-strani\/\" \/>\n<meta property=\"og:site_name\" content=\"Eponuda &amp; Shoptok\" \/>\n<meta property=\"article:modified_time\" content=\"2024-08-14T07:55:37+00:00\" \/>\n<meta name=\"twitter:card\" content=\"summary_large_image\" \/>\n<meta name=\"twitter:label1\" content=\"Est. reading time\" \/>\n\t<meta name=\"twitter:data1\" content=\"1 minuta\" \/>\n<script type=\"application\/ld+json\" class=\"yoast-schema-graph\">{\"@context\":\"https:\/\/schema.org\",\"@graph\":[{\"@type\":\"WebPage\",\"@id\":\"https:\/\/www.shoptok.com\/sl\/izdelava-spletne-strani\/\",\"url\":\"https:\/\/www.shoptok.com\/sl\/izdelava-spletne-strani\/\",\"name\":\"Izdelava spletne strani - Eponuda &amp; Shoptok\",\"isPartOf\":{\"@id\":\"https:\/\/www.shoptok.com\/#website\"},\"datePublished\":\"2024-02-21T10:32:58+00:00\",\"dateModified\":\"2024-08-14T07:55:37+00:00\",\"inLanguage\":\"sl-SI\",\"potentialAction\":[{\"@type\":\"ReadAction\",\"target\":[\"https:\/\/www.shoptok.com\/sl\/izdelava-spletne-strani\/\"]}]},{\"@type\":\"WebSite\",\"@id\":\"https:\/\/www.shoptok.com\/#website\",\"url\":\"https:\/\/www.shoptok.com\/\",\"name\":\"Eponuda &amp; Shoptok\",\"description\":\"\",\"potentialAction\":[{\"@type\":\"SearchAction\",\"target\":{\"@type\":\"EntryPoint\",\"urlTemplate\":\"https:\/\/www.shoptok.com\/?s={search_term_string}\"},\"query-input\":\"required name=search_term_string\"}],\"inLanguage\":\"sl-SI\"}]}<\/script>\n<!-- \/ Yoast SEO plugin. -->","yoast_head_json":{"title":"Izdelava spletne strani - Eponuda &amp; Shoptok","description":"Razvoj spletne strani Pri vzpostavitvi spletne strani je digitalna agencija noviSplet poskrbela za: tehni\u010dno izvedbo, izvedbo celotnega projekta. Izdelava spletnih strani je glavna dejavnost digitalne agencije noviSplet, ki s celovitimi","robots":{"index":"index","follow":"follow","max-snippet":"max-snippet:-1","max-image-preview":"max-image-preview:large","max-video-preview":"max-video-preview:-1"},"canonical":"https:\/\/www.shoptok.com\/sl\/izdelava-spletne-strani\/","og_locale":"sl_SI","og_type":"article","og_title":"Izdelava spletne strani - Eponuda &amp; Shoptok","og_description":"[vc_row full_width=&#8221;stretch_row_content_no_spaces&#8221; el_class=&#8221;sp-page-title&#8221;][vc_column][\/vc_column][\/vc_row][vc_row el_class=&#8221;avtorji sp-row&#8221;][vc_column][vc_column_text css=&#8221;&#8221;] Razvoj spletne strani Pri vzpostavitvi spletne strani je digitalna agencija noviSplet poskrbela za: tehni\u010dno izvedbo, izvedbo celotnega projekta. Izdelava spletnih strani je glavna dejavnost digitalne agencije noviSplet, ki s celovitimi spletnimi re\u0161itvami pove\u010duje spletno prodajo in ugled podjetij. Ve\u010d preberite na www.novisplet.com Ustvarjanje vsebine spletne strani in oblikovanje spletne strani Besedila in slikovno gradivo na spletni strani je pripravilo podjetje WETEH d.o.o..[\/vc_column_text][\/vc_column][\/vc_row]","og_url":"https:\/\/www.shoptok.com\/sl\/izdelava-spletne-strani\/","og_site_name":"Eponuda &amp; Shoptok","article_modified_time":"2024-08-14T07:55:37+00:00","twitter_card":"summary_large_image","twitter_misc":{"Est. reading time":"1 minuta"},"schema":{"@context":"https:\/\/schema.org","@graph":[{"@type":"WebPage","@id":"https:\/\/www.shoptok.com\/sl\/izdelava-spletne-strani\/","url":"https:\/\/www.shoptok.com\/sl\/izdelava-spletne-strani\/","name":"Izdelava spletne strani - Eponuda &amp; Shoptok","isPartOf":{"@id":"https:\/\/www.shoptok.com\/#website"},"datePublished":"2024-02-21T10:32:58+00:00","dateModified":"2024-08-14T07:55:37+00:00","inLanguage":"sl-SI","potentialAction":[{"@type":"ReadAction","target":["https:\/\/www.shoptok.com\/sl\/izdelava-spletne-strani\/"]}]},{"@type":"WebSite","@id":"https:\/\/www.shoptok.com\/#website","url":"https:\/\/www.shoptok.com\/","name":"Eponuda &amp; Shoptok","description":"","potentialAction":[{"@type":"SearchAction","target":{"@type":"EntryPoint","urlTemplate":"https:\/\/www.shoptok.com\/?s={search_term_string}"},"query-input":"required name=search_term_string"}],"inLanguage":"sl-SI"}]}},"_links":{"self":[{"href":"https:\/\/www.shoptok.com\/sl\/wp-json\/wp\/v2\/pages\/1341","targetHints":{"allow":["GET"]}}],"collection":[{"href":"https:\/\/www.shoptok.com\/sl\/wp-json\/wp\/v2\/pages"}],"about":[{"href":"https:\/\/www.shoptok.com\/sl\/wp-json\/wp\/v2\/types\/page"}],"author":[{"embeddable":true,"href":"https:\/\/www.shoptok.com\/sl\/wp-json\/wp\/v2\/users\/1"}],"replies":[{"embeddable":true,"href":"https:\/\/www.shoptok.com\/sl\/wp-json\/wp\/v2\/comments?post=1341"}],"version-history":[{"count":0,"href":"https:\/\/www.shoptok.com\/sl\/wp-json\/wp\/v2\/pages\/1341\/revisions"}],"wp:attachment":[{"href":"https:\/\/www.shoptok.com\/sl\/wp-json\/wp\/v2\/media?parent=1341"}],"curies":[{"name":"wp","href":"https:\/\/api.w.org\/{rel}","templated":true}]}}