{"id":1343,"date":"2024-02-21T10:21:48","date_gmt":"2024-02-21T10:21:48","guid":{"rendered":"https:\/\/www.shoptok.com\/about-us\/"},"modified":"2024-10-03T11:09:02","modified_gmt":"2024-10-03T11:09:02","slug":"o-nas","status":"publish","type":"page","link":"https:\/\/www.shoptok.com\/sl\/o-nas\/","title":{"rendered":"O nas"},"content":{"rendered":"<div class=\"wpb-content-wrapper\"><p>[vc_row full_width=&#8221;stretch_row_content_no_spaces&#8221; el_class=&#8221;sp-page-title&#8221;][vc_column]\n\n\n\n\n\n\t\t\n                                    <div class=\"title-banner\" style=\"background-image: linear-gradient(rgba(0, 0, 0, 0.0),rgba(0, 0, 0, 0.0)),url();\">\n                            <video  autoplay loop muted playsinline>\n                <source src=\"https:\/\/www.shoptok.com\/wp-content\/uploads\/2024\/07\/video-about-1080p.mp4\" type=\"video\/mp4\">\n                Your browser does not support the video tag.\n                <\/video>\n\n                <div class=\"container\">\n\n                    <div>\n                        <h2 class=\"entry-subtitle\">O NAS<\/h2>\n                        <h1 class=\"entry-title\">Na\u0161e poslanstvo je pomagati strankam pri sprejemanju pametnih nakupnih odlo\u010ditev<\/h1>\n                    <\/div>\n                    <div>\n                                                                                            <\/div>\n                <\/div>\n            <\/div>\n        \n\t\t[\/vc_column][\/vc_row][vc_row el_class=&#8221;sp-row&#8221;][vc_column width=&#8221;1\/2&#8243; el_class=&#8221;c1&#8243;][vc_column_text css=&#8221;&#8221;]<\/p>\n<h2>O platformah Shoptok in Eponuda<\/h2>\n<p>Shoptok je vrhunska platforma za pametno nakupovanje. Povezujemo potro\u0161nike in trgovce ter zagotavljamo najpomembnej\u0161e informacije, ki so potrebne za sprejemanje premi\u0161ljenih nakupnih odlo\u010ditev. Osredoto\u010damo se na preglednost in jasno tr\u017eno ponudbo, vklju\u010dno s ceno, razpolo\u017eljivostjo, zadovoljstvom, pla\u010dilom, jamstvom, referencami, socialno usmerjenostjo in dostavo.[\/vc_column_text][\/vc_column][vc_column width=&#8221;1\/2&#8243; el_class=&#8221;c2&#8243;][vc_single_image image=&#8221;467&#8243;][\/vc_column][\/vc_row][vc_row el_class=&#8221;sp-row sp-row-reversed&#8221;][vc_column width=&#8221;1\/2&#8243; el_class=&#8221;c1&#8243;]    \r\n    <div class=\"wpb_raw_code wpb_content_element wpb_raw_html  mb-0 \">\r\n      <div class=\"wpb_wrapper\">\r\n      \r\n      <svg width=\"559\" height=\"350\" viewBox=\"0 0 559 350\" fill=\"none\" xmlns=\"http:\/\/www.w3.org\/2000\/svg\">\n<rect width=\"558.5\" height=\"350\" rx=\"20\" fill=\"#E4EFFF\"\/>\n<g clip-path=\"url(#clip0_2862_2060)\">\n<path d=\"M177.77 87.8443H425.464C437.03 87.8443 446.406 97.2203 446.406 108.787V272.639H156.829V108.76C156.829 97.1936 166.204 87.8176 177.77 87.8176V87.8443Z\" fill=\"#A5C1FF\"\/>\n<path d=\"M149.643 272.639H453.618C458.239 272.639 461.978 276.378 461.978 281C461.978 289.841 454.82 297 445.978 297H157.256C148.414 297 141.256 289.841 141.256 281C141.256 276.378 144.995 272.639 149.616 272.639H149.643Z\" fill=\"#759AFF\"\/>\n<path d=\"M421.511 103.498H181.697C176.725 103.498 172.695 107.528 172.695 112.5V248.758C172.695 253.73 176.725 257.76 181.697 257.76H421.511C426.482 257.76 430.512 253.73 430.512 248.758V112.5C430.512 107.528 426.482 103.498 421.511 103.498Z\" fill=\"#E1ECFB\"\/>\n<path d=\"M328.315 107.905H317.31V69.2526H352.595C354.438 69.2526 355.961 70.7485 355.961 72.6183V80.2847C355.961 95.5373 343.594 107.905 328.341 107.905H328.315Z\" fill=\"#759DFF\"\/>\n<path d=\"M328.315 159.353H317.31V120.7H352.595C354.438 120.7 355.961 122.196 355.961 124.066V131.732C355.961 146.985 343.594 159.353 328.341 159.353H328.315Z\" fill=\"#759DFF\"\/>\n<path d=\"M328.315 210.773H317.31V172.121H352.595C354.438 172.121 355.961 173.617 355.961 175.487V183.153C355.961 198.406 343.594 210.773 328.341 210.773H328.315Z\" fill=\"#759DFF\"\/>\n<path d=\"M250.665 69.2793H285.951V107.932H274.946C259.693 107.932 247.326 95.564 247.326 80.3114V72.645C247.326 70.8019 248.822 69.2793 250.692 69.2793H250.665Z\" fill=\"#759DFF\"\/>\n<path d=\"M250.665 120.7H285.951V159.353H274.946C259.693 159.353 247.326 146.985 247.326 131.732V124.066C247.326 122.223 248.822 120.7 250.692 120.7H250.665Z\" fill=\"#759DFF\"\/>\n<path d=\"M250.665 172.121H285.951V210.773H274.946C259.693 210.773 247.326 198.406 247.326 183.153V175.487C247.326 173.643 248.822 172.121 250.692 172.121H250.665Z\" fill=\"#759DFF\"\/>\n<path d=\"M322.545 209.758H280.368V257.76H322.545V209.758Z\" fill=\"#759BFF\"\/>\n<path d=\"M324.922 54H277.991C271.175 54 265.65 59.5252 265.65 66.341V211.067C265.65 217.883 271.175 223.408 277.991 223.408H324.922C331.738 223.408 337.263 217.883 337.263 211.067V66.341C337.263 59.5252 331.738 54 324.922 54Z\" fill=\"#A6C2FF\"\/>\n<path d=\"M301.443 109.401C313.599 109.401 323.453 99.5464 323.453 87.3902C323.453 75.234 313.599 65.3794 301.443 65.3794C289.287 65.3794 279.433 75.234 279.433 87.3902C279.433 99.5464 289.287 109.401 301.443 109.401Z\" fill=\"#3E61FF\"\/>\n<path d=\"M301.443 161.436C313.599 161.436 323.453 151.582 323.453 139.425C323.453 127.269 313.599 117.415 301.443 117.415C289.287 117.415 279.433 127.269 279.433 139.425C279.433 151.582 289.287 161.436 301.443 161.436Z\" fill=\"#759DFF\"\/>\n<path d=\"M301.443 213.471C313.599 213.471 323.453 203.617 323.453 191.46C323.453 179.304 313.599 169.45 301.443 169.45C289.287 169.45 279.433 179.304 279.433 191.46C279.433 203.617 289.287 213.471 301.443 213.471Z\" fill=\"#CFDFFF\"\/>\n<path d=\"M506.479 140.013H386.278C381.587 140.013 377.784 143.816 377.784 148.507V232.544C377.784 237.235 381.587 241.038 386.278 241.038H506.479C511.17 241.038 514.973 237.235 514.973 232.544V148.507C514.973 143.816 511.17 140.013 506.479 140.013Z\" fill=\"#CFDFFF\"\/>\n<path d=\"M207.446 118.91H95.7398C91.0486 118.91 87.2456 122.713 87.2456 127.405V205.164C87.2456 209.855 91.0486 213.658 95.7398 213.658H207.446C212.138 213.658 215.941 209.855 215.941 205.164V127.405C215.941 122.713 212.138 118.91 207.446 118.91Z\" fill=\"#A8C4FF\"\/>\n<path d=\"M389.003 149.095H476.456\" stroke=\"#A5C1FF\" stroke-width=\"2.3\" stroke-miterlimit=\"10\" stroke-linecap=\"round\"\/>\n<path d=\"M505.544 151.873C507.123 151.873 508.402 150.593 508.402 149.015C508.402 147.436 507.123 146.157 505.544 146.157C503.966 146.157 502.686 147.436 502.686 149.015C502.686 150.593 503.966 151.873 505.544 151.873Z\" fill=\"#A5C1FF\"\/>\n<path d=\"M496.463 151.873C498.041 151.873 499.321 150.593 499.321 149.015C499.321 147.436 498.041 146.157 496.463 146.157C494.884 146.157 493.604 147.436 493.604 149.015C493.604 150.593 494.884 151.873 496.463 151.873Z\" fill=\"#A5C1FF\"\/>\n<path d=\"M487.407 151.953C488.986 151.953 490.266 150.674 490.266 149.095C490.266 147.516 488.986 146.237 487.407 146.237C485.829 146.237 484.549 147.516 484.549 149.095C484.549 150.674 485.829 151.953 487.407 151.953Z\" fill=\"#A5C1FF\"\/>\n<path d=\"M96.3809 128.473H178.011\" stroke=\"#E1ECFB\" stroke-width=\"2.34\" stroke-miterlimit=\"10\" stroke-linecap=\"round\"\/>\n<path d=\"M207.099 131.251C208.678 131.251 209.957 129.972 209.957 128.393C209.957 126.815 208.678 125.535 207.099 125.535C205.521 125.535 204.241 126.815 204.241 128.393C204.241 129.972 205.521 131.251 207.099 131.251Z\" fill=\"#E1ECFB\"\/>\n<path d=\"M198.017 131.251C199.596 131.251 200.875 129.972 200.875 128.393C200.875 126.815 199.596 125.535 198.017 125.535C196.439 125.535 195.159 126.815 195.159 128.393C195.159 129.972 196.439 131.251 198.017 131.251Z\" fill=\"#E1ECFB\"\/>\n<path d=\"M188.962 131.332C190.541 131.332 191.82 130.052 191.82 128.473C191.82 126.895 190.541 125.615 188.962 125.615C187.384 125.615 186.104 126.895 186.104 128.473C186.104 130.052 187.384 131.332 188.962 131.332Z\" fill=\"#E1ECFB\"\/>\n<path d=\"M410.212 193.037H390.018C388.985 193.037 388.148 193.874 388.148 194.906V228.243C388.148 229.276 388.985 230.113 390.018 230.113H410.212C411.244 230.113 412.082 229.276 412.082 228.243V194.906C412.082 193.874 411.244 193.037 410.212 193.037Z\" fill=\"#A5C1FF\"\/>\n<path d=\"M441.357 180.241H421.163C420.131 180.241 419.293 181.079 419.293 182.111V228.243C419.293 229.276 420.131 230.113 421.163 230.113H441.357C442.39 230.113 443.227 229.276 443.227 228.243V182.111C443.227 181.079 442.39 180.241 441.357 180.241Z\" fill=\"#A5C1FF\"\/>\n<path d=\"M472.502 172.121H452.309C451.276 172.121 450.439 172.958 450.439 173.991V228.216C450.439 229.249 451.276 230.086 452.309 230.086H472.502C473.535 230.086 474.372 229.249 474.372 228.216V173.991C474.372 172.958 473.535 172.121 472.502 172.121Z\" fill=\"#A5C1FF\"\/>\n<path d=\"M503.647 163.76H483.454C482.421 163.76 481.584 164.597 481.584 165.63V228.216C481.584 229.249 482.421 230.086 483.454 230.086H503.647C504.68 230.086 505.517 229.249 505.517 228.216V165.63C505.517 164.597 504.68 163.76 503.647 163.76Z\" fill=\"#A5C1FF\"\/>\n<path d=\"M176.702 152.755H195.159L159.152 186.439L135.273 165.122L99.6931 202.813\" stroke=\"#E1ECFB\" stroke-width=\"2.34\" stroke-linecap=\"round\" stroke-linejoin=\"round\"\/>\n<path d=\"M195.159 152.755V172.121\" stroke=\"#E1ECFB\" stroke-width=\"2.34\" stroke-linecap=\"round\" stroke-linejoin=\"round\"\/>\n<path d=\"M128.621 182.325H52.4942C47.803 182.325 44 186.128 44 190.819V242.374C44 247.065 47.803 250.868 52.4942 250.868H128.621C133.313 250.868 137.116 247.065 137.116 242.374V190.819C137.116 186.128 133.313 182.325 128.621 182.325Z\" fill=\"#CFDFFF\"\/>\n<path d=\"M51.666 190.178H99.6929\" stroke=\"#A5C1FF\" stroke-width=\"2.3\" stroke-miterlimit=\"10\" stroke-linecap=\"round\"\/>\n<path d=\"M128.782 192.956C130.36 192.956 131.64 191.677 131.64 190.098C131.64 188.52 130.36 187.24 128.782 187.24C127.203 187.24 125.924 188.52 125.924 190.098C125.924 191.677 127.203 192.956 128.782 192.956Z\" fill=\"#A5C1FF\"\/>\n<path d=\"M119.727 192.956C121.305 192.956 122.585 191.677 122.585 190.098C122.585 188.52 121.305 187.24 119.727 187.24C118.148 187.24 116.868 188.52 116.868 190.098C116.868 191.677 118.148 192.956 119.727 192.956Z\" fill=\"#A5C1FF\"\/>\n<path d=\"M110.645 193.036C112.223 193.036 113.503 191.757 113.503 190.178C113.503 188.6 112.223 187.32 110.645 187.32C109.066 187.32 107.787 188.6 107.787 190.178C107.787 191.757 109.066 193.036 110.645 193.036Z\" fill=\"#A5C1FF\"\/>\n<path d=\"M83.2657 223.916C80.1672 221.378 78.3775 217.291 79.072 212.83C79.8733 207.621 84.1739 203.534 89.3826 202.92C96.5946 202.092 102.711 207.701 102.711 214.727C102.711 218.253 101.189 221.405 98.7582 223.568L108.668 235.749C109.416 236.657 108.775 238.046 107.573 238.046H73.4626C72.2339 238.046 71.5928 236.577 72.4209 235.696L83.2123 223.916H83.2657Z\" fill=\"#A8C4FF\"\/>\n<\/g>\n<defs>\n<clipPath id=\"clip0_2862_2060\">\n<rect width=\"471\" height=\"243\" fill=\"white\" transform=\"translate(44 54)\"\/>\n<\/clipPath>\n<\/defs>\n<\/svg>\n                <span>\r\n                      <\/span>\r\n    \r\n                  <\/div>\r\n    <\/div>\r\n\r\n    [\/vc_column][vc_column width=&#8221;1\/2&#8243; el_class=&#8221;c2&#8243;][vc_column_text css=&#8221;&#8221;]<\/p>\n<h2>Trgovcem ponujamo dve klju\u010dni vrednosti:<\/h2>\n<p>[\/vc_column_text][vc_row_inner][vc_column_inner width=&#8221;1\/2&#8243;]    \r\n    <div class=\"wpb_raw_code wpb_content_element wpb_raw_html  wpb_text_and_svg \">\r\n      <div class=\"wpb_wrapper\">\r\n      \r\n      <svg width=\"25\" height=\"25\" viewBox=\"0 0 25 25\" fill=\"none\" xmlns=\"http:\/\/www.w3.org\/2000\/svg\">\n<path d=\"M9.7998 6.69995C10.5819 7.27656 11.5281 7.58764 12.4998 7.58764C13.4715 7.58764 14.4177 7.27656 15.1998 6.69995\" stroke=\"#00002D\" stroke-width=\"2\" stroke-linecap=\"round\" stroke-linejoin=\"round\"\/>\n<path d=\"M8.3999 11.2C9.2999 12 10.7999 12.5 12.4999 12.5C14.1999 12.5 15.6999 12 16.5999 11.2\" stroke=\"#00002D\" stroke-width=\"2\" stroke-linecap=\"round\" stroke-linejoin=\"round\"\/>\n<path d=\"M14.4 4.00008C14.333 3.55133 14.11 3.14055 13.7702 2.83987C13.4304 2.53918 12.9955 2.36783 12.542 2.35589C12.0884 2.34396 11.6451 2.4922 11.29 2.7746C10.9348 3.05699 10.6905 3.45548 10.6 3.90008L7.6 13.9001C7.5 14.1001 7.5 14.3001 7.5 14.5001C7.5 16.2001 9.7 17.5001 12.5 17.5001C15.3 17.5001 17.5 16.2001 17.5 14.5001C17.5 14.3001 17.5 14.1001 17.4 14.0001L14.4 4.00008Z\" stroke=\"#00002D\" stroke-width=\"2\" stroke-linecap=\"round\" stroke-linejoin=\"round\"\/>\n<path d=\"M8 12.7001L3.3 15.4001C2.8 15.7001 2.5 16.1001 2.5 16.5001C2.5 16.9001 2.8 17.3001 3.3 17.6001L10.9 22.1001C11.8 22.6001 13 22.6001 13.9 22.1001L21.5 17.6001C22.2 17.3001 22.5 16.9001 22.5 16.5001C22.5 16.1001 22.2 15.7001 21.7 15.4001L17 12.6001\" stroke=\"#00002D\" stroke-width=\"2\" stroke-linecap=\"round\" stroke-linejoin=\"round\"\/>\n<\/svg>\n                <span>\r\n            S ciljno usmerjenim ogla\u0161evanjem in edinstveno vsebino izdelkov zagotavljamo neposreden in visoko u\u010dinkovit promet na strani z izdelki.          <\/span>\r\n    \r\n                  <\/div>\r\n    <\/div>\r\n\r\n    [\/vc_column_inner][vc_column_inner width=&#8221;1\/2&#8243;]    \r\n    <div class=\"wpb_raw_code wpb_content_element wpb_raw_html  wpb_text_and_svg \">\r\n      <div class=\"wpb_wrapper\">\r\n      \r\n      <svg width=\"25\" height=\"25\" viewBox=\"0 0 25 25\" fill=\"none\" xmlns=\"http:\/\/www.w3.org\/2000\/svg\">\n<path d=\"M3.5 3.5V21.5H21.5\" stroke=\"#00002D\" stroke-width=\"2\" stroke-linecap=\"round\" stroke-linejoin=\"round\"\/>\n<path d=\"M10.5 10.5H8.5C7.94772 10.5 7.5 10.9477 7.5 11.5V16.5C7.5 17.0523 7.94772 17.5 8.5 17.5H10.5C11.0523 17.5 11.5 17.0523 11.5 16.5V11.5C11.5 10.9477 11.0523 10.5 10.5 10.5Z\" stroke=\"#00002D\" stroke-width=\"2\" stroke-linecap=\"round\" stroke-linejoin=\"round\"\/>\n<path d=\"M18.5 5.5H16.5C15.9477 5.5 15.5 5.94772 15.5 6.5V16.5C15.5 17.0523 15.9477 17.5 16.5 17.5H18.5C19.0523 17.5 19.5 17.0523 19.5 16.5V6.5C19.5 5.94772 19.0523 5.5 18.5 5.5Z\" stroke=\"#00002D\" stroke-width=\"2\" stroke-linecap=\"round\" stroke-linejoin=\"round\"\/>\n<\/svg>\n                <span>\r\n            Na\u0161e orodje za tr\u017ene informacije omogo\u010da u\u010dinkovito upravljanje kategorij in cen z vpogledi, ki temeljijo na internih podatkih o povpra\u0161evanju po izdelkih\/kategorijah na platformi.          <\/span>\r\n    \r\n                  <\/div>\r\n    <\/div>\r\n\r\n    [\/vc_column_inner][\/vc_row_inner][\/vc_column][\/vc_row][vc_row el_class=&#8221;sp-row sp-row-4t&#8221;][vc_column width=&#8221;1\/2&#8243; el_class=&#8221;c1&#8243;][vc_column_text css=&#8221;&#8221;]<\/p>\n<h2>Na\u0161 model miselnosti 4T<\/h2>\n<p>Na\u0161 model 4T je temelj na\u0161e filozofije, ki usmerja na\u0161e poslanstvo kot pametne nakupovalne platforme. Gre za skladen okvir, ki odra\u017ea na\u0161e temeljne vrednote v vseh vidikih na\u0161ega dela. Z usklajevanjem tehnologije, preglednosti, prometa in zaupanja zagotavljamo celovit pristop, ki je bistven za spodbujanje inovacij. Ta model ni osredoto\u010den le na posamezne elemente, temve\u010d na sinergijo, ki jo skupaj ustvarjajo in tako oblikujejo bistvo zaupanja vredne, uporabni\u0161ko usmerjene ter v prihodnost usmerjene nakupovalne izku\u0161nje.[\/vc_column_text]\t\t\n\t\t<a href=\"https:\/\/www.shoptok.com\/sl\/kontakt\/\" target=\"\" class=\"btn  btn-secondary btn-lg \" id=\"\">Kontakt<\/a>\n\n\t\t[vc_empty_space][\/vc_column][vc_column width=&#8221;1\/2&#8243; el_class=&#8221;vc_tta-o-non-responsive c2&#8243;][vc_tta_tabs active_section=&#8221;1&#8243; el_class=&#8221;four-tabs&#8221;][vc_tta_section title=&#8221;Zaupanje (Trust)&#8221; tab_id=&#8221;1719211196703-dd72204b-2f3d&#8221;][vc_column_text css=&#8221;&#8221; el_class=&#8221;mb-0&#8243;]<\/p>\n<p class=\"p1\"><strong>Zaupanje<\/strong> (Trust) \u2013 verjamemo, da je zaupanje glavno gonilo vsakega odnosa in pomemben vir vrednosti. Na njem temelji na\u0161 pogled na nakupovanje, ponudbo in odnos do blagovnih znamk in trgovcev.<\/p>\n<p>[\/vc_column_text][\/vc_tta_section][vc_tta_section title=&#8221;Preglednost (Transparency)&#8221; tab_id=&#8221;1719211207944-49e795df-c598&#8243;][vc_column_text css=&#8221;&#8221; el_class=&#8221;mb-0&#8243;]<\/p>\n<p class=\"p1\"><strong>Preglednost<\/strong> (Transparency) \u2013 je klju\u010dna sestavina zaupanja; najdemo jo v predstavitvi izdelkov in storitev, v komunikaciji, v vsem, kar po\u010dnemo pri prodaji.<\/p>\n<p>[\/vc_column_text][\/vc_tta_section][vc_tta_section title=&#8221;Tehnologija (Technology)&#8221; tab_id=&#8221;1719211207328-adcfef31-6dd1&#8243;][vc_column_text css=&#8221;&#8221; el_class=&#8221;mb-0&#8243;]<\/p>\n<p class=\"p1\"><strong>Tehnologija<\/strong> (Technology) \u2013 je gonilo na\u0161e rasti, omogo\u010da nam drzne sanje in dose\u017eke, zagotavlja udobje in bogati vse vrste interakcij v procesu.<\/p>\n<p>[\/vc_column_text][\/vc_tta_section][vc_tta_section title=&#8221;Promet (Traffic)&#8221; tab_id=&#8221;1719211207150-59e959ce-83ad&#8221;][vc_column_text css=&#8221;&#8221; el_class=&#8221;mb-0&#8243;]<\/p>\n<p class=\"p1\"><strong>Promet<\/strong> (Traffic) \u2013 se vrti okoli interakcije, ki je osnova \u010dlove\u0161kega obstoja, skozi katerega i\u0161\u010demo, najdemo, razumemo, uporabljamo, do\u017eivljamo, pomnimo.<\/p>\n<p>[\/vc_column_text][\/vc_tta_section][\/vc_tta_tabs][\/vc_column][\/vc_row][vc_row][vc_column][vc_row full_width=\"stretch_row\" el_class=\"map-row\"][vc_column][vc_column_text css=\"\"]\r\n<h3>Vodilna primerjalna platforma v Adriatic regiji<\/h3>\r\n[\/vc_column_text][\/vc_column][\/vc_row][\/vc_column][\/vc_row]<\/p>\n<\/div>","protected":false},"excerpt":{"rendered":"<p>[vc_row full_width=&#8221;stretch_row_content_no_spaces&#8221; el_class=&#8221;sp-page-title&#8221;][vc_column][\/vc_column][\/vc_row][vc_row el_class=&#8221;sp-row&#8221;][vc_column width=&#8221;1\/2&#8243; el_class=&#8221;c1&#8243;][vc_column_text css=&#8221;&#8221;] O platformah Shoptok in Eponuda Shoptok je vrhunska platforma za pametno nakupovanje. Povezujemo potro\u0161nike in trgovce ter zagotavljamo najpomembnej\u0161e informacije, ki so potrebne za sprejemanje premi\u0161ljenih nakupnih odlo\u010ditev. Osredoto\u010damo se na preglednost in jasno tr\u017eno ponudbo, vklju\u010dno s ceno, razpolo\u017eljivostjo, zadovoljstvom, pla\u010dilom, jamstvom, referencami, socialno usmerjenostjo in dostavo.[\/vc_column_text][\/vc_column][vc_column width=&#8221;1\/2&#8243; el_class=&#8221;c2&#8243;][vc_single_image image=&#8221;467&#8243;][\/vc_column][\/vc_row][vc_row el_class=&#8221;sp-row sp-row-reversed&#8221;][vc_column width=&#8221;1\/2&#8243; el_class=&#8221;c1&#8243;][\/vc_column][vc_column width=&#8221;1\/2&#8243; el_class=&#8221;c2&#8243;][vc_column_text css=&#8221;&#8221;] Trgovcem ponujamo dve klju\u010dni vrednosti: [\/vc_column_text][vc_row_inner][vc_column_inner width=&#8221;1\/2&#8243;][\/vc_column_inner][vc_column_inner width=&#8221;1\/2&#8243;][\/vc_column_inner][\/vc_row_inner][\/vc_column][\/vc_row][vc_row el_class=&#8221;sp-row sp-row-4t&#8221;][vc_column width=&#8221;1\/2&#8243; el_class=&#8221;c1&#8243;][vc_column_text css=&#8221;&#8221;] Na\u0161 model miselnosti 4T Na\u0161 model 4T je temelj na\u0161e filozofije, ki usmerja na\u0161e poslanstvo kot pametne nakupovalne platforme. Gre za skladen okvir, ki odra\u017ea na\u0161e temeljne vrednote v vseh vidikih na\u0161ega dela. Z usklajevanjem tehnologije, preglednosti, prometa in zaupanja zagotavljamo celovit [&hellip;]<\/p>\n","protected":false},"author":1,"featured_media":0,"parent":0,"menu_order":2,"comment_status":"closed","ping_status":"closed","template":"","meta":{"footnotes":""},"class_list":["post-1343","page","type-page","status-publish","hentry"],"yoast_head":"<!-- This site is optimized with the Yoast SEO plugin v21.3 - https:\/\/yoast.com\/wordpress\/plugins\/seo\/ -->\n<title>O nas - Eponuda &amp; Shoptok<\/title>\n<meta name=\"description\" content=\"Shoptok je vrhunska platforma za pametno nakupovanje. Povezujemo potro\u0161nike in trgovce ter zagotavljamo najpomembnej\u0161e informacije, ki so potrebne za sprejemanje premi\u0161ljenih nakupnih odlo\u010ditev. Osredoto\u010damo se na preglednost in jasno tr\u017eno ponudbo, vklju\u010dno s ceno, razpolo\u017eljivostjo, zadovoljstvom, pla\u010dilom, jamstvom, referencami, socialno usmerjenostjo in dostavo.\" \/>\n<meta name=\"robots\" content=\"index, follow, max-snippet:-1, max-image-preview:large, max-video-preview:-1\" \/>\n<link rel=\"canonical\" href=\"https:\/\/www.shoptok.com\/sl\/o-nas\/\" \/>\n<meta property=\"og:locale\" content=\"sl_SI\" \/>\n<meta property=\"og:type\" content=\"article\" \/>\n<meta property=\"og:title\" content=\"O nas - Eponuda &amp; Shoptok\" \/>\n<meta property=\"og:description\" content=\"Shoptok je vrhunska platforma za pametno nakupovanje. Povezujemo potro\u0161nike in trgovce ter zagotavljamo najpomembnej\u0161e informacije, ki so potrebne za sprejemanje premi\u0161ljenih nakupnih odlo\u010ditev. Osredoto\u010damo se na preglednost in jasno tr\u017eno ponudbo, vklju\u010dno s ceno, razpolo\u017eljivostjo, zadovoljstvom, pla\u010dilom, jamstvom, referencami, socialno usmerjenostjo in dostavo.\" \/>\n<meta property=\"og:url\" content=\"https:\/\/www.shoptok.com\/sl\/o-nas\/\" \/>\n<meta property=\"og:site_name\" content=\"Eponuda &amp; Shoptok\" \/>\n<meta property=\"article:modified_time\" content=\"2024-10-03T11:09:02+00:00\" \/>\n<meta name=\"twitter:card\" content=\"summary_large_image\" \/>\n<meta name=\"twitter:label1\" content=\"Est. reading time\" \/>\n\t<meta name=\"twitter:data1\" content=\"2 minuti\" \/>\n<script type=\"application\/ld+json\" class=\"yoast-schema-graph\">{\"@context\":\"https:\/\/schema.org\",\"@graph\":[{\"@type\":\"WebPage\",\"@id\":\"https:\/\/www.shoptok.com\/sl\/o-nas\/\",\"url\":\"https:\/\/www.shoptok.com\/sl\/o-nas\/\",\"name\":\"O nas - Eponuda &amp; Shoptok\",\"isPartOf\":{\"@id\":\"https:\/\/www.shoptok.com\/#website\"},\"datePublished\":\"2024-02-21T10:21:48+00:00\",\"dateModified\":\"2024-10-03T11:09:02+00:00\",\"description\":\"Shoptok je vrhunska platforma za pametno nakupovanje. Povezujemo potro\u0161nike in trgovce ter zagotavljamo najpomembnej\u0161e informacije, ki so potrebne za sprejemanje premi\u0161ljenih nakupnih odlo\u010ditev. Osredoto\u010damo se na preglednost in jasno tr\u017eno ponudbo, vklju\u010dno s ceno, razpolo\u017eljivostjo, zadovoljstvom, pla\u010dilom, jamstvom, referencami, socialno usmerjenostjo in dostavo.\",\"inLanguage\":\"sl-SI\",\"potentialAction\":[{\"@type\":\"ReadAction\",\"target\":[\"https:\/\/www.shoptok.com\/sl\/o-nas\/\"]}]},{\"@type\":\"WebSite\",\"@id\":\"https:\/\/www.shoptok.com\/#website\",\"url\":\"https:\/\/www.shoptok.com\/\",\"name\":\"Eponuda &amp; Shoptok\",\"description\":\"\",\"potentialAction\":[{\"@type\":\"SearchAction\",\"target\":{\"@type\":\"EntryPoint\",\"urlTemplate\":\"https:\/\/www.shoptok.com\/?s={search_term_string}\"},\"query-input\":\"required name=search_term_string\"}],\"inLanguage\":\"sl-SI\"}]}<\/script>\n<!-- \/ Yoast SEO plugin. -->","yoast_head_json":{"title":"O nas - Eponuda &amp; Shoptok","description":"Shoptok je vrhunska platforma za pametno nakupovanje. Povezujemo potro\u0161nike in trgovce ter zagotavljamo najpomembnej\u0161e informacije, ki so potrebne za sprejemanje premi\u0161ljenih nakupnih odlo\u010ditev. Osredoto\u010damo se na preglednost in jasno tr\u017eno ponudbo, vklju\u010dno s ceno, razpolo\u017eljivostjo, zadovoljstvom, pla\u010dilom, jamstvom, referencami, socialno usmerjenostjo in dostavo.","robots":{"index":"index","follow":"follow","max-snippet":"max-snippet:-1","max-image-preview":"max-image-preview:large","max-video-preview":"max-video-preview:-1"},"canonical":"https:\/\/www.shoptok.com\/sl\/o-nas\/","og_locale":"sl_SI","og_type":"article","og_title":"O nas - Eponuda &amp; Shoptok","og_description":"Shoptok je vrhunska platforma za pametno nakupovanje. Povezujemo potro\u0161nike in trgovce ter zagotavljamo najpomembnej\u0161e informacije, ki so potrebne za sprejemanje premi\u0161ljenih nakupnih odlo\u010ditev. Osredoto\u010damo se na preglednost in jasno tr\u017eno ponudbo, vklju\u010dno s ceno, razpolo\u017eljivostjo, zadovoljstvom, pla\u010dilom, jamstvom, referencami, socialno usmerjenostjo in dostavo.","og_url":"https:\/\/www.shoptok.com\/sl\/o-nas\/","og_site_name":"Eponuda &amp; Shoptok","article_modified_time":"2024-10-03T11:09:02+00:00","twitter_card":"summary_large_image","twitter_misc":{"Est. reading time":"2 minuti"},"schema":{"@context":"https:\/\/schema.org","@graph":[{"@type":"WebPage","@id":"https:\/\/www.shoptok.com\/sl\/o-nas\/","url":"https:\/\/www.shoptok.com\/sl\/o-nas\/","name":"O nas - Eponuda &amp; Shoptok","isPartOf":{"@id":"https:\/\/www.shoptok.com\/#website"},"datePublished":"2024-02-21T10:21:48+00:00","dateModified":"2024-10-03T11:09:02+00:00","description":"Shoptok je vrhunska platforma za pametno nakupovanje. Povezujemo potro\u0161nike in trgovce ter zagotavljamo najpomembnej\u0161e informacije, ki so potrebne za sprejemanje premi\u0161ljenih nakupnih odlo\u010ditev. Osredoto\u010damo se na preglednost in jasno tr\u017eno ponudbo, vklju\u010dno s ceno, razpolo\u017eljivostjo, zadovoljstvom, pla\u010dilom, jamstvom, referencami, socialno usmerjenostjo in dostavo.","inLanguage":"sl-SI","potentialAction":[{"@type":"ReadAction","target":["https:\/\/www.shoptok.com\/sl\/o-nas\/"]}]},{"@type":"WebSite","@id":"https:\/\/www.shoptok.com\/#website","url":"https:\/\/www.shoptok.com\/","name":"Eponuda &amp; Shoptok","description":"","potentialAction":[{"@type":"SearchAction","target":{"@type":"EntryPoint","urlTemplate":"https:\/\/www.shoptok.com\/?s={search_term_string}"},"query-input":"required name=search_term_string"}],"inLanguage":"sl-SI"}]}},"_links":{"self":[{"href":"https:\/\/www.shoptok.com\/sl\/wp-json\/wp\/v2\/pages\/1343","targetHints":{"allow":["GET"]}}],"collection":[{"href":"https:\/\/www.shoptok.com\/sl\/wp-json\/wp\/v2\/pages"}],"about":[{"href":"https:\/\/www.shoptok.com\/sl\/wp-json\/wp\/v2\/types\/page"}],"author":[{"embeddable":true,"href":"https:\/\/www.shoptok.com\/sl\/wp-json\/wp\/v2\/users\/1"}],"replies":[{"embeddable":true,"href":"https:\/\/www.shoptok.com\/sl\/wp-json\/wp\/v2\/comments?post=1343"}],"version-history":[{"count":0,"href":"https:\/\/www.shoptok.com\/sl\/wp-json\/wp\/v2\/pages\/1343\/revisions"}],"wp:attachment":[{"href":"https:\/\/www.shoptok.com\/sl\/wp-json\/wp\/v2\/media?parent=1343"}],"curies":[{"name":"wp","href":"https:\/\/api.w.org\/{rel}","templated":true}]}}