{"id":1782,"date":"2025-03-19T08:40:22","date_gmt":"2025-03-19T08:40:22","guid":{"rendered":"https:\/\/www.shoptok.com\/?page_id=1782"},"modified":"2025-10-08T10:37:10","modified_gmt":"2025-10-08T10:37:10","slug":"kdo-smo","status":"publish","type":"page","link":"https:\/\/www.shoptok.com\/sl\/o-nas\/kdo-smo\/","title":{"rendered":"Kdo smo"},"content":{"rendered":"<div class=\"wpb-content-wrapper\"><p>[vc_row full_width=&#8221;stretch_row_content_no_spaces&#8221; el_class=&#8221;sp-page-title&#8221;][vc_column]\n\n\n\n\n\n\t\t\n                     \n                <div class=\"title-banner limit-height\" style=\"background-image: linear-gradient(rgba(0, 0, 0, 0.0),rgba(0, 0, 0, 0.0)),url();\">\n                            <video  autoplay loop muted playsinline>\n                <source src=\"https:\/\/www.shoptok.com\/wp-content\/uploads\/2025\/05\/shoptok-who-are-we-1.mp4\" type=\"video\/mp4\">\n                Your browser does not support the video tag.\n                <\/video>\n\n                <div class=\"container\">\n\n                    <div>\n                        <h2 class=\"entry-subtitle\">O NAS<\/h2>\n                        <h1 class=\"entry-title\">Kdo smo?<\/h1>\n                    <\/div>\n                    <div>\n                                                                                            <\/div>\n                <\/div>\n            <\/div>\n        \n\t\t[\/vc_column][\/vc_row][vc_row gap=&#8221;30&#8243; content_placement=&#8221;middle&#8221; el_class=&#8221;sp-row&#8221;][vc_column width=&#8221;1\/2&#8243; el_class=&#8221;c1&#8243;][vc_column_text css=&#8221;&#8221;]<\/p>\n<h2>Nova miselnost, novi rezultati<\/h2>\n<p>[\/vc_column_text][vc_column_text css=&#8221;&#8221;]\u010ce \u017eelijo ohraniti konkuren\u010dno prednost, morajo podjetja nenehno predvidevati morebitne motnje in sprejeti napredno miselnost, ki je odprta za eksperimentiranje in nove ideje. Vodje in ekipe morajo delovati na podlagi pristopa poskusov in napak ter uporabljati ustrezne metrike za merjenje uspeha in sprotno prilagajanje strategij. \u010ceprav je tehnologija klju\u010den katalizator, sta na koncu prav na\u0161a miselnost in naravnanost tisti, ki poganjata napredek. Z odprtostjo do novih re\u0161itev in izkori\u0161\u010danjem prilo\u017enosti lahko podjetja ostanejo konkuren\u010dna in uspevajo tudi v \u010dasu sprememb. Skratka \u2013 uspeh temelji na transformativni miselnosti, ki sprejema spremembe in inovacije ter jo vodijo drzni voditelji in predane ekipe.[\/vc_column_text][\/vc_column][vc_column width=&#8221;1\/2&#8243; el_class=&#8221;c2&#8243;][vc_single_image image=&#8221;2011&#8243; css=&#8221;&#8221;][\/vc_column][\/vc_row][vc_row gap=&#8221;30&#8243; content_placement=&#8221;middle&#8221; el_class=&#8221;sp-row&#8221;][vc_column width=&#8221;1\/2&#8243; el_class=&#8221;c2&#8243;][vc_single_image image=&#8221;467&#8243;][\/vc_column][vc_column width=&#8221;1\/2&#8243; el_class=&#8221;c1&#8243;][vc_column_text css=&#8221;&#8221;]<\/p>\n<h2>O nas<\/h2>\n<p>[\/vc_column_text][vc_column_text css=&#8221;&#8221;]Shoptok, prej znan kot Weteh, je napredno usmerjeno tehnolo\u0161ko in investicijsko podjetje, specializirano za prepoznavanje premalo optimiziranih digitalnih potro\u0161ni\u0161kih platform in e-trgovin z visokim potencialom rasti. Na\u0161e poslanstvo je podrobno raziskovati klju\u010dne procese interakcije s strankami in v ta namen oblikovati inteligentne digitalne optimizacije ter integracije v zapletenem digitalnem maloprodajnem ekosistemu. Kompleksnost sodobne trgovine in e-poslovanja poenostavljamo z razvojem naprednih orodij in procesov, ki izbolj\u0161ujejo poznavanje strank ter omogo\u010dajo, da se podjetja v realnem \u010dasu prilagajajo hitro spreminjajo\u010di se dinamiki trga.<\/p>\n<p>Kot lastnik pametnih nakupovalnih platform Eponuda v Srbiji in Bosni ter Shoptok na Hrva\u0161kem in v Sloveniji poenostavljamo klju\u010dne interakcije, ki podjetjem omogo\u010dajosprejemanje strate\u0161kih odlo\u010ditev o izboru izdelkov, cenovni politiki in dobavni verigi z ve\u010djo hitrostjo in natan\u010dnostjo. Z razvojem inteligentnih napovedi povpra\u0161evanja in uporabo tehnologij nove generacije na\u0161im partnerjem v razli\u010dnih panogah omogo\u010damo gradnjo na temeljih na\u0161ih hitrih, u\u010dinkovitih in transformativnih re\u0161itev.<\/p>\n<p><strong>Pridru\u017eite se Shoptoku in soustvarjajte prihodnost digitalne trgovine \u2013 kjer uspeh poganjata inovacija in sodobnost.<\/strong>[\/vc_column_text][\/vc_column][\/vc_row][vc_row gap=&#8221;30&#8243; content_placement=&#8221;middle&#8221; el_class=&#8221;sp-row&#8221;][vc_column width=&#8221;1\/2&#8243; el_class=&#8221;c1&#8243;][vc_column_text css=&#8221;&#8221;]<\/p>\n<h2>Preoblikovanje poslovanja skozi inovacije, osredoto\u010dene na kupce<\/h2>\n<p>Navigacija skozi kompleksnost tehnologije in procesnih optimizacij v potro\u0161ni\u0161kih panogah je lahko zahtevna. Pogosto se pojavljajo klju\u010dna vpra\u0161anja:<\/p>\n<ul>\n<li>Kako lahko to poenostavi moje poslovanje?<\/li>\n<li>Kateri je pravi pristop?<\/li>\n<li>Kje sploh za\u010deti?<\/li>\n<\/ul>\n<p>Pri Shoptoku verjamemo, da je tehnologija bistven del na\u0161ega vsakdana. Opremlja nas z informacijami, pove\u010duje produktivnost in poenostavlja vsakodnevna opravila. Z odpravljanjem manj\u0161ih vsakodnevnih izzivov s pametnimi in intuitivnimi re\u0161itvami tehnologija te izzive naredi skoraj nevidne.<\/p>\n<p>Pravi nosilci transformacije so podjetja, ki:<\/p>\n<ul>\n<li>najprej dajejo prednost razumevanju interakcij s strankami,<\/li>\n<li>na podlagi teh vpogledov razvijajo inovativne tehnolo\u0161ke re\u0161itve,<\/li>\n<li>uporabljajo umetno inteligenco za napovedovanje potreb in personalizacijo izku\u0161enj,<\/li>\n<li>v vsaki interakciji gradijo na preprostosti, preglednosti in zaupanju.<\/li>\n<\/ul>\n<p>Ta na\u010dela ustvarjajo uporabni\u0161ke izku\u0161nje, ki jih je mogo\u010de brezhibno raz\u0161iriti v razli\u010dne panoge. Pridru\u017eite se nam pri preoblikovanju prihodnosti potro\u0161ni\u0161ko usmerjenih industrij z vrhunskimi inovacijami, osredoto\u010denimi na kupce in sodobnimi pristopi.[\/vc_column_text][\/vc_column][vc_column width=&#8221;1\/2&#8243; el_class=&#8221;c2&#8243;][vc_single_image image=&#8221;2016&#8243; css=&#8221;&#8221;][\/vc_column][\/vc_row][vc_row css=&#8221;.vc_custom_1742379889580{margin-top: 70px !important;margin-bottom: 35px !important;}&#8221;][vc_column][vc_column_text css=&#8221;&#8221;]<\/p>\n<h1 style=\"text-align: center;\">Na\u0161a vodstvena ekipa<\/h1>\n<p>[\/vc_column_text][\/vc_column][\/vc_row][vc_row el_class=&#8221;about-us-linkedin-row&#8221;][vc_column width=&#8221;1\/6&#8243;][\/vc_column][vc_column width=&#8221;1\/6&#8243;][\/vc_column][vc_column width=&#8221;1\/6&#8243;][vc_single_image image=&#8221;1804&#8243; img_size=&#8221;180&#215;180&#8243; alignment=&#8221;center&#8221; css=&#8221;&#8221;][vc_single_image image=&#8221;1829&#8243; img_size=&#8221;&#8221; onclick=&#8221;custom_link&#8221; css_animation=&#8221;none&#8221; css=&#8221;.vc_custom_1742379255943{margin-top: -100px !important;margin-bottom: 15px !important;}&#8221; link=&#8221;https:\/\/www.linkedin.com\/in\/darkodujic\/&#8221;][vc_column_text css=&#8221;.vc_custom_1742376545240{margin-bottom: 0px !important;}&#8221;]<\/p>\n<h5 style=\"text-align: center; font-size: 12px;\"><span style=\"color: #3e61ff;\">CHIEF EXECUTIVE OFFICER<\/span><\/h5>\n<p>[\/vc_column_text][vc_column_text css=&#8221;&#8221;]<\/p>\n<h3 style=\"text-align: center;\"><strong>Darko Duji\u010d<\/strong><\/h3>\n<p>[\/vc_column_text][\/vc_column][vc_column width=&#8221;1\/6&#8243;][vc_single_image image=&#8221;1816&#8243; img_size=&#8221;180&#215;180&#8243; alignment=&#8221;center&#8221; css=&#8221;&#8221;][vc_single_image image=&#8221;1829&#8243; img_size=&#8221;&#8221; onclick=&#8221;custom_link&#8221; css=&#8221;.vc_custom_1742379273834{margin-top: -100px !important;margin-bottom: 15px !important;}&#8221; link=&#8221;https:\/\/www.linkedin.com\/in\/uros-mevc\/&#8221;][vc_column_text css=&#8221;.vc_custom_1742376551213{margin-bottom: 0px !important;}&#8221;]<\/p>\n<h5 style=\"text-align: center; font-size: 12px;\"><span style=\"color: #3e61ff;\">CHIEF EXECUTIVE OFFICER<\/span><\/h5>\n<p>[\/vc_column_text][vc_column_text css=&#8221;&#8221;]<\/p>\n<h3 style=\"text-align: center;\"><strong>Uro\u0161 Mevc<\/strong><\/h3>\n<p>[\/vc_column_text][\/vc_column][vc_column width=&#8221;1\/6&#8243;][\/vc_column][vc_column width=&#8221;1\/6&#8243;][\/vc_column][\/vc_row][vc_row css=&#8221;.vc_custom_1752833571047{margin-bottom: 100px !important;}&#8221; el_class=&#8221;about-us-linkedin-row&#8221;][vc_column width=&#8221;1\/6&#8243;][\/vc_column][vc_column width=&#8221;1\/6&#8243;][vc_single_image image=&#8221;1808&#8243; img_size=&#8221;180&#215;180&#8243; alignment=&#8221;center&#8221; css=&#8221;&#8221;][vc_single_image image=&#8221;1829&#8243; img_size=&#8221;&#8221; onclick=&#8221;custom_link&#8221; css=&#8221;.vc_custom_1742379290294{margin-top: -100px !important;margin-bottom: 15px !important;}&#8221; link=&#8221;https:\/\/www.linkedin.com\/in\/jure-potocnik\/&#8221;][vc_column_text css=&#8221;.vc_custom_1742376538572{margin-bottom: 0px !important;}&#8221;]<\/p>\n<h5 style=\"text-align: center; font-size: 12px;\"><span style=\"color: #3e61ff;\">CHIEF TECHNOLOGY OFFICER<\/span><\/h5>\n<p>[\/vc_column_text][vc_column_text css=&#8221;&#8221;]<\/p>\n<h3 style=\"text-align: center;\"><strong>Jure Poto\u010dnik<\/strong><\/h3>\n<p>[\/vc_column_text][\/vc_column][vc_column width=&#8221;1\/6&#8243;][vc_single_image image=&#8221;1833&#8243; img_size=&#8221;180&#215;180&#8243; alignment=&#8221;center&#8221; css=&#8221;&#8221;][vc_single_image image=&#8221;1829&#8243; img_size=&#8221;&#8221; onclick=&#8221;custom_link&#8221; css=&#8221;.vc_custom_1742379321567{margin-top: -100px !important;margin-bottom: 15px !important;}&#8221; link=&#8221;https:\/\/www.linkedin.com\/in\/danica-omrcen\/&#8221;][vc_column_text css=&#8221;.vc_custom_1742376449069{margin-bottom: 0px !important;}&#8221;]<\/p>\n<h5 style=\"text-align: center; font-size: 12px;\"><span style=\"color: #3e61ff;\">BUSINESS DEVELOPMENT DIRECTOR<\/span><\/h5>\n<p>[\/vc_column_text][vc_column_text css=&#8221;&#8221;]<\/p>\n<h3 style=\"text-align: center;\"><strong>Danica Omr\u010den<\/strong><\/h3>\n<p>[\/vc_column_text][\/vc_column][vc_column width=&#8221;1\/6&#8243;][vc_single_image image=&#8221;1812&#8243; img_size=&#8221;180&#215;180&#8243; alignment=&#8221;center&#8221; css=&#8221;&#8221;][vc_single_image image=&#8221;1829&#8243; img_size=&#8221;&#8221; onclick=&#8221;custom_link&#8221; css=&#8221;.vc_custom_1742379342183{margin-top: -100px !important;margin-bottom: 15px !important;}&#8221; link=&#8221;https:\/\/www.linkedin.com\/in\/matej-kolsek\/&#8221;][vc_column_text css=&#8221;.vc_custom_1742376678564{margin-bottom: 0px !important;}&#8221;]<\/p>\n<h5 style=\"text-align: center; font-size: 12px;\"><span style=\"color: #3e61ff;\">CUSTOMER EXPERIENCE DIRECTOR<\/span><\/h5>\n<p>[\/vc_column_text][vc_column_text css=&#8221;&#8221;]<\/p>\n<h3 style=\"text-align: center;\"><strong>Matej Kol\u0161ek<\/strong><\/h3>\n<p>[\/vc_column_text][\/vc_column][vc_column width=&#8221;1\/6&#8243;][vc_single_image image=&#8221;1837&#8243; img_size=&#8221;180&#215;180&#8243; alignment=&#8221;center&#8221; css=&#8221;&#8221;][vc_single_image image=&#8221;1829&#8243; img_size=&#8221;&#8221; onclick=&#8221;custom_link&#8221; css=&#8221;.vc_custom_1742379366278{margin-top: -100px !important;margin-bottom: 15px !important;}&#8221; link=&#8221;https:\/\/www.linkedin.com\/in\/ziva-cizman\/&#8221;][vc_column_text css=&#8221;.vc_custom_1742376673485{margin-bottom: 0px !important;}&#8221;]<\/p>\n<h5 style=\"text-align: center; font-size: 12px;\"><span style=\"color: #3e61ff;\">CHIEF MARKETING OFFICER<\/span><\/h5>\n<p>[\/vc_column_text][vc_column_text css=&#8221;&#8221;]<\/p>\n<h3 style=\"text-align: center;\"><strong>\u017diva \u010ci\u017eman<\/strong><\/h3>\n<p>[\/vc_column_text][\/vc_column][vc_column width=&#8221;1\/6&#8243;][\/vc_column][\/vc_row][vc_row css=&#8221;.vc_custom_1742379921836{margin-top: 100px !important;margin-bottom: 35px !important;}&#8221;][vc_column][vc_column_text css=&#8221;&#8221;]<\/p>\n<h1 style=\"text-align: center;\">Na\u0161i projekti<\/h1>\n<p>[\/vc_column_text][\/vc_column][\/vc_row][vc_row gap=&#8221;35&#8243; content_placement=&#8221;middle&#8221; css=&#8221;.vc_custom_1742379840455{margin-bottom: 100px !important;}&#8221;][vc_column width=&#8221;1\/5&#8243; css=&#8221;.vc_custom_1742377945901{background-color: #fafafa !important;border-radius: 15px !important;}&#8221;][vc_single_image image=&#8221;1843&#8243; alignment=&#8221;center&#8221; onclick=&#8221;custom_link&#8221; css=&#8221;.vc_custom_1743753388031{margin-bottom: 10px !important;padding-right: 25px !important;padding-left: 25px !important;}&#8221; link=&#8221;https:\/\/www.eponuda.com\/&#8221;][vc_column_text css=&#8221;&#8221;]<\/p>\n<p style=\"text-align: center; font-size: 14px; letter-spacing: 2px;\">SERBIA<\/p>\n<p>[\/vc_column_text][\/vc_column][vc_column width=&#8221;1\/5&#8243; css=&#8221;.vc_custom_1742378323673{background-color: #fafafa !important;border-radius: 15px !important;}&#8221;][vc_single_image image=&#8221;1843&#8243; alignment=&#8221;center&#8221; onclick=&#8221;custom_link&#8221; css=&#8221;.vc_custom_1743753403392{margin-bottom: 10px !important;padding-right: 25px !important;padding-left: 25px !important;}&#8221; link=&#8221;https:\/\/www.eponuda.ba\/&#8221;][vc_column_text css=&#8221;&#8221;]<\/p>\n<p style=\"text-align: center; font-size: 14px; letter-spacing: 2px;\">BOSNIA<\/p>\n<p>[\/vc_column_text][\/vc_column][vc_column width=&#8221;1\/5&#8243; css=&#8221;.vc_custom_1742378339240{background-color: #fafafa !important;border-radius: 15px !important;}&#8221;][vc_single_image image=&#8221;1847&#8243; alignment=&#8221;center&#8221; onclick=&#8221;custom_link&#8221; css=&#8221;.vc_custom_1743753408563{margin-bottom: 10px !important;padding-right: 25px !important;padding-left: 25px !important;}&#8221; link=&#8221;https:\/\/www.shoptok.si\/&#8221;][vc_column_text css=&#8221;&#8221;]<\/p>\n<p style=\"text-align: center; font-size: 14px; letter-spacing: 2px;\">SLOVENIA<\/p>\n<p>[\/vc_column_text][\/vc_column][vc_column width=&#8221;1\/5&#8243; css=&#8221;.vc_custom_1742378351126{background-color: #fafafa !important;border-radius: 15px !important;}&#8221;][vc_single_image image=&#8221;1847&#8243; alignment=&#8221;center&#8221; onclick=&#8221;custom_link&#8221; css=&#8221;.vc_custom_1743753413435{margin-bottom: 10px !important;padding-right: 25px !important;padding-left: 25px !important;}&#8221; link=&#8221;https:\/\/www.shoptok.hr\/&#8221;][vc_column_text css=&#8221;&#8221;]<\/p>\n<p style=\"text-align: center; font-size: 14px; letter-spacing: 2px;\">CROATIA<\/p>\n<p>[\/vc_column_text][\/vc_column][vc_column width=&#8221;1\/5&#8243; css=&#8221;.vc_custom_1742378379626{background-color: #fafafa !important;border-radius: 15px !important;}&#8221;][vc_single_image image=&#8221;1847&#8243; alignment=&#8221;center&#8221; onclick=&#8221;custom_link&#8221; css=&#8221;.vc_custom_1743753419657{margin-bottom: 10px !important;padding-right: 25px !important;padding-left: 25px !important;}&#8221; link=&#8221;https:\/\/business.shoptok.com\/&#8221;][vc_column_text css=&#8221;&#8221;]<\/p>\n<p style=\"text-align: center; font-size: 14px; letter-spacing: 2px;\">BUSINESS MANAGER<\/p>\n<p>[\/vc_column_text][\/vc_column][\/vc_row][vc_row][vc_column][vc_row full_width=\"stretch_row\" el_class=\"map-row\"][vc_column][vc_column_text css=\"\"]\r\n<h3>Vodilna primerjalna platforma v Adriatic regiji<\/h3>\r\n[\/vc_column_text][\/vc_column][\/vc_row][\/vc_column][\/vc_row]<\/p>\n<\/div>","protected":false},"excerpt":{"rendered":"<p>[vc_row full_width=&#8221;stretch_row_content_no_spaces&#8221; el_class=&#8221;sp-page-title&#8221;][vc_column][\/vc_column][\/vc_row][vc_row gap=&#8221;30&#8243; content_placement=&#8221;middle&#8221; el_class=&#8221;sp-row&#8221;][vc_column width=&#8221;1\/2&#8243; el_class=&#8221;c1&#8243;][vc_column_text css=&#8221;&#8221;] Nova miselnost, novi rezultati [\/vc_column_text][vc_column_text css=&#8221;&#8221;]\u010ce \u017eelijo ohraniti konkuren\u010dno prednost, morajo podjetja nenehno predvidevati morebitne motnje in sprejeti napredno miselnost, ki je odprta za eksperimentiranje in nove ideje. Vodje in ekipe morajo delovati na podlagi pristopa poskusov in napak ter uporabljati ustrezne metrike za merjenje uspeha in sprotno prilagajanje strategij. \u010ceprav je tehnologija klju\u010den katalizator, sta na koncu prav na\u0161a miselnost in naravnanost tisti, ki poganjata napredek. Z odprtostjo do novih re\u0161itev in izkori\u0161\u010danjem prilo\u017enosti lahko podjetja ostanejo konkuren\u010dna in uspevajo tudi v \u010dasu sprememb. Skratka \u2013 uspeh temelji na transformativni miselnosti, ki sprejema spremembe in inovacije ter jo vodijo drzni voditelji in predane ekipe.[\/vc_column_text][\/vc_column][vc_column width=&#8221;1\/2&#8243; el_class=&#8221;c2&#8243;][vc_single_image image=&#8221;2011&#8243; css=&#8221;&#8221;][\/vc_column][\/vc_row][vc_row gap=&#8221;30&#8243; content_placement=&#8221;middle&#8221; [&hellip;]<\/p>\n","protected":false},"author":2,"featured_media":0,"parent":1343,"menu_order":0,"comment_status":"closed","ping_status":"closed","template":"","meta":{"footnotes":""},"class_list":["post-1782","page","type-page","status-publish","hentry"],"yoast_head":"<!-- This site is optimized with the Yoast SEO plugin v21.3 - https:\/\/yoast.com\/wordpress\/plugins\/seo\/ -->\n<title>Kdo smo - Eponuda &amp; Shoptok<\/title>\n<meta name=\"description\" content=\"Shoptok is the ultimate platform for smart shopping. We bring together consumers and sellers, providing the most important information needed to make informed purchase decisions. Our focus is on transparency and clear market offerings, including price, availability, satisfaction, payment, guaranty, reference, social attitude, and delivery.\" \/>\n<meta name=\"robots\" content=\"index, follow, max-snippet:-1, max-image-preview:large, max-video-preview:-1\" \/>\n<link rel=\"canonical\" href=\"https:\/\/www.shoptok.com\/sl\/o-nas\/kdo-smo\/\" \/>\n<meta property=\"og:locale\" content=\"sl_SI\" \/>\n<meta property=\"og:type\" content=\"article\" \/>\n<meta property=\"og:title\" content=\"Kdo smo - Eponuda &amp; Shoptok\" \/>\n<meta property=\"og:description\" content=\"Shoptok is the ultimate platform for smart shopping. We bring together consumers and sellers, providing the most important information needed to make informed purchase decisions. Our focus is on transparency and clear market offerings, including price, availability, satisfaction, payment, guaranty, reference, social attitude, and delivery.\" \/>\n<meta property=\"og:url\" content=\"https:\/\/www.shoptok.com\/sl\/o-nas\/kdo-smo\/\" \/>\n<meta property=\"og:site_name\" content=\"Eponuda &amp; Shoptok\" \/>\n<meta property=\"article:modified_time\" content=\"2025-10-08T10:37:10+00:00\" \/>\n<meta name=\"twitter:card\" content=\"summary_large_image\" \/>\n<meta name=\"twitter:label1\" content=\"Est. reading time\" \/>\n\t<meta name=\"twitter:data1\" content=\"4 minute\" \/>\n<script type=\"application\/ld+json\" class=\"yoast-schema-graph\">{\"@context\":\"https:\/\/schema.org\",\"@graph\":[{\"@type\":\"WebPage\",\"@id\":\"https:\/\/www.shoptok.com\/sl\/o-nas\/kdo-smo\/\",\"url\":\"https:\/\/www.shoptok.com\/sl\/o-nas\/kdo-smo\/\",\"name\":\"Kdo smo - Eponuda &amp; Shoptok\",\"isPartOf\":{\"@id\":\"https:\/\/www.shoptok.com\/#website\"},\"datePublished\":\"2025-03-19T08:40:22+00:00\",\"dateModified\":\"2025-10-08T10:37:10+00:00\",\"description\":\"Shoptok is the ultimate platform for smart shopping. We bring together consumers and sellers, providing the most important information needed to make informed purchase decisions. Our focus is on transparency and clear market offerings, including price, availability, satisfaction, payment, guaranty, reference, social attitude, and delivery.\",\"breadcrumb\":{\"@id\":\"https:\/\/www.shoptok.com\/sl\/o-nas\/kdo-smo\/#breadcrumb\"},\"inLanguage\":\"sl-SI\",\"potentialAction\":[{\"@type\":\"ReadAction\",\"target\":[\"https:\/\/www.shoptok.com\/sl\/o-nas\/kdo-smo\/\"]}]},{\"@type\":\"BreadcrumbList\",\"@id\":\"https:\/\/www.shoptok.com\/sl\/o-nas\/kdo-smo\/#breadcrumb\",\"itemListElement\":[{\"@type\":\"ListItem\",\"position\":1,\"name\":\"O nas\",\"item\":\"https:\/\/www.shoptok.com\/sl\/o-nas\/\"},{\"@type\":\"ListItem\",\"position\":2,\"name\":\"Kdo smo\"}]},{\"@type\":\"WebSite\",\"@id\":\"https:\/\/www.shoptok.com\/#website\",\"url\":\"https:\/\/www.shoptok.com\/\",\"name\":\"Eponuda &amp; Shoptok\",\"description\":\"\",\"potentialAction\":[{\"@type\":\"SearchAction\",\"target\":{\"@type\":\"EntryPoint\",\"urlTemplate\":\"https:\/\/www.shoptok.com\/?s={search_term_string}\"},\"query-input\":\"required name=search_term_string\"}],\"inLanguage\":\"sl-SI\"}]}<\/script>\n<!-- \/ Yoast SEO plugin. -->","yoast_head_json":{"title":"Kdo smo - Eponuda &amp; Shoptok","description":"Shoptok is the ultimate platform for smart shopping. We bring together consumers and sellers, providing the most important information needed to make informed purchase decisions. Our focus is on transparency and clear market offerings, including price, availability, satisfaction, payment, guaranty, reference, social attitude, and delivery.","robots":{"index":"index","follow":"follow","max-snippet":"max-snippet:-1","max-image-preview":"max-image-preview:large","max-video-preview":"max-video-preview:-1"},"canonical":"https:\/\/www.shoptok.com\/sl\/o-nas\/kdo-smo\/","og_locale":"sl_SI","og_type":"article","og_title":"Kdo smo - Eponuda &amp; Shoptok","og_description":"Shoptok is the ultimate platform for smart shopping. We bring together consumers and sellers, providing the most important information needed to make informed purchase decisions. Our focus is on transparency and clear market offerings, including price, availability, satisfaction, payment, guaranty, reference, social attitude, and delivery.","og_url":"https:\/\/www.shoptok.com\/sl\/o-nas\/kdo-smo\/","og_site_name":"Eponuda &amp; Shoptok","article_modified_time":"2025-10-08T10:37:10+00:00","twitter_card":"summary_large_image","twitter_misc":{"Est. reading time":"4 minute"},"schema":{"@context":"https:\/\/schema.org","@graph":[{"@type":"WebPage","@id":"https:\/\/www.shoptok.com\/sl\/o-nas\/kdo-smo\/","url":"https:\/\/www.shoptok.com\/sl\/o-nas\/kdo-smo\/","name":"Kdo smo - Eponuda &amp; Shoptok","isPartOf":{"@id":"https:\/\/www.shoptok.com\/#website"},"datePublished":"2025-03-19T08:40:22+00:00","dateModified":"2025-10-08T10:37:10+00:00","description":"Shoptok is the ultimate platform for smart shopping. We bring together consumers and sellers, providing the most important information needed to make informed purchase decisions. Our focus is on transparency and clear market offerings, including price, availability, satisfaction, payment, guaranty, reference, social attitude, and delivery.","breadcrumb":{"@id":"https:\/\/www.shoptok.com\/sl\/o-nas\/kdo-smo\/#breadcrumb"},"inLanguage":"sl-SI","potentialAction":[{"@type":"ReadAction","target":["https:\/\/www.shoptok.com\/sl\/o-nas\/kdo-smo\/"]}]},{"@type":"BreadcrumbList","@id":"https:\/\/www.shoptok.com\/sl\/o-nas\/kdo-smo\/#breadcrumb","itemListElement":[{"@type":"ListItem","position":1,"name":"O nas","item":"https:\/\/www.shoptok.com\/sl\/o-nas\/"},{"@type":"ListItem","position":2,"name":"Kdo smo"}]},{"@type":"WebSite","@id":"https:\/\/www.shoptok.com\/#website","url":"https:\/\/www.shoptok.com\/","name":"Eponuda &amp; Shoptok","description":"","potentialAction":[{"@type":"SearchAction","target":{"@type":"EntryPoint","urlTemplate":"https:\/\/www.shoptok.com\/?s={search_term_string}"},"query-input":"required name=search_term_string"}],"inLanguage":"sl-SI"}]}},"_links":{"self":[{"href":"https:\/\/www.shoptok.com\/sl\/wp-json\/wp\/v2\/pages\/1782","targetHints":{"allow":["GET"]}}],"collection":[{"href":"https:\/\/www.shoptok.com\/sl\/wp-json\/wp\/v2\/pages"}],"about":[{"href":"https:\/\/www.shoptok.com\/sl\/wp-json\/wp\/v2\/types\/page"}],"author":[{"embeddable":true,"href":"https:\/\/www.shoptok.com\/sl\/wp-json\/wp\/v2\/users\/2"}],"replies":[{"embeddable":true,"href":"https:\/\/www.shoptok.com\/sl\/wp-json\/wp\/v2\/comments?post=1782"}],"version-history":[{"count":0,"href":"https:\/\/www.shoptok.com\/sl\/wp-json\/wp\/v2\/pages\/1782\/revisions"}],"up":[{"embeddable":true,"href":"https:\/\/www.shoptok.com\/sl\/wp-json\/wp\/v2\/pages\/1343"}],"wp:attachment":[{"href":"https:\/\/www.shoptok.com\/sl\/wp-json\/wp\/v2\/media?parent=1782"}],"curies":[{"name":"wp","href":"https:\/\/api.w.org\/{rel}","templated":true}]}}