{"id":1864,"date":"2025-04-01T07:44:09","date_gmt":"2025-04-01T07:44:09","guid":{"rendered":"https:\/\/www.shoptok.com\/?page_id=1864"},"modified":"2025-10-08T10:32:50","modified_gmt":"2025-10-08T10:32:50","slug":"kultura","status":"publish","type":"page","link":"https:\/\/www.shoptok.com\/sl\/o-nas\/kultura\/","title":{"rendered":"Kultura"},"content":{"rendered":"<div class=\"wpb-content-wrapper\"><p>[vc_row full_width=&#8221;stretch_row_content_no_spaces&#8221; el_class=&#8221;sp-page-title&#8221;][vc_column]\n\n\n\n\n\n\t\t\n                     \n                <div class=\"title-banner limit-height\" style=\"background-image: linear-gradient(rgba(0, 0, 0, 0.0),rgba(0, 0, 0, 0.0)),url();\">\n                            <video  autoplay loop muted playsinline>\n                <source src=\"https:\/\/www.shoptok.com\/wp-content\/uploads\/2025\/05\/shoptok-culture-1.mp4\" type=\"video\/mp4\">\n                Your browser does not support the video tag.\n                <\/video>\n\n                <div class=\"container\">\n\n                    <div>\n                        <h2 class=\"entry-subtitle\">O NAS<\/h2>\n                        <h1 class=\"entry-title\">Na\u0161a kultura in vrednote<\/h1>\n                    <\/div>\n                    <div>\n                                                                                            <\/div>\n                <\/div>\n            <\/div>\n        \n\t\t[\/vc_column][\/vc_row][vc_row css=&#8221;.vc_custom_1742390485685{margin-top: 50px !important;margin-bottom: 25px !important;}&#8221;][vc_column][vc_column_text css=&#8221;&#8221;]<\/p>\n<h1 style=\"text-align: center;\">Jedro Shoptoka<\/h1>\n<p>[\/vc_column_text][\/vc_column][\/vc_row][vc_row gap=&#8221;20&#8243; equal_height=&#8221;yes&#8221; css=&#8221;.vc_custom_1753092255592{margin-bottom: 60px !important;}&#8221; el_class=&#8221;row-with-icons-and-text&#8221;][vc_column width=&#8221;1\/3&#8243; css=&#8221;.vc_custom_1742389890553{padding-top: 50px !important;padding-right: 50px !important;padding-bottom: 50px !important;padding-left: 50px !important;background-color: #fafafa !important;border-radius: 15px !important;}&#8221;][vc_single_image image=&#8221;1877&#8243; img_size=&#8221;50&#215;50&#8243; css=&#8221;&#8221;][vc_column_text css=&#8221;&#8221;]<\/p>\n<h5>Namen<\/h5>\n<p>[\/vc_column_text][vc_column_text css=&#8221;&#8221;]Na\u0161e poslanstvo je omogo\u010diti pametnej\u0161e nakupovanje \u2013 potro\u0161nikom zagotavljamo pregledne, na podatkih temelje\u010de vpoglede, podjetjem pa orodja za optimizacijo vidnosti, uspe\u0161nosti in cenovnih strategij.<\/p>\n<p>Biti \u017eelimo zaupanja vredna vez med kupci in podjetji, ki omogo\u010da, da kupci sprejemajo premi\u0161ljene odlo\u010ditve, trgovci pa dosegajo pravo ob\u010dinstvo ob pravem \u010dasu.[\/vc_column_text][\/vc_column][vc_column width=&#8221;1\/3&#8243; css=&#8221;.vc_custom_1742389965550{padding-top: 50px !important;padding-right: 50px !important;padding-bottom: 50px !important;padding-left: 50px !important;background-color: #fafafa !important;border-radius: 15px !important;}&#8221;][vc_single_image image=&#8221;1881&#8243; img_size=&#8221;50&#215;50&#8243; css=&#8221;&#8221;][vc_column_text css=&#8221;&#8221;]<\/p>\n<h5>Vizija<\/h5>\n<p>[\/vc_column_text][vc_column_text css=&#8221;&#8221;]Ustvariti najbolj zanesljiv in pronicljiv ekosistem pametnega nakupovanja, kjer uporabniki samozavestno raziskujejo svoje nakupovalno potovanje, podjetja pa uspevajo skozi preglednost, podatke in smiselno povezovanje.[\/vc_column_text][\/vc_column][vc_column width=&#8221;1\/3&#8243; css=&#8221;.vc_custom_1742389981412{padding-top: 50px !important;padding-right: 50px !important;padding-bottom: 50px !important;padding-left: 50px !important;background-color: #fafafa !important;border-radius: 15px !important;}&#8221;][vc_single_image image=&#8221;1873&#8243; img_size=&#8221;50&#215;50&#8243; css=&#8221;&#8221;][vc_column_text css=&#8221;&#8221;]<\/p>\n<h5>Poslanstvo<\/h5>\n<p>[\/vc_column_text][vc_column_text css=&#8221;&#8221;]Za potro\u0161nike: Pametno, neodvisno in pregledno okolje za raziskovanje, primerjanje in premi\u0161ljene odlo\u010ditve.<\/p>\n<p>Za podjetja: Podatkovno vodeni vpogledi in orodja za ve\u010djo vidnost, optimizacijo cen in doseganje pravih kupcev.<\/p>\n<p>Za trg: Premostitev vrzeli med pri\u010dakovanji in realnostjo, ustvarjanje uravnote\u017eene, po\u0161tene in inteligentne nakupovalne izku\u0161nje.[\/vc_column_text][\/vc_column][\/vc_row][vc_row css=&#8221;.vc_custom_1743430174635{margin-top: 100px !important;margin-bottom: 25px !important;}&#8221;][vc_column][vc_column_text css=&#8221;&#8221;]<\/p>\n<h1 style=\"text-align: center;\">Na\u0161a kultura<\/h1>\n<p>[\/vc_column_text][\/vc_column][\/vc_row][vc_row gap=&#8221;35&#8243;][vc_column width=&#8221;1\/2&#8243;][vc_column_text css=&#8221;&#8221;]Pri Shoptoku nas \u017eene radovednost, sodelovanje in nenehna rast. Ne zaposlujemo samo zaradi znanj, ampak zaradi na\u010dina razmi\u0161ljanja. Inovativnost, prilagodljivost in preseganje meja so lastnosti, ki nas lo\u010dijo.<\/p>\n<p>To nas definira:<\/p>\n<ul>\n<li>U\u010dimo se iz napak \u2013 Verjamemo, da so napake del napredka. Vsak izziv je prilo\u017enost za u\u010denje, ki nam pomaga izpopolniti pristop in se izbolj\u0161ati.<\/li>\n<li>Drzne ideje so dobrodo\u0161le \u2013 Spodbujamo kreativno razmi\u0161ljanje in smo vedno odprti za nove na\u010dine dela, bodisi za optimizacijo procesov ali ponovno izmi\u0161ljanje prihodnosti e-trgovine.<\/li>\n<li>Agilnost v hitro spreminjajo\u010dem se svetu \u2013 Na\u0161a industrija se premika hitro \u2013 in mi z njo. Ostajamo v ospredju s prilagodljivostjo, proaktivnostjo in pripravljenostjo na spremembe.<\/li>\n<li>Sodelovanje in odprtost \u2013 Najbolj\u0161e ideje izhajajo iz timskega dela. Spodbujamo okolje, kjer se sli\u0161i vsak glas in kjer lahko odli\u010dne ideje pridejo od kjerkoli.<\/li>\n<li>Usmerjeni v u\u010dinek \u2013 vse, kar po\u010dnemo, ima jasen cilj: ustvarjati vrednost za uporabnike, partnerje in industrijo.<\/li>\n<\/ul>\n<p>Ne gradimo le podjetja \u2013 oblikujemo prihodnost pametnega nakupovanja. In vedno i\u0161\u010demo somi\u0161ljenike, ki bi rasli skupaj z nami.[\/vc_column_text][\/vc_column][vc_column width=&#8221;1\/2&#8243;][vc_single_image image=&#8221;2016&#8243; css=&#8221;&#8221;][\/vc_column][\/vc_row][vc_row css=&#8221;.vc_custom_1743430174635{margin-top: 100px !important;margin-bottom: 25px !important;}&#8221;][vc_column][vc_column_text css=&#8221;&#8221;]<\/p>\n<h1 style=\"text-align: center;\">Na\u0161e vrednote<\/h1>\n<p>[\/vc_column_text][\/vc_column][\/vc_row][vc_row gap=&#8221;10&#8243; css=&#8221;.vc_custom_1753092262277{margin-bottom: 60px !important;}&#8221; el_class=&#8221;row-with-icons-and-text&#8221;][vc_column width=&#8221;1\/6&#8243;][vc_single_image image=&#8221;1907&#8243; img_size=&#8221;50&#215;50&#8243; css=&#8221;&#8221;][vc_column_text css=&#8221;.vc_custom_1743428269614{margin-bottom: 15px !important;}&#8221;]<\/p>\n<h5>Ustvarjalnost<\/h5>\n<p>[\/vc_column_text][vc_column_text css=&#8221;&#8221;]Ne sledimo zgolj trendom, temve\u010d jih postavljamo. Uspevamo z inovacijami in vedno i\u0161\u010demo nove na\u010dine za izbolj\u0161anje nakupovalne izku\u0161nje ter ustvarjanje smiselnih re\u0161itev za uporabnike in partnerje.[\/vc_column_text][\/vc_column][vc_column width=&#8221;1\/6&#8243;][vc_single_image image=&#8221;1927&#8243; img_size=&#8221;50&#215;50&#8243; css=&#8221;&#8221;][vc_column_text css=&#8221;.vc_custom_1743428320398{margin-bottom: 15px !important;}&#8221;]<\/p>\n<h5>Inteligenca<\/h5>\n<p>[\/vc_column_text][vc_column_text css=&#8221;&#8221;]Odlo\u010ditve sprejemamo na podlagi podatkov in z vpogledi poganjamo pametnej\u0161e izbire. Napredno razmi\u0161ljanje, optimizacija in stalno u\u010denje nas ohranjajo v ospredju.[\/vc_column_text][\/vc_column][vc_column width=&#8221;1\/6&#8243;][vc_single_image image=&#8221;1923&#8243; img_size=&#8221;50&#215;50&#8243; css=&#8221;&#8221;][vc_column_text css=&#8221;.vc_custom_1743428328931{margin-bottom: 15px !important;}&#8221;]<\/p>\n<h5>Pozitivnost<\/h5>\n<p>[\/vc_column_text][vc_column_text css=&#8221;&#8221;]Izzive sprejemamo s pristopom \u201czmoremo\u201d. Ovire nas ne ustavijo \u2013 spodbudijo nas, da poi\u0161\u010demo bolj\u0161e re\u0161itve.[\/vc_column_text][\/vc_column][vc_column width=&#8221;1\/6&#8243;][vc_single_image image=&#8221;1915&#8243; img_size=&#8221;50&#215;50&#8243; css=&#8221;&#8221;][vc_column_text css=&#8221;.vc_custom_1743428334898{margin-bottom: 15px !important;}&#8221;]<\/p>\n<h5>Zabava<\/h5>\n<p>[\/vc_column_text][vc_column_text css=&#8221;&#8221;]Delo mora biti navdihujo\u010de, spodbudno in nagrajujo\u010de. Proslavljamo uspehe, sprejemamo ustvarjalnost in gradimo okolje, kjer ljudje u\u017eivajo v tem, kar po\u010dnejo.[\/vc_column_text][\/vc_column][vc_column width=&#8221;1\/6&#8243;][vc_single_image image=&#8221;1919&#8243; img_size=&#8221;50&#215;50&#8243; css=&#8221;&#8221;][vc_column_text css=&#8221;.vc_custom_1743428339905{margin-bottom: 15px !important;}&#8221;]<\/p>\n<h5>Odprtost<\/h5>\n<p>[\/vc_column_text][vc_column_text css=&#8221;&#8221;]Najbolj\u0161e ideje izhajajo iz sodelovanja in preglednosti. Spodbujamo odprte razprave in iskrene povratne informacije.[\/vc_column_text][\/vc_column][vc_column width=&#8221;1\/6&#8243;][vc_single_image image=&#8221;1911&#8243; img_size=&#8221;50&#215;50&#8243; css=&#8221;&#8221;][vc_column_text css=&#8221;.vc_custom_1743428346946{margin-bottom: 15px !important;}&#8221;]<\/p>\n<h5>Napake kot odsko\u010dna deska<\/h5>\n<p>[\/vc_column_text][vc_column_text css=&#8221;&#8221;]Sprejemamo drzna tveganja, eksperimentiramo in se hitro u\u010dimo. Ne uspe vse prvi\u010d, a neuspehi so stopnice do inovacij.[\/vc_column_text][\/vc_column][\/vc_row][vc_row el_class=&#8221;sp-row sp-row-4t&#8221;][vc_column width=&#8221;1\/2&#8243; el_class=&#8221;c1&#8243;][vc_column_text css=&#8221;&#8221;]<\/p>\n<h2>Na\u0161 model miselnosti 4T<\/h2>\n<p>Na\u0161 model 4T podpira na\u0161o filozofijo in vodi na\u0161e poslanstvo kot platformo za pametno nakupovanje. Je celovit okvir, ki odra\u017ea temeljne vrednote, ki jih zagovarjamo v vsakem vidiku na\u0161ega dela. Z usklajevanjem tehnologije, preglednosti, prometa in zaupanja zagotavljamo celosten pristop, klju\u010den za spodbujanje inovacij. Ta model ni le skupek posameznih elementov; gre za sinergijo, ki jo ustvarjajo skupaj in ki predstavlja bistvo zaupanja vredne, uporabniku prijazne in napredno usmerjene nakupovalne izku\u0161nje.[\/vc_column_text]\t\t\n\t\t<a href=\"https:\/\/www.shoptok.com\/sl\/kontakt\/\" target=\"\" class=\"btn  btn-secondary btn-lg \" id=\"\">Kontakt<\/a>\n\n\t\t[vc_empty_space][\/vc_column][vc_column width=&#8221;1\/2&#8243; el_class=&#8221;vc_tta-o-non-responsive c2&#8243;][vc_tta_tabs active_section=&#8221;1&#8243; el_class=&#8221;four-tabs&#8221;][vc_tta_section title=&#8221;Zaupanje (Trust)&#8221; tab_id=&#8221;1719211196703-dd72204b-2f3d&#8221;][vc_column_text css=&#8221;&#8221; el_class=&#8221;mb-0&#8243;]<\/p>\n<p class=\"p1\"><strong>Zaupanje<\/strong> (Trust) \u2013 verjamemo, da je zaupanje glavni gonilnik vsakega odnosa, vir vrednosti. To uporabljamo pri na\u0161em pogledu na nakupovanje, pri ponudbi in pri odnosu do blagovnih znamk ter trgovcev.<\/p>\n<p>[\/vc_column_text][\/vc_tta_section][vc_tta_section title=&#8221;Preglednost (Transparency)&#8221; tab_id=&#8221;1719211207944-49e795df-c598&#8243;][vc_column_text css=&#8221;&#8221; el_class=&#8221;mb-0&#8243;]<\/p>\n<p class=\"p1\"><strong>Preglednost<\/strong> (Transparency) \u2013 je klju\u010dna sestavina zaupanja; najdemo jo v predstavitvi izdelkov in storitev, v komunikaciji, v vsem, kar po\u010dnemo pri prodaji.<\/p>\n<p>[\/vc_column_text][\/vc_tta_section][vc_tta_section title=&#8221;Tehnologija (Technology)&#8221; tab_id=&#8221;1719211207328-adcfef31-6dd1&#8243;][vc_column_text css=&#8221;&#8221; el_class=&#8221;mb-0&#8243;]<\/p>\n<p class=\"p1\"><strong>Tehnologija<\/strong> (Technology) \u2013 je gonilo na\u0161e rasti, omogo\u010da nam drzne sanje in dose\u017eke, zagotavlja udobje in bogati vse vrste interakcij v procesu.<\/p>\n<p>[\/vc_column_text][\/vc_tta_section][vc_tta_section title=&#8221;Promet (Traffic)&#8221; tab_id=&#8221;1719211207150-59e959ce-83ad&#8221;][vc_column_text css=&#8221;&#8221; el_class=&#8221;mb-0&#8243;]<\/p>\n<p class=\"p1\"><strong>Promet<\/strong> (Traffic) \u2013 se vrti okoli interakcije, ki je osnova \u010dlove\u0161kega obstoja, skozi katerega i\u0161\u010demo, najdemo, razumemo, uporabljamo, do\u017eivljamo, pomnimo.<\/p>\n<p>[\/vc_column_text][\/vc_tta_section][\/vc_tta_tabs][\/vc_column][\/vc_row]<\/p>\n<\/div>","protected":false},"excerpt":{"rendered":"<p>[vc_row full_width=&#8221;stretch_row_content_no_spaces&#8221; el_class=&#8221;sp-page-title&#8221;][vc_column][\/vc_column][\/vc_row][vc_row css=&#8221;.vc_custom_1742390485685{margin-top: 50px !important;margin-bottom: 25px !important;}&#8221;][vc_column][vc_column_text css=&#8221;&#8221;] Jedro Shoptoka [\/vc_column_text][\/vc_column][\/vc_row][vc_row gap=&#8221;20&#8243; equal_height=&#8221;yes&#8221; css=&#8221;.vc_custom_1753092255592{margin-bottom: 60px !important;}&#8221; el_class=&#8221;row-with-icons-and-text&#8221;][vc_column width=&#8221;1\/3&#8243; css=&#8221;.vc_custom_1742389890553{padding-top: 50px !important;padding-right: 50px !important;padding-bottom: 50px !important;padding-left: 50px !important;background-color: #fafafa !important;border-radius: 15px !important;}&#8221;][vc_single_image image=&#8221;1877&#8243; img_size=&#8221;50&#215;50&#8243; css=&#8221;&#8221;][vc_column_text css=&#8221;&#8221;] Namen [\/vc_column_text][vc_column_text css=&#8221;&#8221;]Na\u0161e poslanstvo je omogo\u010diti pametnej\u0161e nakupovanje \u2013 potro\u0161nikom zagotavljamo pregledne, na podatkih temelje\u010de vpoglede, podjetjem pa orodja za optimizacijo vidnosti, uspe\u0161nosti in cenovnih strategij. Biti \u017eelimo zaupanja vredna vez med kupci in podjetji, ki omogo\u010da, da kupci sprejemajo premi\u0161ljene odlo\u010ditve, trgovci pa dosegajo pravo ob\u010dinstvo ob pravem \u010dasu.[\/vc_column_text][\/vc_column][vc_column width=&#8221;1\/3&#8243; css=&#8221;.vc_custom_1742389965550{padding-top: 50px !important;padding-right: 50px !important;padding-bottom: 50px !important;padding-left: 50px !important;background-color: #fafafa !important;border-radius: 15px !important;}&#8221;][vc_single_image image=&#8221;1881&#8243; img_size=&#8221;50&#215;50&#8243; css=&#8221;&#8221;][vc_column_text css=&#8221;&#8221;] Vizija [\/vc_column_text][vc_column_text css=&#8221;&#8221;]Ustvariti najbolj zanesljiv in pronicljiv ekosistem pametnega nakupovanja, kjer uporabniki samozavestno raziskujejo svoje nakupovalno [&hellip;]<\/p>\n","protected":false},"author":2,"featured_media":0,"parent":1343,"menu_order":2,"comment_status":"closed","ping_status":"closed","template":"","meta":{"footnotes":""},"class_list":["post-1864","page","type-page","status-publish","hentry"],"yoast_head":"<!-- This site is optimized with the Yoast SEO plugin v21.3 - https:\/\/yoast.com\/wordpress\/plugins\/seo\/ -->\n<title>Kultura - Eponuda &amp; Shoptok<\/title>\n<meta name=\"description\" content=\"Shoptok is the ultimate platform for smart shopping. We bring together consumers and sellers, providing the most important information needed to make informed purchase decisions. Our focus is on transparency and clear market offerings, including price, availability, satisfaction, payment, guaranty, reference, social attitude, and delivery.\" \/>\n<meta name=\"robots\" content=\"index, follow, max-snippet:-1, max-image-preview:large, max-video-preview:-1\" \/>\n<link rel=\"canonical\" href=\"https:\/\/www.shoptok.com\/sl\/o-nas\/kultura\/\" \/>\n<meta property=\"og:locale\" content=\"sl_SI\" \/>\n<meta property=\"og:type\" content=\"article\" \/>\n<meta property=\"og:title\" content=\"Kultura - Eponuda &amp; Shoptok\" \/>\n<meta property=\"og:description\" content=\"Shoptok is the ultimate platform for smart shopping. We bring together consumers and sellers, providing the most important information needed to make informed purchase decisions. Our focus is on transparency and clear market offerings, including price, availability, satisfaction, payment, guaranty, reference, social attitude, and delivery.\" \/>\n<meta property=\"og:url\" content=\"https:\/\/www.shoptok.com\/sl\/o-nas\/kultura\/\" \/>\n<meta property=\"og:site_name\" content=\"Eponuda &amp; Shoptok\" \/>\n<meta property=\"article:modified_time\" content=\"2025-10-08T10:32:50+00:00\" \/>\n<meta name=\"twitter:card\" content=\"summary_large_image\" \/>\n<meta name=\"twitter:label1\" content=\"Est. reading time\" \/>\n\t<meta name=\"twitter:data1\" content=\"4 minute\" \/>\n<script type=\"application\/ld+json\" class=\"yoast-schema-graph\">{\"@context\":\"https:\/\/schema.org\",\"@graph\":[{\"@type\":\"WebPage\",\"@id\":\"https:\/\/www.shoptok.com\/sl\/o-nas\/kultura\/\",\"url\":\"https:\/\/www.shoptok.com\/sl\/o-nas\/kultura\/\",\"name\":\"Kultura - Eponuda &amp; Shoptok\",\"isPartOf\":{\"@id\":\"https:\/\/www.shoptok.com\/#website\"},\"datePublished\":\"2025-04-01T07:44:09+00:00\",\"dateModified\":\"2025-10-08T10:32:50+00:00\",\"description\":\"Shoptok is the ultimate platform for smart shopping. We bring together consumers and sellers, providing the most important information needed to make informed purchase decisions. Our focus is on transparency and clear market offerings, including price, availability, satisfaction, payment, guaranty, reference, social attitude, and delivery.\",\"breadcrumb\":{\"@id\":\"https:\/\/www.shoptok.com\/sl\/o-nas\/kultura\/#breadcrumb\"},\"inLanguage\":\"sl-SI\",\"potentialAction\":[{\"@type\":\"ReadAction\",\"target\":[\"https:\/\/www.shoptok.com\/sl\/o-nas\/kultura\/\"]}]},{\"@type\":\"BreadcrumbList\",\"@id\":\"https:\/\/www.shoptok.com\/sl\/o-nas\/kultura\/#breadcrumb\",\"itemListElement\":[{\"@type\":\"ListItem\",\"position\":1,\"name\":\"O nas\",\"item\":\"https:\/\/www.shoptok.com\/sl\/o-nas\/\"},{\"@type\":\"ListItem\",\"position\":2,\"name\":\"Kultura\"}]},{\"@type\":\"WebSite\",\"@id\":\"https:\/\/www.shoptok.com\/#website\",\"url\":\"https:\/\/www.shoptok.com\/\",\"name\":\"Eponuda &amp; Shoptok\",\"description\":\"\",\"potentialAction\":[{\"@type\":\"SearchAction\",\"target\":{\"@type\":\"EntryPoint\",\"urlTemplate\":\"https:\/\/www.shoptok.com\/?s={search_term_string}\"},\"query-input\":\"required name=search_term_string\"}],\"inLanguage\":\"sl-SI\"}]}<\/script>\n<!-- \/ Yoast SEO plugin. -->","yoast_head_json":{"title":"Kultura - Eponuda &amp; Shoptok","description":"Shoptok is the ultimate platform for smart shopping. We bring together consumers and sellers, providing the most important information needed to make informed purchase decisions. Our focus is on transparency and clear market offerings, including price, availability, satisfaction, payment, guaranty, reference, social attitude, and delivery.","robots":{"index":"index","follow":"follow","max-snippet":"max-snippet:-1","max-image-preview":"max-image-preview:large","max-video-preview":"max-video-preview:-1"},"canonical":"https:\/\/www.shoptok.com\/sl\/o-nas\/kultura\/","og_locale":"sl_SI","og_type":"article","og_title":"Kultura - Eponuda &amp; Shoptok","og_description":"Shoptok is the ultimate platform for smart shopping. We bring together consumers and sellers, providing the most important information needed to make informed purchase decisions. Our focus is on transparency and clear market offerings, including price, availability, satisfaction, payment, guaranty, reference, social attitude, and delivery.","og_url":"https:\/\/www.shoptok.com\/sl\/o-nas\/kultura\/","og_site_name":"Eponuda &amp; Shoptok","article_modified_time":"2025-10-08T10:32:50+00:00","twitter_card":"summary_large_image","twitter_misc":{"Est. reading time":"4 minute"},"schema":{"@context":"https:\/\/schema.org","@graph":[{"@type":"WebPage","@id":"https:\/\/www.shoptok.com\/sl\/o-nas\/kultura\/","url":"https:\/\/www.shoptok.com\/sl\/o-nas\/kultura\/","name":"Kultura - Eponuda &amp; Shoptok","isPartOf":{"@id":"https:\/\/www.shoptok.com\/#website"},"datePublished":"2025-04-01T07:44:09+00:00","dateModified":"2025-10-08T10:32:50+00:00","description":"Shoptok is the ultimate platform for smart shopping. We bring together consumers and sellers, providing the most important information needed to make informed purchase decisions. Our focus is on transparency and clear market offerings, including price, availability, satisfaction, payment, guaranty, reference, social attitude, and delivery.","breadcrumb":{"@id":"https:\/\/www.shoptok.com\/sl\/o-nas\/kultura\/#breadcrumb"},"inLanguage":"sl-SI","potentialAction":[{"@type":"ReadAction","target":["https:\/\/www.shoptok.com\/sl\/o-nas\/kultura\/"]}]},{"@type":"BreadcrumbList","@id":"https:\/\/www.shoptok.com\/sl\/o-nas\/kultura\/#breadcrumb","itemListElement":[{"@type":"ListItem","position":1,"name":"O nas","item":"https:\/\/www.shoptok.com\/sl\/o-nas\/"},{"@type":"ListItem","position":2,"name":"Kultura"}]},{"@type":"WebSite","@id":"https:\/\/www.shoptok.com\/#website","url":"https:\/\/www.shoptok.com\/","name":"Eponuda &amp; Shoptok","description":"","potentialAction":[{"@type":"SearchAction","target":{"@type":"EntryPoint","urlTemplate":"https:\/\/www.shoptok.com\/?s={search_term_string}"},"query-input":"required name=search_term_string"}],"inLanguage":"sl-SI"}]}},"_links":{"self":[{"href":"https:\/\/www.shoptok.com\/sl\/wp-json\/wp\/v2\/pages\/1864","targetHints":{"allow":["GET"]}}],"collection":[{"href":"https:\/\/www.shoptok.com\/sl\/wp-json\/wp\/v2\/pages"}],"about":[{"href":"https:\/\/www.shoptok.com\/sl\/wp-json\/wp\/v2\/types\/page"}],"author":[{"embeddable":true,"href":"https:\/\/www.shoptok.com\/sl\/wp-json\/wp\/v2\/users\/2"}],"replies":[{"embeddable":true,"href":"https:\/\/www.shoptok.com\/sl\/wp-json\/wp\/v2\/comments?post=1864"}],"version-history":[{"count":0,"href":"https:\/\/www.shoptok.com\/sl\/wp-json\/wp\/v2\/pages\/1864\/revisions"}],"up":[{"embeddable":true,"href":"https:\/\/www.shoptok.com\/sl\/wp-json\/wp\/v2\/pages\/1343"}],"wp:attachment":[{"href":"https:\/\/www.shoptok.com\/sl\/wp-json\/wp\/v2\/media?parent=1864"}],"curies":[{"name":"wp","href":"https:\/\/api.w.org\/{rel}","templated":true}]}}