{"id":1956,"date":"2025-04-01T08:08:47","date_gmt":"2025-04-01T08:08:47","guid":{"rendered":"https:\/\/www.shoptok.com\/?page_id=1956"},"modified":"2025-10-09T13:59:52","modified_gmt":"2025-10-09T13:59:52","slug":"kariera","status":"publish","type":"page","link":"https:\/\/www.shoptok.com\/sl\/o-nas\/kariera\/","title":{"rendered":"Kariera"},"content":{"rendered":"<div class=\"wpb-content-wrapper\"><p>[vc_row full_width=&#8221;stretch_row_content_no_spaces&#8221; el_class=&#8221;sp-page-title&#8221;][vc_column]\n\n\n\n\n\n\t\t\n                     \n                <div class=\"title-banner limit-height\" style=\"background-image: linear-gradient(rgba(0, 0, 0, 0.0),rgba(0, 0, 0, 0.0)),url();\">\n                            <video  autoplay loop muted playsinline>\n                <source src=\"https:\/\/www.shoptok.com\/wp-content\/uploads\/2024\/06\/career.mp4\" type=\"video\/mp4\">\n                Your browser does not support the video tag.\n                <\/video>\n\n                <div class=\"container\">\n\n                    <div>\n                        <h2 class=\"entry-subtitle\">O NAS<\/h2>\n                        <h1 class=\"entry-title\">Va\u0161a kariera pri Shoptoku in Eponudi<\/h1>\n                    <\/div>\n                    <div>\n                                                                                            <\/div>\n                <\/div>\n            <\/div>\n        \n\t\t[\/vc_column][\/vc_row][vc_row gap=&#8221;30&#8243; content_placement=&#8221;middle&#8221; el_class=&#8221;sp-row&#8221; css=&#8221;.vc_custom_1743756576900{margin-top: 50px !important;margin-bottom: 50px !important;}&#8221;][vc_column width=&#8221;1\/2&#8243; el_class=&#8221;c1&#8243;][vc_column_text css=&#8221;&#8221;]<\/p>\n<h2>Pridru\u017eite se na\u0161i ekipi<\/h2>\n<p>[\/vc_column_text][vc_column_text css=&#8221;&#8221;]V Eponudi in Shoptoku smo ponosni, da v na\u0161ih pisarnah v Beogradu in Ljubljani deluje ve\u010d kot 30 predanih strokovnjakov. Na\u0161a najve\u010dja vrednost so ljudje \u2013 zato si prizadevamo pritegniti in obdr\u017eati najbolj\u0161e talente z ustvarjanjem kulture zadovoljstva pri delu, ambicioznosti in odgovornosti. Verjamemo v sodelovanje in timski duh, pri \u010demer vsaka ekipa deluje samostojno, a usklajeno z na\u0161o skupno vizijo. Z uporabo metodologije OKR (Objectives and Key Results) spodbujamo inovativnost in dosegamo merljive rezultate.<\/p>\n<p>Na\u0161 cilj je ponuditi konkuren\u010dne zaposlitvene pogoje in spodbudno delovno okolje, kjer zaposleni lahko uspevajo. Tako Eponuda kot Shoptok gradita delovna mesta, ki uravnote\u017eijo ambicioznost in podporo ter spodbujajo vsakogar, da prispeva k na\u0161i zgodbi \u2013 in k na\u0161im petkovim dru\u017eenjem! Pridru\u017eite se nam in soustvarjajte uspe\u0161ne zgodbe.[\/vc_column_text][\/vc_column][vc_column width=&#8221;1\/2&#8243; el_class=&#8221;c2&#8243;][vc_single_image image=&#8221;1999&#8243; css=&#8221;&#8221;][\/vc_column][\/vc_row][vc_row css=&#8221;.vc_custom_1742379889580{margin-top: 70px !important;margin-bottom: 35px !important;}&#8221;][vc_column][vc_column_text css=&#8221;&#8221;]<\/p>\n<h1 style=\"text-align: center;\">Prosta delovna mesta<\/h1>\n<p>[\/vc_column_text][\/vc_column][\/vc_row][vc_row gap=&#8221;35&#8243;][vc_column width=&#8221;1\/2&#8243; css=&#8221;.vc_custom_1743494625386{border-top-width: 3px !important;border-right-width: 3px !important;border-bottom-width: 3px !important;border-left-width: 3px !important;padding-right: 25px !important;padding-bottom: 35px !important;padding-left: 35px !important;border-left-style: solid !important;border-right-style: solid !important;border-top-style: solid !important;border-bottom-style: solid !important;border-radius: 15px !important;border-color: #fafafa !important;}&#8221;][vc_column_text css=&#8221;&#8221;]<\/p>\n<h4><strong>Senior Sales Manager<\/strong><\/h4>\n<p>[\/vc_column_text][vc_column_text css=&#8221;&#8221;]Lokacija: Ljubljana, Slovenija[\/vc_column_text][vc_column_text css=&#8221;&#8221;]I\u0161\u010demo izku\u0161enega vodjo prodaje, ki ga \u017eene prodajna uspe\u0161nost in rad dela s strankami.[\/vc_column_text]\t\t\n\t\t<a href=\"mailto: info&#64;&#115;&#x68;&#x6f;&#x70;&#x74;&#x6f;k.co&#109;\" target=\"\" class=\"btn  btn-secondary btn-lg \" id=\"\">PRIJAVI SE<\/a>\n\n\t\t[\/vc_column][vc_column width=&#8221;1\/2&#8243; css=&#8221;.vc_custom_1743756560135{border-top-width: 3px !important;border-right-width: 3px !important;border-bottom-width: 3px !important;border-left-width: 3px !important;padding-right: 35px !important;padding-bottom: 35px !important;padding-left: 35px !important;border-left-style: solid !important;border-right-style: solid !important;border-top-style: solid !important;border-bottom-style: solid !important;border-radius: 15px !important;border-color: #fafafa !important;}&#8221;][vc_column_text css=&#8221;&#8221;]<\/p>\n<h4><strong>PHP Mid\/Senior Specialist<\/strong><\/h4>\n<p>[\/vc_column_text][vc_column_text css=&#8221;&#8221;]Lokacija: Beograd, Srbija[\/vc_column_text][vc_column_text css=&#8221;&#8221;]I\u0161\u010demo mid\/senior razvijalca, ki nam bo pomagal graditi platforme za e-trgovino v Adriatici regiji.[\/vc_column_text]\t\t\n\t\t<a href=\"mailto: &#105;&#x6e;&#102;&#x6f;&#64;&#x73;h&#x6f;p&#x74;o&#x6b;.&#x63;o&#x6d;\" target=\"\" class=\"btn  btn-secondary btn-lg \" id=\"\">PRIJAVI SE<\/a>\n\n\t\t[\/vc_column][\/vc_row][vc_row gap=&#8221;35&#8243;][vc_column width=&#8221;1\/2&#8243; css=&#8221;.vc_custom_1743494625386{border-top-width: 3px !important;border-right-width: 3px !important;border-bottom-width: 3px !important;border-left-width: 3px !important;padding-right: 25px !important;padding-bottom: 35px !important;padding-left: 35px !important;border-left-style: solid !important;border-right-style: solid !important;border-top-style: solid !important;border-bottom-style: solid !important;border-radius: 15px !important;border-color: #fafafa !important;}&#8221;][vc_column_text css=&#8221;&#8221;]<\/p>\n<h4><strong>Text Analysis Developer<\/strong><\/h4>\n<p>[\/vc_column_text][vc_column_text css=&#8221;&#8221;]Lokacija: Beograd, Srbija[\/vc_column_text][vc_column_text css=&#8221;&#8221;]I\u0161\u010demo navdu\u0161enca nad analizo besedil, ki nam bo pomagal pretvoriti neorganizirane tekstovne podatke v smiselne informacije.[\/vc_column_text]\t\t\n\t\t<a href=\"mailto: i&#x6e;f&#111;&#x40;s&#104;&#x6f;p&#x74;&#x6f;k&#x2e;c&#111;&#x6d;\" target=\"\" class=\"btn  btn-secondary btn-lg \" id=\"\">PRIJAVI SE<\/a>\n\n\t\t[\/vc_column][\/vc_row][vc_row][vc_column][vc_empty_space height=&#8221;50&#8243;][\/vc_column][\/vc_row]<\/p>\n<\/div>","protected":false},"excerpt":{"rendered":"<p>[vc_row full_width=&#8221;stretch_row_content_no_spaces&#8221; el_class=&#8221;sp-page-title&#8221;][vc_column][\/vc_column][\/vc_row][vc_row gap=&#8221;30&#8243; content_placement=&#8221;middle&#8221; el_class=&#8221;sp-row&#8221; css=&#8221;.vc_custom_1743756576900{margin-top: 50px !important;margin-bottom: 50px !important;}&#8221;][vc_column width=&#8221;1\/2&#8243; el_class=&#8221;c1&#8243;][vc_column_text css=&#8221;&#8221;] Pridru\u017eite se na\u0161i ekipi [\/vc_column_text][vc_column_text css=&#8221;&#8221;]V Eponudi in Shoptoku smo ponosni, da v na\u0161ih pisarnah v Beogradu in Ljubljani deluje ve\u010d kot 30 predanih strokovnjakov. Na\u0161a najve\u010dja vrednost so ljudje \u2013 zato si prizadevamo pritegniti in obdr\u017eati najbolj\u0161e talente z ustvarjanjem kulture zadovoljstva pri delu, ambicioznosti in odgovornosti. Verjamemo v sodelovanje in timski duh, pri \u010demer vsaka ekipa deluje samostojno, a usklajeno z na\u0161o skupno vizijo. Z uporabo metodologije OKR (Objectives and Key Results) spodbujamo inovativnost in dosegamo merljive rezultate. Na\u0161 cilj je ponuditi konkuren\u010dne zaposlitvene pogoje in spodbudno delovno okolje, kjer zaposleni lahko uspevajo. Tako Eponuda kot Shoptok gradita delovna mesta, ki uravnote\u017eijo ambicioznost in [&hellip;]<\/p>\n","protected":false},"author":2,"featured_media":0,"parent":1343,"menu_order":1,"comment_status":"closed","ping_status":"closed","template":"","meta":{"footnotes":""},"class_list":["post-1956","page","type-page","status-publish","hentry"],"yoast_head":"<!-- This site is optimized with the Yoast SEO plugin v21.3 - https:\/\/yoast.com\/wordpress\/plugins\/seo\/ -->\n<title>Kariera - Eponuda &amp; Shoptok<\/title>\n<meta name=\"description\" content=\"Shoptok is the ultimate platform for smart shopping. We bring together consumers and sellers, providing the most important information needed to make informed purchase decisions. Our focus is on transparency and clear market offerings, including price, availability, satisfaction, payment, guaranty, reference, social attitude, and delivery.\" \/>\n<meta name=\"robots\" content=\"index, follow, max-snippet:-1, max-image-preview:large, max-video-preview:-1\" \/>\n<link rel=\"canonical\" href=\"https:\/\/www.shoptok.com\/sl\/o-nas\/kariera\/\" \/>\n<meta property=\"og:locale\" content=\"sl_SI\" \/>\n<meta property=\"og:type\" content=\"article\" \/>\n<meta property=\"og:title\" content=\"Kariera - Eponuda &amp; Shoptok\" \/>\n<meta property=\"og:description\" content=\"Shoptok is the ultimate platform for smart shopping. We bring together consumers and sellers, providing the most important information needed to make informed purchase decisions. Our focus is on transparency and clear market offerings, including price, availability, satisfaction, payment, guaranty, reference, social attitude, and delivery.\" \/>\n<meta property=\"og:url\" content=\"https:\/\/www.shoptok.com\/sl\/o-nas\/kariera\/\" \/>\n<meta property=\"og:site_name\" content=\"Eponuda &amp; Shoptok\" \/>\n<meta property=\"article:modified_time\" content=\"2025-10-09T13:59:52+00:00\" \/>\n<meta name=\"twitter:card\" content=\"summary_large_image\" \/>\n<meta name=\"twitter:label1\" content=\"Est. reading time\" \/>\n\t<meta name=\"twitter:data1\" content=\"2 minuti\" \/>\n<script type=\"application\/ld+json\" class=\"yoast-schema-graph\">{\"@context\":\"https:\/\/schema.org\",\"@graph\":[{\"@type\":\"WebPage\",\"@id\":\"https:\/\/www.shoptok.com\/sl\/o-nas\/kariera\/\",\"url\":\"https:\/\/www.shoptok.com\/sl\/o-nas\/kariera\/\",\"name\":\"Kariera - Eponuda &amp; Shoptok\",\"isPartOf\":{\"@id\":\"https:\/\/www.shoptok.com\/#website\"},\"datePublished\":\"2025-04-01T08:08:47+00:00\",\"dateModified\":\"2025-10-09T13:59:52+00:00\",\"description\":\"Shoptok is the ultimate platform for smart shopping. We bring together consumers and sellers, providing the most important information needed to make informed purchase decisions. Our focus is on transparency and clear market offerings, including price, availability, satisfaction, payment, guaranty, reference, social attitude, and delivery.\",\"breadcrumb\":{\"@id\":\"https:\/\/www.shoptok.com\/sl\/o-nas\/kariera\/#breadcrumb\"},\"inLanguage\":\"sl-SI\",\"potentialAction\":[{\"@type\":\"ReadAction\",\"target\":[\"https:\/\/www.shoptok.com\/sl\/o-nas\/kariera\/\"]}]},{\"@type\":\"BreadcrumbList\",\"@id\":\"https:\/\/www.shoptok.com\/sl\/o-nas\/kariera\/#breadcrumb\",\"itemListElement\":[{\"@type\":\"ListItem\",\"position\":1,\"name\":\"O nas\",\"item\":\"https:\/\/www.shoptok.com\/sl\/o-nas\/\"},{\"@type\":\"ListItem\",\"position\":2,\"name\":\"Kariera\"}]},{\"@type\":\"WebSite\",\"@id\":\"https:\/\/www.shoptok.com\/#website\",\"url\":\"https:\/\/www.shoptok.com\/\",\"name\":\"Eponuda &amp; Shoptok\",\"description\":\"\",\"potentialAction\":[{\"@type\":\"SearchAction\",\"target\":{\"@type\":\"EntryPoint\",\"urlTemplate\":\"https:\/\/www.shoptok.com\/?s={search_term_string}\"},\"query-input\":\"required name=search_term_string\"}],\"inLanguage\":\"sl-SI\"}]}<\/script>\n<!-- \/ Yoast SEO plugin. -->","yoast_head_json":{"title":"Kariera - Eponuda &amp; Shoptok","description":"Shoptok is the ultimate platform for smart shopping. We bring together consumers and sellers, providing the most important information needed to make informed purchase decisions. Our focus is on transparency and clear market offerings, including price, availability, satisfaction, payment, guaranty, reference, social attitude, and delivery.","robots":{"index":"index","follow":"follow","max-snippet":"max-snippet:-1","max-image-preview":"max-image-preview:large","max-video-preview":"max-video-preview:-1"},"canonical":"https:\/\/www.shoptok.com\/sl\/o-nas\/kariera\/","og_locale":"sl_SI","og_type":"article","og_title":"Kariera - Eponuda &amp; Shoptok","og_description":"Shoptok is the ultimate platform for smart shopping. We bring together consumers and sellers, providing the most important information needed to make informed purchase decisions. Our focus is on transparency and clear market offerings, including price, availability, satisfaction, payment, guaranty, reference, social attitude, and delivery.","og_url":"https:\/\/www.shoptok.com\/sl\/o-nas\/kariera\/","og_site_name":"Eponuda &amp; Shoptok","article_modified_time":"2025-10-09T13:59:52+00:00","twitter_card":"summary_large_image","twitter_misc":{"Est. reading time":"2 minuti"},"schema":{"@context":"https:\/\/schema.org","@graph":[{"@type":"WebPage","@id":"https:\/\/www.shoptok.com\/sl\/o-nas\/kariera\/","url":"https:\/\/www.shoptok.com\/sl\/o-nas\/kariera\/","name":"Kariera - Eponuda &amp; Shoptok","isPartOf":{"@id":"https:\/\/www.shoptok.com\/#website"},"datePublished":"2025-04-01T08:08:47+00:00","dateModified":"2025-10-09T13:59:52+00:00","description":"Shoptok is the ultimate platform for smart shopping. We bring together consumers and sellers, providing the most important information needed to make informed purchase decisions. Our focus is on transparency and clear market offerings, including price, availability, satisfaction, payment, guaranty, reference, social attitude, and delivery.","breadcrumb":{"@id":"https:\/\/www.shoptok.com\/sl\/o-nas\/kariera\/#breadcrumb"},"inLanguage":"sl-SI","potentialAction":[{"@type":"ReadAction","target":["https:\/\/www.shoptok.com\/sl\/o-nas\/kariera\/"]}]},{"@type":"BreadcrumbList","@id":"https:\/\/www.shoptok.com\/sl\/o-nas\/kariera\/#breadcrumb","itemListElement":[{"@type":"ListItem","position":1,"name":"O nas","item":"https:\/\/www.shoptok.com\/sl\/o-nas\/"},{"@type":"ListItem","position":2,"name":"Kariera"}]},{"@type":"WebSite","@id":"https:\/\/www.shoptok.com\/#website","url":"https:\/\/www.shoptok.com\/","name":"Eponuda &amp; Shoptok","description":"","potentialAction":[{"@type":"SearchAction","target":{"@type":"EntryPoint","urlTemplate":"https:\/\/www.shoptok.com\/?s={search_term_string}"},"query-input":"required name=search_term_string"}],"inLanguage":"sl-SI"}]}},"_links":{"self":[{"href":"https:\/\/www.shoptok.com\/sl\/wp-json\/wp\/v2\/pages\/1956","targetHints":{"allow":["GET"]}}],"collection":[{"href":"https:\/\/www.shoptok.com\/sl\/wp-json\/wp\/v2\/pages"}],"about":[{"href":"https:\/\/www.shoptok.com\/sl\/wp-json\/wp\/v2\/types\/page"}],"author":[{"embeddable":true,"href":"https:\/\/www.shoptok.com\/sl\/wp-json\/wp\/v2\/users\/2"}],"replies":[{"embeddable":true,"href":"https:\/\/www.shoptok.com\/sl\/wp-json\/wp\/v2\/comments?post=1956"}],"version-history":[{"count":3,"href":"https:\/\/www.shoptok.com\/sl\/wp-json\/wp\/v2\/pages\/1956\/revisions"}],"predecessor-version":[{"id":2387,"href":"https:\/\/www.shoptok.com\/sl\/wp-json\/wp\/v2\/pages\/1956\/revisions\/2387"}],"up":[{"embeddable":true,"href":"https:\/\/www.shoptok.com\/sl\/wp-json\/wp\/v2\/pages\/1343"}],"wp:attachment":[{"href":"https:\/\/www.shoptok.com\/sl\/wp-json\/wp\/v2\/media?parent=1956"}],"curies":[{"name":"wp","href":"https:\/\/api.w.org\/{rel}","templated":true}]}}