{"id":1291,"date":"2024-06-20T18:59:10","date_gmt":"2024-06-20T18:59:10","guid":{"rendered":"https:\/\/www.shoptok.com\/thank-you\/"},"modified":"2024-10-04T03:55:10","modified_gmt":"2024-10-04T03:55:10","slug":"hvala","status":"publish","type":"page","link":"https:\/\/www.shoptok.com\/sr\/hvala\/","title":{"rendered":"Hvala"},"content":{"rendered":"<div class=\"wpb-content-wrapper\"><p>[vc_row full_width=&#8221;stretch_row_content_no_spaces&#8221; el_class=&#8221;sp-page-title sp-page-title-empty&#8221;][vc_column]\n\n\n\n\n\n\t\t\n                    <div class=\"title-banner title-banner-empty\" style=\"background-image: linear-gradient(rgba(0, 0, 0, 0.0),rgba(0, 0, 0, 0.0)),url();\">\n            <\/div>\n        \n\t\t[\/vc_column][\/vc_row][vc_row el_class=&#8221;sp-row sp-row-empty&#8221;][vc_column width=&#8221;5\/12&#8243; el_class=&#8221;col-left c1&#8243;][vc_column_text css=&#8221;&#8221;]<\/p>\n<h6>TO JE TO!<\/h6>\n<h1>Hvala \u0161to ste se<br \/>\nprijavili!<\/h1>\n<p>Na\u0161 tim \u0107e analizirati informacije koje ste nam poslali i javi\u0107e vam se u najkra\u0107em mogu\u0107em roku. Raduje nas mogu\u0107nost da doprinesemo unapre\u0111enju va\u0161eg poslovanja.[\/vc_column_text]\t\t\n\t\t<a href=\"https:\/\/www.shoptok.com\/\" target=\"\" class=\"btn  btn-secondary btn-lg empty-space-hide-mobile\" id=\"\">Idi na glavnu stranicu<\/a>\n\n\t\t[\/vc_column][vc_column width=&#8221;7\/12&#8243; el_class=&#8221;col-right empty-space-hide-desktop&#8221;]\t\t\n\t\t<a href=\"https:\/\/www.shoptok.com\/\" target=\"\" class=\"btn  btn-secondary btn-lg \" id=\"\">Idi na glavnu stranicu<\/a>\n\n\t\t[\/vc_column][\/vc_row][vc_row][vc_column][vc_empty_space][\/vc_column][\/vc_row]<\/p>\n<\/div>","protected":false},"excerpt":{"rendered":"<p>[vc_row full_width=&#8221;stretch_row_content_no_spaces&#8221; el_class=&#8221;sp-page-title sp-page-title-empty&#8221;][vc_column][\/vc_column][\/vc_row][vc_row el_class=&#8221;sp-row sp-row-empty&#8221;][vc_column width=&#8221;5\/12&#8243; el_class=&#8221;col-left c1&#8243;][vc_column_text css=&#8221;&#8221;] TO JE TO! Hvala \u0161to ste se prijavili! Na\u0161 tim \u0107e analizirati informacije koje ste nam poslali i javi\u0107e vam se u najkra\u0107em mogu\u0107em roku. Raduje nas mogu\u0107nost da doprinesemo unapre\u0111enju va\u0161eg poslovanja.[\/vc_column_text][\/vc_column][vc_column width=&#8221;7\/12&#8243; el_class=&#8221;col-right empty-space-hide-desktop&#8221;][\/vc_column][\/vc_row][vc_row][vc_column][vc_empty_space][\/vc_column][\/vc_row]<\/p>\n","protected":false},"author":1,"featured_media":0,"parent":0,"menu_order":7,"comment_status":"closed","ping_status":"closed","template":"","meta":{"footnotes":""},"class_list":["post-1291","page","type-page","status-publish","hentry"],"yoast_head":"<!-- This site is optimized with the Yoast SEO plugin v21.3 - https:\/\/yoast.com\/wordpress\/plugins\/seo\/ -->\n<title>Hvala - Eponuda &amp; Shoptok<\/title>\n<meta name=\"description\" content=\"JTNDcCUzRUklMjBhbSUyMHJhdyUyMGh0bWwlMjBibG9jay4lM0NiciUyRiUzRUNsaWNrJTIwZWRpdCUyMGJ1dHRvbiUyMHRvJTIwY2hhbmdlJTIwdGhpcyUyMGh0bWwlM0MlMkZwJTNF TO JE TO! Hvala \u0161to ste se prijavili! Na\u0161 tim \u0107e analizirati informacije koje ste nam poslali i javi\u0107e vam se u najkra\u0107em mogu\u0107em roku. Raduje nas mogu\u0107nost da\" \/>\n<meta name=\"robots\" content=\"index, follow, max-snippet:-1, max-image-preview:large, max-video-preview:-1\" \/>\n<link rel=\"canonical\" href=\"https:\/\/www.shoptok.com\/sr\/hvala\/\" \/>\n<meta property=\"og:locale\" content=\"sr_RS\" \/>\n<meta property=\"og:type\" content=\"article\" \/>\n<meta property=\"og:title\" content=\"Hvala - Eponuda &amp; Shoptok\" \/>\n<meta property=\"og:description\" content=\"[vc_row full_width=&#8221;stretch_row_content_no_spaces&#8221; el_class=&#8221;sp-page-title sp-page-title-empty&#8221;][vc_column][\/vc_column][\/vc_row][vc_row el_class=&#8221;sp-row sp-row-empty&#8221;][vc_column width=&#8221;5\/12&#8243; el_class=&#8221;col-left c1&#8243;][vc_column_text css=&#8221;&#8221;] TO JE TO! Hvala \u0161to ste se prijavili! Na\u0161 tim \u0107e analizirati informacije koje ste nam poslali i javi\u0107e vam se u najkra\u0107em mogu\u0107em roku. Raduje nas mogu\u0107nost da doprinesemo unapre\u0111enju va\u0161eg poslovanja.[\/vc_column_text][\/vc_column][vc_column width=&#8221;7\/12&#8243; el_class=&#8221;col-right empty-space-hide-desktop&#8221;][\/vc_column][\/vc_row][vc_row][vc_column][vc_empty_space][\/vc_column][\/vc_row]\" \/>\n<meta property=\"og:url\" content=\"https:\/\/www.shoptok.com\/sr\/hvala\/\" \/>\n<meta property=\"og:site_name\" content=\"Eponuda &amp; Shoptok\" \/>\n<meta property=\"article:modified_time\" content=\"2024-10-04T03:55:10+00:00\" \/>\n<meta name=\"twitter:card\" content=\"summary_large_image\" \/>\n<meta name=\"twitter:label1\" content=\"\u041f\u0440\u043e\u0446\u0435\u045a\u0435\u043d\u043e \u0432\u0440\u0435\u043c\u0435 \u0447\u0438\u0442\u0430\u045a\u0430\" \/>\n\t<meta name=\"twitter:data1\" content=\"1 \u043c\u0438\u043d\u0443\u0442\" \/>\n<script type=\"application\/ld+json\" class=\"yoast-schema-graph\">{\"@context\":\"https:\/\/schema.org\",\"@graph\":[{\"@type\":\"WebPage\",\"@id\":\"https:\/\/www.shoptok.com\/sr\/hvala\/\",\"url\":\"https:\/\/www.shoptok.com\/sr\/hvala\/\",\"name\":\"Hvala - Eponuda &amp; Shoptok\",\"isPartOf\":{\"@id\":\"https:\/\/www.shoptok.com\/#website\"},\"datePublished\":\"2024-06-20T18:59:10+00:00\",\"dateModified\":\"2024-10-04T03:55:10+00:00\",\"inLanguage\":\"sr-RS\",\"potentialAction\":[{\"@type\":\"ReadAction\",\"target\":[\"https:\/\/www.shoptok.com\/sr\/hvala\/\"]}]},{\"@type\":\"WebSite\",\"@id\":\"https:\/\/www.shoptok.com\/#website\",\"url\":\"https:\/\/www.shoptok.com\/\",\"name\":\"Eponuda &amp; Shoptok\",\"description\":\"\",\"potentialAction\":[{\"@type\":\"SearchAction\",\"target\":{\"@type\":\"EntryPoint\",\"urlTemplate\":\"https:\/\/www.shoptok.com\/?s={search_term_string}\"},\"query-input\":\"required name=search_term_string\"}],\"inLanguage\":\"sr-RS\"}]}<\/script>\n<!-- \/ Yoast SEO plugin. -->","yoast_head_json":{"title":"Hvala - Eponuda &amp; Shoptok","description":"JTNDcCUzRUklMjBhbSUyMHJhdyUyMGh0bWwlMjBibG9jay4lM0NiciUyRiUzRUNsaWNrJTIwZWRpdCUyMGJ1dHRvbiUyMHRvJTIwY2hhbmdlJTIwdGhpcyUyMGh0bWwlM0MlMkZwJTNF TO JE TO! Hvala \u0161to ste se prijavili! Na\u0161 tim \u0107e analizirati informacije koje ste nam poslali i javi\u0107e vam se u najkra\u0107em mogu\u0107em roku. Raduje nas mogu\u0107nost da","robots":{"index":"index","follow":"follow","max-snippet":"max-snippet:-1","max-image-preview":"max-image-preview:large","max-video-preview":"max-video-preview:-1"},"canonical":"https:\/\/www.shoptok.com\/sr\/hvala\/","og_locale":"sr_RS","og_type":"article","og_title":"Hvala - Eponuda &amp; Shoptok","og_description":"[vc_row full_width=&#8221;stretch_row_content_no_spaces&#8221; el_class=&#8221;sp-page-title sp-page-title-empty&#8221;][vc_column][\/vc_column][\/vc_row][vc_row el_class=&#8221;sp-row sp-row-empty&#8221;][vc_column width=&#8221;5\/12&#8243; el_class=&#8221;col-left c1&#8243;][vc_column_text css=&#8221;&#8221;] TO JE TO! Hvala \u0161to ste se prijavili! Na\u0161 tim \u0107e analizirati informacije koje ste nam poslali i javi\u0107e vam se u najkra\u0107em mogu\u0107em roku. Raduje nas mogu\u0107nost da doprinesemo unapre\u0111enju va\u0161eg poslovanja.[\/vc_column_text][\/vc_column][vc_column width=&#8221;7\/12&#8243; el_class=&#8221;col-right empty-space-hide-desktop&#8221;][\/vc_column][\/vc_row][vc_row][vc_column][vc_empty_space][\/vc_column][\/vc_row]","og_url":"https:\/\/www.shoptok.com\/sr\/hvala\/","og_site_name":"Eponuda &amp; Shoptok","article_modified_time":"2024-10-04T03:55:10+00:00","twitter_card":"summary_large_image","twitter_misc":{"\u041f\u0440\u043e\u0446\u0435\u045a\u0435\u043d\u043e \u0432\u0440\u0435\u043c\u0435 \u0447\u0438\u0442\u0430\u045a\u0430":"1 \u043c\u0438\u043d\u0443\u0442"},"schema":{"@context":"https:\/\/schema.org","@graph":[{"@type":"WebPage","@id":"https:\/\/www.shoptok.com\/sr\/hvala\/","url":"https:\/\/www.shoptok.com\/sr\/hvala\/","name":"Hvala - Eponuda &amp; Shoptok","isPartOf":{"@id":"https:\/\/www.shoptok.com\/#website"},"datePublished":"2024-06-20T18:59:10+00:00","dateModified":"2024-10-04T03:55:10+00:00","inLanguage":"sr-RS","potentialAction":[{"@type":"ReadAction","target":["https:\/\/www.shoptok.com\/sr\/hvala\/"]}]},{"@type":"WebSite","@id":"https:\/\/www.shoptok.com\/#website","url":"https:\/\/www.shoptok.com\/","name":"Eponuda &amp; Shoptok","description":"","potentialAction":[{"@type":"SearchAction","target":{"@type":"EntryPoint","urlTemplate":"https:\/\/www.shoptok.com\/?s={search_term_string}"},"query-input":"required name=search_term_string"}],"inLanguage":"sr-RS"}]}},"_links":{"self":[{"href":"https:\/\/www.shoptok.com\/sr\/wp-json\/wp\/v2\/pages\/1291","targetHints":{"allow":["GET"]}}],"collection":[{"href":"https:\/\/www.shoptok.com\/sr\/wp-json\/wp\/v2\/pages"}],"about":[{"href":"https:\/\/www.shoptok.com\/sr\/wp-json\/wp\/v2\/types\/page"}],"author":[{"embeddable":true,"href":"https:\/\/www.shoptok.com\/sr\/wp-json\/wp\/v2\/users\/1"}],"replies":[{"embeddable":true,"href":"https:\/\/www.shoptok.com\/sr\/wp-json\/wp\/v2\/comments?post=1291"}],"version-history":[{"count":0,"href":"https:\/\/www.shoptok.com\/sr\/wp-json\/wp\/v2\/pages\/1291\/revisions"}],"wp:attachment":[{"href":"https:\/\/www.shoptok.com\/sr\/wp-json\/wp\/v2\/media?parent=1291"}],"curies":[{"name":"wp","href":"https:\/\/api.w.org\/{rel}","templated":true}]}}