{"id":1292,"date":"2024-06-20T11:45:39","date_gmt":"2024-06-20T11:45:39","guid":{"rendered":"https:\/\/www.shoptok.com\/get-started\/"},"modified":"2025-10-08T10:56:22","modified_gmt":"2025-10-08T10:56:22","slug":"pocetak","status":"publish","type":"page","link":"https:\/\/www.shoptok.com\/sr\/pocetak\/","title":{"rendered":"Po\u010detak"},"content":{"rendered":"<div class=\"wpb-content-wrapper\"><p>[vc_row full_width=&#8221;stretch_row_content_no_spaces&#8221; el_class=&#8221;sp-page-title sp-page-title-empty&#8221;][vc_column]\n\n\n\n\n\n\t\t\n                    <div class=\"title-banner title-banner-empty\" style=\"background-image: linear-gradient(rgba(0, 0, 0, 0.0),rgba(0, 0, 0, 0.0)),url();\">\n            <\/div>\n        \n\t\t[\/vc_column][\/vc_row][vc_row el_class=&#8221;sp-row sp-row-empty&#8221;][vc_column]\n<div class=\"wpcf7 no-js\" id=\"wpcf7-f2377-o1\" lang=\"en-US\" dir=\"ltr\" data-wpcf7-id=\"2377\">\n<div class=\"screen-reader-response\"><p role=\"status\" aria-live=\"polite\" aria-atomic=\"true\"><\/p> <ul><\/ul><\/div>\n<form action=\"\/sr\/wp-json\/wp\/v2\/pages\/1292#wpcf7-f2377-o1\" method=\"post\" class=\"wpcf7-form init\" aria-label=\"Contact form\" novalidate=\"novalidate\" data-status=\"init\">\n<fieldset class=\"hidden-fields-container\"><input type=\"hidden\" name=\"_wpcf7\" value=\"2377\" \/><input type=\"hidden\" name=\"_wpcf7_version\" value=\"6.1.3\" \/><input type=\"hidden\" name=\"_wpcf7_locale\" value=\"en_US\" \/><input type=\"hidden\" name=\"_wpcf7_unit_tag\" value=\"wpcf7-f2377-o1\" \/><input type=\"hidden\" name=\"_wpcf7_container_post\" value=\"0\" \/><input type=\"hidden\" name=\"_wpcf7_posted_data_hash\" value=\"\" \/>\n<\/fieldset>\n<div class=\"uacf7-form-2377\"><div class=\"get-started-wrap\">\n  <div class=\"c1\">\n    <h1>Pokrenite svoj biznis uz Eponudu i Shoptok ve\u0107 danas!<\/h1>\n    <p>Pridru\u017eite nam se.<\/p>\n  <\/div>\n  <div class=\"c2\">\n    <div id=\"ns-contact-field\"><span class=\"wpcf7-form-control-wrap\" data-name=\"ns-field\"><input size=\"40\" maxlength=\"400\" class=\"wpcf7-form-control wpcf7-text\" aria-invalid=\"false\" value=\"\" type=\"text\" name=\"ns-field\" \/><\/span><\/div>\n        <p class=\"p-input\"><span class=\"wpcf7-form-control-wrap\" data-name=\"your-name\"><input size=\"40\" maxlength=\"400\" class=\"wpcf7-form-control wpcf7-text wpcf7-validates-as-required\" aria-required=\"true\" aria-invalid=\"false\" value=\"\" type=\"text\" name=\"your-name\" \/><\/span><span class=\"floating-label\">Veb sajt prodavnice *<\/span><\/p>\n\t<p class=\"p-input\"><span class=\"wpcf7-form-control-wrap\" data-name=\"your-name-1\"><input size=\"40\" maxlength=\"400\" class=\"wpcf7-form-control wpcf7-text wpcf7-validates-as-required\" aria-required=\"true\" aria-invalid=\"false\" value=\"\" type=\"text\" name=\"your-name-1\" \/><\/span><span class=\"floating-label\">Ime *<\/span><\/p>\n\t<p class=\"p-input\"><span class=\"wpcf7-form-control-wrap\" data-name=\"your-name-2\"><input size=\"40\" maxlength=\"400\" class=\"wpcf7-form-control wpcf7-text wpcf7-validates-as-required\" aria-required=\"true\" aria-invalid=\"false\" value=\"\" type=\"text\" name=\"your-name-2\" \/><\/span><span class=\"floating-label\">Prezime *<\/span><\/p>\n\t<p class=\"p-input\"><span class=\"wpcf7-form-control-wrap\" data-name=\"your-email\"><input size=\"40\" maxlength=\"400\" class=\"wpcf7-form-control wpcf7-email wpcf7-validates-as-required wpcf7-text wpcf7-validates-as-email\" aria-required=\"true\" aria-invalid=\"false\" value=\"\" type=\"email\" name=\"your-email\" \/><\/span><span class=\"floating-label\">Imejl adresa *<\/span><\/p>\n\t<p class=\"p-input\"><span class=\"wpcf7-form-control-wrap\" data-name=\"your-tel\"><input size=\"40\" maxlength=\"400\" class=\"wpcf7-form-control wpcf7-text wpcf7-validates-as-required\" aria-required=\"true\" aria-invalid=\"false\" value=\"\" type=\"text\" name=\"your-tel\" \/><\/span><span class=\"floating-label\">Broj telefona *<\/span><\/p>\n\n    <p class=\"p-gdpr\">\n      <span class=\"wpcf7-form-control-wrap\" data-name=\"your-gdpr\"><span class=\"wpcf7-form-control wpcf7-checkbox\"><span class=\"wpcf7-list-item first last\"><input type=\"checkbox\" name=\"your-gdpr[]\" value=\"Da,\" \/><span class=\"wpcf7-list-item-label\">Da,<\/span><\/span><\/span><\/span> Dozvoljavam kori\u0161\u0107enje i \u010duvanje dostavljenih podataka u svrhu obrade zahteva, vo\u0111enja evidencije i komunikacije putem imejla ili telefona.\n    <\/p>\n    <p class=\"p-gdpr\">\n      <span class=\"wpcf7-form-control-wrap\" data-name=\"your-gdpr2\"><span class=\"wpcf7-form-control wpcf7-checkbox\"><span class=\"wpcf7-list-item first last\"><input type=\"checkbox\" name=\"your-gdpr2[]\" value=\"Da,\" \/><span class=\"wpcf7-list-item-label\">Da,<\/span><\/span><\/span><\/span> Saglasan sam da primam poslovne vesti i komercijalne ponude Eponude.\n    <\/p>\n<\/br><div id=\"cf7sr-6a00449c91c95\" class=\"cf7sr-g-recaptcha\" data-theme=\"light\" data-type=\"image\" data-size=\"normal\" data-sitekey=\"6LcSRAgsAAAAAHu_06bmycEuWYwkRLXRUIWYtKCs\"><\/div><span class=\"wpcf7-form-control-wrap cf7sr-recaptcha\" data-name=\"cf7sr-recaptcha\"><input type=\"hidden\" name=\"cf7sr-recaptcha\" value=\"\" class=\"wpcf7-form-control\"><\/span><\/br>\n<p class=\"\"><input class=\"wpcf7-form-control wpcf7-submit has-spinner\" type=\"submit\" value=\"Po\u0161alji\" \/><\/p>\n  <\/div>\n<\/div><\/div><div class=\"wpcf7-response-output\" aria-hidden=\"true\"><\/div>\n<\/form>\n<\/div>\n[\/vc_column][\/vc_row][vc_row][vc_column][vc_empty_space el_class=&#8221;empty-space-hide-mobile&#8221;][vc_empty_space el_class=&#8221;empty-space-hide-mobile&#8221;][\/vc_column][\/vc_row]<\/p>\n<\/div>","protected":false},"excerpt":{"rendered":"<p>[vc_row full_width=&#8221;stretch_row_content_no_spaces&#8221; el_class=&#8221;sp-page-title sp-page-title-empty&#8221;][vc_column][\/vc_column][\/vc_row][vc_row el_class=&#8221;sp-row sp-row-empty&#8221;][vc_column][\/vc_column][\/vc_row][vc_row][vc_column][vc_empty_space el_class=&#8221;empty-space-hide-mobile&#8221;][vc_empty_space el_class=&#8221;empty-space-hide-mobile&#8221;][\/vc_column][\/vc_row]<\/p>\n","protected":false},"author":1,"featured_media":0,"parent":0,"menu_order":5,"comment_status":"closed","ping_status":"closed","template":"","meta":{"footnotes":""},"class_list":["post-1292","page","type-page","status-publish","hentry"],"yoast_head":"<!-- This site is optimized with the Yoast SEO plugin v21.3 - https:\/\/yoast.com\/wordpress\/plugins\/seo\/ -->\n<title>Po\u010detak - Eponuda &amp; Shoptok<\/title>\n<meta name=\"description\" content=\"Get your business started with Eponuda &amp; Shoptok today! Welcome to the Adriatic &amp; Balkan\u2019s leading smart shopping platform. Join today just share with us some basic info and we will get back to you ASAP.\" \/>\n<meta name=\"robots\" content=\"index, follow, max-snippet:-1, max-image-preview:large, max-video-preview:-1\" \/>\n<link rel=\"canonical\" href=\"https:\/\/www.shoptok.com\/sr\/pocetak\/\" \/>\n<meta property=\"og:locale\" content=\"sr_RS\" \/>\n<meta property=\"og:type\" content=\"article\" \/>\n<meta property=\"og:title\" content=\"Po\u010detak - Eponuda &amp; Shoptok\" \/>\n<meta property=\"og:description\" content=\"Get your business started with Eponuda &amp; Shoptok today! Welcome to the Adriatic &amp; Balkan\u2019s leading smart shopping platform. Join today just share with us some basic info and we will get back to you ASAP.\" \/>\n<meta property=\"og:url\" content=\"https:\/\/www.shoptok.com\/sr\/pocetak\/\" \/>\n<meta property=\"og:site_name\" content=\"Eponuda &amp; Shoptok\" \/>\n<meta property=\"article:modified_time\" content=\"2025-10-08T10:56:22+00:00\" \/>\n<meta name=\"twitter:card\" content=\"summary_large_image\" \/>\n<meta name=\"twitter:label1\" content=\"\u041f\u0440\u043e\u0446\u0435\u045a\u0435\u043d\u043e \u0432\u0440\u0435\u043c\u0435 \u0447\u0438\u0442\u0430\u045a\u0430\" \/>\n\t<meta name=\"twitter:data1\" content=\"1 \u043c\u0438\u043d\u0443\u0442\" \/>\n<script type=\"application\/ld+json\" class=\"yoast-schema-graph\">{\"@context\":\"https:\/\/schema.org\",\"@graph\":[{\"@type\":\"WebPage\",\"@id\":\"https:\/\/www.shoptok.com\/sr\/pocetak\/\",\"url\":\"https:\/\/www.shoptok.com\/sr\/pocetak\/\",\"name\":\"Po\u010detak - Eponuda &amp; Shoptok\",\"isPartOf\":{\"@id\":\"https:\/\/www.shoptok.com\/#website\"},\"datePublished\":\"2024-06-20T11:45:39+00:00\",\"dateModified\":\"2025-10-08T10:56:22+00:00\",\"description\":\"Get your business started with Eponuda & Shoptok today! Welcome to the Adriatic & Balkan\u2019s leading smart shopping platform. Join today just share with us some basic info and we will get back to you ASAP.\",\"inLanguage\":\"sr-RS\",\"potentialAction\":[{\"@type\":\"ReadAction\",\"target\":[\"https:\/\/www.shoptok.com\/sr\/pocetak\/\"]}]},{\"@type\":\"WebSite\",\"@id\":\"https:\/\/www.shoptok.com\/#website\",\"url\":\"https:\/\/www.shoptok.com\/\",\"name\":\"Eponuda &amp; Shoptok\",\"description\":\"\",\"potentialAction\":[{\"@type\":\"SearchAction\",\"target\":{\"@type\":\"EntryPoint\",\"urlTemplate\":\"https:\/\/www.shoptok.com\/?s={search_term_string}\"},\"query-input\":\"required name=search_term_string\"}],\"inLanguage\":\"sr-RS\"}]}<\/script>\n<!-- \/ Yoast SEO plugin. -->","yoast_head_json":{"title":"Po\u010detak - Eponuda &amp; Shoptok","description":"Get your business started with Eponuda & Shoptok today! Welcome to the Adriatic & Balkan\u2019s leading smart shopping platform. Join today just share with us some basic info and we will get back to you ASAP.","robots":{"index":"index","follow":"follow","max-snippet":"max-snippet:-1","max-image-preview":"max-image-preview:large","max-video-preview":"max-video-preview:-1"},"canonical":"https:\/\/www.shoptok.com\/sr\/pocetak\/","og_locale":"sr_RS","og_type":"article","og_title":"Po\u010detak - Eponuda &amp; Shoptok","og_description":"Get your business started with Eponuda & Shoptok today! Welcome to the Adriatic & Balkan\u2019s leading smart shopping platform. Join today just share with us some basic info and we will get back to you ASAP.","og_url":"https:\/\/www.shoptok.com\/sr\/pocetak\/","og_site_name":"Eponuda &amp; Shoptok","article_modified_time":"2025-10-08T10:56:22+00:00","twitter_card":"summary_large_image","twitter_misc":{"\u041f\u0440\u043e\u0446\u0435\u045a\u0435\u043d\u043e \u0432\u0440\u0435\u043c\u0435 \u0447\u0438\u0442\u0430\u045a\u0430":"1 \u043c\u0438\u043d\u0443\u0442"},"schema":{"@context":"https:\/\/schema.org","@graph":[{"@type":"WebPage","@id":"https:\/\/www.shoptok.com\/sr\/pocetak\/","url":"https:\/\/www.shoptok.com\/sr\/pocetak\/","name":"Po\u010detak - Eponuda &amp; Shoptok","isPartOf":{"@id":"https:\/\/www.shoptok.com\/#website"},"datePublished":"2024-06-20T11:45:39+00:00","dateModified":"2025-10-08T10:56:22+00:00","description":"Get your business started with Eponuda & Shoptok today! Welcome to the Adriatic & Balkan\u2019s leading smart shopping platform. Join today just share with us some basic info and we will get back to you ASAP.","inLanguage":"sr-RS","potentialAction":[{"@type":"ReadAction","target":["https:\/\/www.shoptok.com\/sr\/pocetak\/"]}]},{"@type":"WebSite","@id":"https:\/\/www.shoptok.com\/#website","url":"https:\/\/www.shoptok.com\/","name":"Eponuda &amp; Shoptok","description":"","potentialAction":[{"@type":"SearchAction","target":{"@type":"EntryPoint","urlTemplate":"https:\/\/www.shoptok.com\/?s={search_term_string}"},"query-input":"required name=search_term_string"}],"inLanguage":"sr-RS"}]}},"_links":{"self":[{"href":"https:\/\/www.shoptok.com\/sr\/wp-json\/wp\/v2\/pages\/1292","targetHints":{"allow":["GET"]}}],"collection":[{"href":"https:\/\/www.shoptok.com\/sr\/wp-json\/wp\/v2\/pages"}],"about":[{"href":"https:\/\/www.shoptok.com\/sr\/wp-json\/wp\/v2\/types\/page"}],"author":[{"embeddable":true,"href":"https:\/\/www.shoptok.com\/sr\/wp-json\/wp\/v2\/users\/1"}],"replies":[{"embeddable":true,"href":"https:\/\/www.shoptok.com\/sr\/wp-json\/wp\/v2\/comments?post=1292"}],"version-history":[{"count":0,"href":"https:\/\/www.shoptok.com\/sr\/wp-json\/wp\/v2\/pages\/1292\/revisions"}],"wp:attachment":[{"href":"https:\/\/www.shoptok.com\/sr\/wp-json\/wp\/v2\/media?parent=1292"}],"curies":[{"name":"wp","href":"https:\/\/api.w.org\/{rel}","templated":true}]}}