{"id":1311,"date":"2024-02-21T10:33:14","date_gmt":"2024-02-21T10:33:14","guid":{"rendered":"https:\/\/www.shoptok.com\/cookies\/"},"modified":"2024-08-13T15:08:50","modified_gmt":"2024-08-13T15:08:50","slug":"kolacici","status":"publish","type":"page","link":"https:\/\/www.shoptok.com\/sr\/kolacici\/","title":{"rendered":"Kola\u010di\u0107i"},"content":{"rendered":"<div class=\"wpb-content-wrapper\"><p>[vc_row full_width=&#8221;stretch_row_content_no_spaces&#8221; el_class=&#8221;sp-page-title&#8221;][vc_column]\n\n\n\n\n\n\t\t\n                    <div class=\"title-banner title-banner-empty\" style=\"background-image: linear-gradient(rgba(0, 0, 0, 0.0),rgba(0, 0, 0, 0.0)),url();\">\n            <\/div>\n        \n\t\t[\/vc_column][\/vc_row][vc_row el_class=&#8221;sp-row&#8221;][vc_column][vc_column_text css=&#8221;&#8221;]<\/p>\n<div class=\"vc_row wpb_row vc_row-fluid\">\n<div class=\"wpb_column vc_column_container vc_col-sm-12\">\n<div class=\"vc_column-inner \">\n<div class=\"wpb_wrapper\">\n<div class=\"wpb_text_column wpb_content_element \">\n<div class=\"wpb_wrapper\">\n<p>Kola\u010di\u0107i su male datoteke koje se u\u010ditavaju na va\u0161 ra\u010dunar u cilju pobolj\u0161anja korisni\u010dkog iskustva.<\/p>\n<p>Kola\u010di\u0107i nisu \u0161tetni i uvek su vremenski ograni\u010deni.<\/p>\n<p>Koristimo slede\u0107e kola\u010di\u0107e:<\/p>\n<p>Grupa 1:<br \/>\nOvo su obavezni kola\u010di\u0107i i bez njih stranica ne\u0107e raditi kako treba. Pode\u0161avaju se kada po\u0161aljete obrazac, potpi\u0161ete, obavite onlajn kupovinu ili ostvarite bilo kakvu vrstu interakcije sa veb-stranicom koja obuhvata vi\u0161e od kliktanja na vezu. Za ove kola\u010di\u0107e nam ne treba va\u0161a saglasnost.<\/p>\n<p>Grupa 2:<br \/>\nOvi kola\u010di\u0107i analiziraju posete stranicama koje bi mogle pobolj\u0161ati korisni\u010dko iskustva. Kori\u0161\u0107enjem veb-stranice dajete svoju saglasnost za instalaciju ovih kola\u010di\u0107a na svom ra\u010dunaru.<\/p>\n<p>Grupa 3:<br \/>\nKola\u010di\u0107i partnerskih pru\u017eaoca usluga, kao \u0161to su Facebook, Twitter, Google i drugi. Ako prilikom kori\u0161\u0107enja stranice ne odobrite kola\u010di\u0107e, oni ne\u0107e biti preuzeti na va\u0161 ra\u010dunar, ali se mo\u017ee desiti da zbog toga ne budu dostupne neke od zanimljivih karakteristika veb-stranice.<\/p>\n<p>Kako da upravljate i onemogu\u0107ite kola\u010di\u0107e na svom ra\u010dunaru:<\/p>\n<p>Imate punu kontrolu nad \u010duvanjem kola\u010di\u0107a zbog pregleda\u010da koji koristite a koji omogu\u0107ava ograni\u010davanje \u010duvanja ili onemogu\u0107avanje kola\u010di\u0107a.<\/p>\n<p>Za informacije o pode\u0161avanjima kola\u010di\u0107a, izaberite veb-pregleda\u010d koji koristite.<\/p>\n<p><a href=\"https:\/\/support.google.com\/chrome\/answer\/95647?hl=sl-sl&amp;p=cpn_cookies\" target=\"_blank\" rel=\"noopener\">Chrome<\/a><br \/>\n<a href=\"http:\/\/support.mozilla.org\/sl\/kb\/Kako%20aktivirate%20in%20deaktivirate%20pi%C5%A1kote\" target=\"_blank\" rel=\"noopener\">Firefox<\/a><br \/>\n<a href=\"http:\/\/windows.microsoft.com\/sl-si\/windows7\/how-to-manage-cookies-in-internet-explorer-9\" target=\"_blank\" rel=\"noopener\">Internet Explorer 9<\/a><br \/>\n<a href=\"http:\/\/windows.microsoft.com\/sl-si\/windows-vista\/block-or-allow-cookies\" target=\"_blank\" rel=\"noopener\">Internet Explorer 7 ili 8<\/a><br \/>\n<a href=\"http:\/\/www.opera.com\/help\/tutorials\/security\/cookies\/\" target=\"_blank\" rel=\"noopener\">Opera<\/a><br \/>\n<a href=\"http:\/\/support.apple.com\/kb\/PH11913\" target=\"_blank\" rel=\"noopener\">Safari<\/a><\/p>\n<p>Ako onemogu\u0107ite kola\u010di\u0107e, neke mogu\u0107nosti veb-stranice bi\u0107e tako\u0111e onemogu\u0107ene.<\/p>\n<p>Lista kola\u010di\u0107a koji se koriste na ovoj veb-stranici:<\/p>\n<\/div>\n<\/div>\n<\/div>\n<\/div>\n<\/div>\n<\/div>\n<div class=\"vc_row wpb_row vc_row-fluid\">\n<div class=\"wpb_column vc_column_container vc_col-sm-3\">\n<div class=\"vc_column-inner \">\n<div class=\"wpb_wrapper\">\n<div class=\"wpb_text_column wpb_content_element \">\n<div class=\"wpb_wrapper\">\n<ul>\n<li>IME KOLA\u010cI\u0106A: __utma<\/li>\n<li>OPIS: Statistika pregleda stranice<\/li>\n<li>USLUGE: Google Analytics<\/li>\n<li>VREME TRAJANJA KOLA\u010cI\u0106A: 2 godine<\/li>\n<\/ul>\n<\/div>\n<\/div>\n<\/div>\n<\/div>\n<\/div>\n<div class=\"wpb_column vc_column_container vc_col-sm-3\">\n<div class=\"vc_column-inner \">\n<div class=\"wpb_wrapper\">\n<div class=\"wpb_text_column wpb_content_element \">\n<div class=\"wpb_wrapper\">\n<ul>\n<li>IME KOLA\u010cI\u0106A: __utmb<\/li>\n<li>OPIS: Statistika pregleda stranice<\/li>\n<li>USLUGE: Google Analytics<\/li>\n<li>VREME TRAJANJA KOLA\u010cI\u0106A: 1 dan<\/li>\n<\/ul>\n<\/div>\n<\/div>\n<\/div>\n<\/div>\n<\/div>\n<div class=\"wpb_column vc_column_container vc_col-sm-3\">\n<div class=\"vc_column-inner \">\n<div class=\"wpb_wrapper\">\n<div class=\"wpb_text_column wpb_content_element \">\n<div class=\"wpb_wrapper\">\n<ul>\n<li>IME KOLA\u010cI\u0106A: __utmc<\/li>\n<li>OPIS: Statistika pregleda stranice<\/li>\n<li>USLUGE: Google Analytics<\/li>\n<li>VREME TRAJANJA KOLA\u010cI\u0106A: Kraj ove sesije<\/li>\n<\/ul>\n<\/div>\n<\/div>\n<\/div>\n<\/div>\n<\/div>\n<div class=\"wpb_column vc_column_container vc_col-sm-3\">\n<div class=\"vc_column-inner \">\n<div class=\"wpb_wrapper\">\n<div class=\"wpb_text_column wpb_content_element \">\n<div class=\"wpb_wrapper\">\n<ul>\n<li>IME KOLA\u010cI\u0106A: __utmz<\/li>\n<li>OPIS: Statistika pregleda stranice<\/li>\n<li>USLUGE: Google Analytics<\/li>\n<li>VREME TRAJANJA KOLA\u010cI\u0106A: 6 meseci<\/li>\n<\/ul>\n<\/div>\n<\/div>\n<\/div>\n<\/div>\n<\/div>\n<\/div>\n<h2><\/h2>\n<p>[\/vc_column_text][\/vc_column][\/vc_row]<\/p>\n<\/div>","protected":false},"excerpt":{"rendered":"<p>[vc_row full_width=&#8221;stretch_row_content_no_spaces&#8221; el_class=&#8221;sp-page-title&#8221;][vc_column][\/vc_column][\/vc_row][vc_row el_class=&#8221;sp-row&#8221;][vc_column][vc_column_text css=&#8221;&#8221;] Kola\u010di\u0107i su male datoteke koje se u\u010ditavaju na va\u0161 ra\u010dunar u cilju pobolj\u0161anja korisni\u010dkog iskustva. Kola\u010di\u0107i nisu \u0161tetni i uvek su vremenski ograni\u010deni. Koristimo slede\u0107e kola\u010di\u0107e: Grupa 1: Ovo su obavezni kola\u010di\u0107i i bez njih stranica ne\u0107e raditi kako treba. Pode\u0161avaju se kada po\u0161aljete obrazac, potpi\u0161ete, obavite onlajn kupovinu ili ostvarite bilo kakvu vrstu interakcije sa veb-stranicom koja obuhvata vi\u0161e od kliktanja na vezu. Za ove kola\u010di\u0107e nam ne treba va\u0161a saglasnost. Grupa 2: Ovi kola\u010di\u0107i analiziraju posete stranicama koje bi mogle pobolj\u0161ati korisni\u010dko iskustva. Kori\u0161\u0107enjem veb-stranice dajete svoju saglasnost za instalaciju ovih kola\u010di\u0107a na svom ra\u010dunaru. Grupa 3: Kola\u010di\u0107i partnerskih pru\u017eaoca usluga, kao \u0161to su Facebook, Twitter, Google i drugi. Ako prilikom kori\u0161\u0107enja stranice [&hellip;]<\/p>\n","protected":false},"author":1,"featured_media":0,"parent":0,"menu_order":11,"comment_status":"closed","ping_status":"closed","template":"","meta":{"footnotes":""},"class_list":["post-1311","page","type-page","status-publish","hentry"],"yoast_head":"<!-- This site is optimized with the Yoast SEO plugin v21.3 - https:\/\/yoast.com\/wordpress\/plugins\/seo\/ -->\n<title>Kola\u010di\u0107i - Eponuda &amp; Shoptok<\/title>\n<meta name=\"description\" content=\"JTNDcCUzRUklMjBhbSUyMHJhdyUyMGh0bWwlMjBibG9jay4lM0NiciUyRiUzRUNsaWNrJTIwZWRpdCUyMGJ1dHRvbiUyMHRvJTIwY2hhbmdlJTIwdGhpcyUyMGh0bWwlM0MlMkZwJTNF Kola\u010di\u0107i su male datoteke koje se u\u010ditavaju na va\u0161 ra\u010dunar u cilju pobolj\u0161anja korisni\u010dkog iskustva. Kola\u010di\u0107i nisu \u0161tetni i uvek su vremenski ograni\u010deni. Koristimo slede\u0107e kola\u010di\u0107e: Grupa 1: Ovo\" \/>\n<meta name=\"robots\" content=\"index, follow, max-snippet:-1, max-image-preview:large, max-video-preview:-1\" \/>\n<link rel=\"canonical\" href=\"https:\/\/www.shoptok.com\/sr\/kolacici\/\" \/>\n<meta property=\"og:locale\" content=\"sr_RS\" \/>\n<meta property=\"og:type\" content=\"article\" \/>\n<meta property=\"og:title\" content=\"Kola\u010di\u0107i - Eponuda &amp; Shoptok\" \/>\n<meta property=\"og:description\" content=\"[vc_row full_width=&#8221;stretch_row_content_no_spaces&#8221; el_class=&#8221;sp-page-title&#8221;][vc_column][\/vc_column][\/vc_row][vc_row el_class=&#8221;sp-row&#8221;][vc_column][vc_column_text css=&#8221;&#8221;] Kola\u010di\u0107i su male datoteke koje se u\u010ditavaju na va\u0161 ra\u010dunar u cilju pobolj\u0161anja korisni\u010dkog iskustva. Kola\u010di\u0107i nisu \u0161tetni i uvek su vremenski ograni\u010deni. Koristimo slede\u0107e kola\u010di\u0107e: Grupa 1: Ovo su obavezni kola\u010di\u0107i i bez njih stranica ne\u0107e raditi kako treba. Pode\u0161avaju se kada po\u0161aljete obrazac, potpi\u0161ete, obavite onlajn kupovinu ili ostvarite bilo kakvu vrstu interakcije sa veb-stranicom koja obuhvata vi\u0161e od kliktanja na vezu. Za ove kola\u010di\u0107e nam ne treba va\u0161a saglasnost. Grupa 2: Ovi kola\u010di\u0107i analiziraju posete stranicama koje bi mogle pobolj\u0161ati korisni\u010dko iskustva. Kori\u0161\u0107enjem veb-stranice dajete svoju saglasnost za instalaciju ovih kola\u010di\u0107a na svom ra\u010dunaru. Grupa 3: Kola\u010di\u0107i partnerskih pru\u017eaoca usluga, kao \u0161to su Facebook, Twitter, Google i drugi. Ako prilikom kori\u0161\u0107enja stranice [&hellip;]\" \/>\n<meta property=\"og:url\" content=\"https:\/\/www.shoptok.com\/sr\/kolacici\/\" \/>\n<meta property=\"og:site_name\" content=\"Eponuda &amp; Shoptok\" \/>\n<meta property=\"article:modified_time\" content=\"2024-08-13T15:08:50+00:00\" \/>\n<meta name=\"twitter:card\" content=\"summary_large_image\" \/>\n<meta name=\"twitter:label1\" content=\"\u041f\u0440\u043e\u0446\u0435\u045a\u0435\u043d\u043e \u0432\u0440\u0435\u043c\u0435 \u0447\u0438\u0442\u0430\u045a\u0430\" \/>\n\t<meta name=\"twitter:data1\" content=\"2 \u043c\u0438\u043d\u0443\u0442\u0430\" \/>\n<script type=\"application\/ld+json\" class=\"yoast-schema-graph\">{\"@context\":\"https:\/\/schema.org\",\"@graph\":[{\"@type\":\"WebPage\",\"@id\":\"https:\/\/www.shoptok.com\/sr\/kolacici\/\",\"url\":\"https:\/\/www.shoptok.com\/sr\/kolacici\/\",\"name\":\"Kola\u010di\u0107i - Eponuda &amp; Shoptok\",\"isPartOf\":{\"@id\":\"https:\/\/www.shoptok.com\/#website\"},\"datePublished\":\"2024-02-21T10:33:14+00:00\",\"dateModified\":\"2024-08-13T15:08:50+00:00\",\"inLanguage\":\"sr-RS\",\"potentialAction\":[{\"@type\":\"ReadAction\",\"target\":[\"https:\/\/www.shoptok.com\/sr\/kolacici\/\"]}]},{\"@type\":\"WebSite\",\"@id\":\"https:\/\/www.shoptok.com\/#website\",\"url\":\"https:\/\/www.shoptok.com\/\",\"name\":\"Eponuda &amp; Shoptok\",\"description\":\"\",\"potentialAction\":[{\"@type\":\"SearchAction\",\"target\":{\"@type\":\"EntryPoint\",\"urlTemplate\":\"https:\/\/www.shoptok.com\/?s={search_term_string}\"},\"query-input\":\"required name=search_term_string\"}],\"inLanguage\":\"sr-RS\"}]}<\/script>\n<!-- \/ Yoast SEO plugin. -->","yoast_head_json":{"title":"Kola\u010di\u0107i - Eponuda &amp; Shoptok","description":"JTNDcCUzRUklMjBhbSUyMHJhdyUyMGh0bWwlMjBibG9jay4lM0NiciUyRiUzRUNsaWNrJTIwZWRpdCUyMGJ1dHRvbiUyMHRvJTIwY2hhbmdlJTIwdGhpcyUyMGh0bWwlM0MlMkZwJTNF Kola\u010di\u0107i su male datoteke koje se u\u010ditavaju na va\u0161 ra\u010dunar u cilju pobolj\u0161anja korisni\u010dkog iskustva. Kola\u010di\u0107i nisu \u0161tetni i uvek su vremenski ograni\u010deni. Koristimo slede\u0107e kola\u010di\u0107e: Grupa 1: Ovo","robots":{"index":"index","follow":"follow","max-snippet":"max-snippet:-1","max-image-preview":"max-image-preview:large","max-video-preview":"max-video-preview:-1"},"canonical":"https:\/\/www.shoptok.com\/sr\/kolacici\/","og_locale":"sr_RS","og_type":"article","og_title":"Kola\u010di\u0107i - Eponuda &amp; Shoptok","og_description":"[vc_row full_width=&#8221;stretch_row_content_no_spaces&#8221; el_class=&#8221;sp-page-title&#8221;][vc_column][\/vc_column][\/vc_row][vc_row el_class=&#8221;sp-row&#8221;][vc_column][vc_column_text css=&#8221;&#8221;] Kola\u010di\u0107i su male datoteke koje se u\u010ditavaju na va\u0161 ra\u010dunar u cilju pobolj\u0161anja korisni\u010dkog iskustva. Kola\u010di\u0107i nisu \u0161tetni i uvek su vremenski ograni\u010deni. Koristimo slede\u0107e kola\u010di\u0107e: Grupa 1: Ovo su obavezni kola\u010di\u0107i i bez njih stranica ne\u0107e raditi kako treba. Pode\u0161avaju se kada po\u0161aljete obrazac, potpi\u0161ete, obavite onlajn kupovinu ili ostvarite bilo kakvu vrstu interakcije sa veb-stranicom koja obuhvata vi\u0161e od kliktanja na vezu. Za ove kola\u010di\u0107e nam ne treba va\u0161a saglasnost. Grupa 2: Ovi kola\u010di\u0107i analiziraju posete stranicama koje bi mogle pobolj\u0161ati korisni\u010dko iskustva. Kori\u0161\u0107enjem veb-stranice dajete svoju saglasnost za instalaciju ovih kola\u010di\u0107a na svom ra\u010dunaru. Grupa 3: Kola\u010di\u0107i partnerskih pru\u017eaoca usluga, kao \u0161to su Facebook, Twitter, Google i drugi. Ako prilikom kori\u0161\u0107enja stranice [&hellip;]","og_url":"https:\/\/www.shoptok.com\/sr\/kolacici\/","og_site_name":"Eponuda &amp; Shoptok","article_modified_time":"2024-08-13T15:08:50+00:00","twitter_card":"summary_large_image","twitter_misc":{"\u041f\u0440\u043e\u0446\u0435\u045a\u0435\u043d\u043e \u0432\u0440\u0435\u043c\u0435 \u0447\u0438\u0442\u0430\u045a\u0430":"2 \u043c\u0438\u043d\u0443\u0442\u0430"},"schema":{"@context":"https:\/\/schema.org","@graph":[{"@type":"WebPage","@id":"https:\/\/www.shoptok.com\/sr\/kolacici\/","url":"https:\/\/www.shoptok.com\/sr\/kolacici\/","name":"Kola\u010di\u0107i - Eponuda &amp; Shoptok","isPartOf":{"@id":"https:\/\/www.shoptok.com\/#website"},"datePublished":"2024-02-21T10:33:14+00:00","dateModified":"2024-08-13T15:08:50+00:00","inLanguage":"sr-RS","potentialAction":[{"@type":"ReadAction","target":["https:\/\/www.shoptok.com\/sr\/kolacici\/"]}]},{"@type":"WebSite","@id":"https:\/\/www.shoptok.com\/#website","url":"https:\/\/www.shoptok.com\/","name":"Eponuda &amp; Shoptok","description":"","potentialAction":[{"@type":"SearchAction","target":{"@type":"EntryPoint","urlTemplate":"https:\/\/www.shoptok.com\/?s={search_term_string}"},"query-input":"required name=search_term_string"}],"inLanguage":"sr-RS"}]}},"_links":{"self":[{"href":"https:\/\/www.shoptok.com\/sr\/wp-json\/wp\/v2\/pages\/1311","targetHints":{"allow":["GET"]}}],"collection":[{"href":"https:\/\/www.shoptok.com\/sr\/wp-json\/wp\/v2\/pages"}],"about":[{"href":"https:\/\/www.shoptok.com\/sr\/wp-json\/wp\/v2\/types\/page"}],"author":[{"embeddable":true,"href":"https:\/\/www.shoptok.com\/sr\/wp-json\/wp\/v2\/users\/1"}],"replies":[{"embeddable":true,"href":"https:\/\/www.shoptok.com\/sr\/wp-json\/wp\/v2\/comments?post=1311"}],"version-history":[{"count":0,"href":"https:\/\/www.shoptok.com\/sr\/wp-json\/wp\/v2\/pages\/1311\/revisions"}],"wp:attachment":[{"href":"https:\/\/www.shoptok.com\/sr\/wp-json\/wp\/v2\/media?parent=1311"}],"curies":[{"name":"wp","href":"https:\/\/api.w.org\/{rel}","templated":true}]}}