{"id":1312,"date":"2024-02-21T10:32:58","date_gmt":"2024-02-21T10:32:58","guid":{"rendered":"https:\/\/www.shoptok.com\/production\/"},"modified":"2024-08-13T15:08:53","modified_gmt":"2024-08-13T15:08:53","slug":"izrada-veb-stranice","status":"publish","type":"page","link":"https:\/\/www.shoptok.com\/sr\/izrada-veb-stranice\/","title":{"rendered":"Izrada veb-stranice"},"content":{"rendered":"<div class=\"wpb-content-wrapper\"><p>[vc_row full_width=&#8221;stretch_row_content_no_spaces&#8221; el_class=&#8221;sp-page-title&#8221;][vc_column]\n\n\n\n\n\n\t\t\n                                    <div class=\"title-banner\" style=\"background-image: linear-gradient(rgba(0, 0, 0, 0.0),rgba(0, 0, 0, 0.0)),url();\">\n                            <video  autoplay loop muted playsinline>\n                <source src=\"https:\/\/www.shoptok.com\/wp-content\/uploads\/2024\/06\/novisplet-com-agencija-za-spletne-storitve-2.mp4\" type=\"video\/mp4\">\n                Your browser does not support the video tag.\n                <\/video>\n\n                <div class=\"container\">\n\n                    <div>\n                        <h2 class=\"entry-subtitle\"><\/h2>\n                        <h1 class=\"entry-title\">Izrada veb-stranice<\/h1>\n                    <\/div>\n                    <div>\n                                                                                            <\/div>\n                <\/div>\n            <\/div>\n        \n\t\t[\/vc_column][\/vc_row][vc_row el_class=&#8221;avtorji sp-row&#8221;][vc_column][vc_column_text css=&#8221;&#8221;]<\/p>\n<h2>Kreiranje veb-stranice<\/h2>\n<p>Prilikom izrade veb-stranice, <strong>digitalna agencija\u00a0<span style=\"color: #f56702;\">novi<\/span>Splet\u00a0<\/strong>pobrinula se za:<\/p>\n<ul>\n<li>tehni\u010dku implementaciju,<\/li>\n<li>realizaciju projekta.<\/li>\n<\/ul>\n<p><a href=\"https:\/\/www.novisplet.eu\/website-development\" target=\"_blank\" rel=\"noopener\">Kreiranje veb-stranice<\/a> je glavna aktivnost digitalne agencije noviSplet, koja sveobuhvatnim internet re\u0161enjima poma\u017ee kompanijama da pove\u0107aju prodaju i pobolj\u0161aju reputaciju.<\/p>\n<p>Vi\u0161e pro\u010ditajte na\u00a0<a href=\"https:\/\/www.novisplet.eu\/\" target=\"_blank\" rel=\"noopener\"><strong>www.novisplet.eu<\/strong><\/a><\/p>\n<h2>Kreiranje sadr\u017eaja veb-stranice i dizajniranje veb-stranice<\/h2>\n<p>Tekstovi i slikovni materijal na veb-stranici obezbedila je kompanija <strong>WETEH d.o.o.<\/strong>.[\/vc_column_text][\/vc_column][\/vc_row]<\/p>\n<\/div>","protected":false},"excerpt":{"rendered":"<p>[vc_row full_width=&#8221;stretch_row_content_no_spaces&#8221; el_class=&#8221;sp-page-title&#8221;][vc_column][\/vc_column][\/vc_row][vc_row el_class=&#8221;avtorji sp-row&#8221;][vc_column][vc_column_text css=&#8221;&#8221;] Kreiranje veb-stranice Prilikom izrade veb-stranice, digitalna agencija\u00a0noviSplet\u00a0pobrinula se za: tehni\u010dku implementaciju, realizaciju projekta. Kreiranje veb-stranice je glavna aktivnost digitalne agencije noviSplet, koja sveobuhvatnim internet re\u0161enjima poma\u017ee kompanijama da pove\u0107aju prodaju i pobolj\u0161aju reputaciju. Vi\u0161e pro\u010ditajte na\u00a0www.novisplet.eu Kreiranje sadr\u017eaja veb-stranice i dizajniranje veb-stranice Tekstovi i slikovni materijal na veb-stranici obezbedila je kompanija WETEH d.o.o..[\/vc_column_text][\/vc_column][\/vc_row]<\/p>\n","protected":false},"author":1,"featured_media":0,"parent":0,"menu_order":10,"comment_status":"closed","ping_status":"closed","template":"","meta":{"footnotes":""},"class_list":["post-1312","page","type-page","status-publish","hentry"],"yoast_head":"<!-- This site is optimized with the Yoast SEO plugin v21.3 - https:\/\/yoast.com\/wordpress\/plugins\/seo\/ -->\n<title>Izrada veb-stranice - Eponuda &amp; Shoptok<\/title>\n<meta name=\"description\" content=\"Kreiranje veb-stranice Prilikom izrade veb-stranice, digitalna agencija\u00a0noviSplet\u00a0pobrinula se za: tehni\u010dku implementaciju, realizaciju projekta. Kreiranje veb-stranice je glavna aktivnost digitalne agencije noviSplet, koja sveobuhvatnim internet re\u0161enjima poma\u017ee kompanijama da pove\u0107aju prodaju\" \/>\n<meta name=\"robots\" content=\"index, follow, max-snippet:-1, max-image-preview:large, max-video-preview:-1\" \/>\n<link rel=\"canonical\" href=\"https:\/\/www.shoptok.com\/sr\/izrada-veb-stranice\/\" \/>\n<meta property=\"og:locale\" content=\"sr_RS\" \/>\n<meta property=\"og:type\" content=\"article\" \/>\n<meta property=\"og:title\" content=\"Izrada veb-stranice - Eponuda &amp; Shoptok\" \/>\n<meta property=\"og:description\" content=\"[vc_row full_width=&#8221;stretch_row_content_no_spaces&#8221; el_class=&#8221;sp-page-title&#8221;][vc_column][\/vc_column][\/vc_row][vc_row el_class=&#8221;avtorji sp-row&#8221;][vc_column][vc_column_text css=&#8221;&#8221;] Kreiranje veb-stranice Prilikom izrade veb-stranice, digitalna agencija\u00a0noviSplet\u00a0pobrinula se za: tehni\u010dku implementaciju, realizaciju projekta. Kreiranje veb-stranice je glavna aktivnost digitalne agencije noviSplet, koja sveobuhvatnim internet re\u0161enjima poma\u017ee kompanijama da pove\u0107aju prodaju i pobolj\u0161aju reputaciju. Vi\u0161e pro\u010ditajte na\u00a0www.novisplet.eu Kreiranje sadr\u017eaja veb-stranice i dizajniranje veb-stranice Tekstovi i slikovni materijal na veb-stranici obezbedila je kompanija WETEH d.o.o..[\/vc_column_text][\/vc_column][\/vc_row]\" \/>\n<meta property=\"og:url\" content=\"https:\/\/www.shoptok.com\/sr\/izrada-veb-stranice\/\" \/>\n<meta property=\"og:site_name\" content=\"Eponuda &amp; Shoptok\" \/>\n<meta property=\"article:modified_time\" content=\"2024-08-13T15:08:53+00:00\" \/>\n<meta name=\"twitter:card\" content=\"summary_large_image\" \/>\n<meta name=\"twitter:label1\" content=\"\u041f\u0440\u043e\u0446\u0435\u045a\u0435\u043d\u043e \u0432\u0440\u0435\u043c\u0435 \u0447\u0438\u0442\u0430\u045a\u0430\" \/>\n\t<meta name=\"twitter:data1\" content=\"1 \u043c\u0438\u043d\u0443\u0442\" \/>\n<script type=\"application\/ld+json\" class=\"yoast-schema-graph\">{\"@context\":\"https:\/\/schema.org\",\"@graph\":[{\"@type\":\"WebPage\",\"@id\":\"https:\/\/www.shoptok.com\/sr\/izrada-veb-stranice\/\",\"url\":\"https:\/\/www.shoptok.com\/sr\/izrada-veb-stranice\/\",\"name\":\"Izrada veb-stranice - Eponuda &amp; Shoptok\",\"isPartOf\":{\"@id\":\"https:\/\/www.shoptok.com\/#website\"},\"datePublished\":\"2024-02-21T10:32:58+00:00\",\"dateModified\":\"2024-08-13T15:08:53+00:00\",\"inLanguage\":\"sr-RS\",\"potentialAction\":[{\"@type\":\"ReadAction\",\"target\":[\"https:\/\/www.shoptok.com\/sr\/izrada-veb-stranice\/\"]}]},{\"@type\":\"WebSite\",\"@id\":\"https:\/\/www.shoptok.com\/#website\",\"url\":\"https:\/\/www.shoptok.com\/\",\"name\":\"Eponuda &amp; Shoptok\",\"description\":\"\",\"potentialAction\":[{\"@type\":\"SearchAction\",\"target\":{\"@type\":\"EntryPoint\",\"urlTemplate\":\"https:\/\/www.shoptok.com\/?s={search_term_string}\"},\"query-input\":\"required name=search_term_string\"}],\"inLanguage\":\"sr-RS\"}]}<\/script>\n<!-- \/ Yoast SEO plugin. -->","yoast_head_json":{"title":"Izrada veb-stranice - Eponuda &amp; Shoptok","description":"Kreiranje veb-stranice Prilikom izrade veb-stranice, digitalna agencija\u00a0noviSplet\u00a0pobrinula se za: tehni\u010dku implementaciju, realizaciju projekta. Kreiranje veb-stranice je glavna aktivnost digitalne agencije noviSplet, koja sveobuhvatnim internet re\u0161enjima poma\u017ee kompanijama da pove\u0107aju prodaju","robots":{"index":"index","follow":"follow","max-snippet":"max-snippet:-1","max-image-preview":"max-image-preview:large","max-video-preview":"max-video-preview:-1"},"canonical":"https:\/\/www.shoptok.com\/sr\/izrada-veb-stranice\/","og_locale":"sr_RS","og_type":"article","og_title":"Izrada veb-stranice - Eponuda &amp; Shoptok","og_description":"[vc_row full_width=&#8221;stretch_row_content_no_spaces&#8221; el_class=&#8221;sp-page-title&#8221;][vc_column][\/vc_column][\/vc_row][vc_row el_class=&#8221;avtorji sp-row&#8221;][vc_column][vc_column_text css=&#8221;&#8221;] Kreiranje veb-stranice Prilikom izrade veb-stranice, digitalna agencija\u00a0noviSplet\u00a0pobrinula se za: tehni\u010dku implementaciju, realizaciju projekta. Kreiranje veb-stranice je glavna aktivnost digitalne agencije noviSplet, koja sveobuhvatnim internet re\u0161enjima poma\u017ee kompanijama da pove\u0107aju prodaju i pobolj\u0161aju reputaciju. Vi\u0161e pro\u010ditajte na\u00a0www.novisplet.eu Kreiranje sadr\u017eaja veb-stranice i dizajniranje veb-stranice Tekstovi i slikovni materijal na veb-stranici obezbedila je kompanija WETEH d.o.o..[\/vc_column_text][\/vc_column][\/vc_row]","og_url":"https:\/\/www.shoptok.com\/sr\/izrada-veb-stranice\/","og_site_name":"Eponuda &amp; Shoptok","article_modified_time":"2024-08-13T15:08:53+00:00","twitter_card":"summary_large_image","twitter_misc":{"\u041f\u0440\u043e\u0446\u0435\u045a\u0435\u043d\u043e \u0432\u0440\u0435\u043c\u0435 \u0447\u0438\u0442\u0430\u045a\u0430":"1 \u043c\u0438\u043d\u0443\u0442"},"schema":{"@context":"https:\/\/schema.org","@graph":[{"@type":"WebPage","@id":"https:\/\/www.shoptok.com\/sr\/izrada-veb-stranice\/","url":"https:\/\/www.shoptok.com\/sr\/izrada-veb-stranice\/","name":"Izrada veb-stranice - Eponuda &amp; Shoptok","isPartOf":{"@id":"https:\/\/www.shoptok.com\/#website"},"datePublished":"2024-02-21T10:32:58+00:00","dateModified":"2024-08-13T15:08:53+00:00","inLanguage":"sr-RS","potentialAction":[{"@type":"ReadAction","target":["https:\/\/www.shoptok.com\/sr\/izrada-veb-stranice\/"]}]},{"@type":"WebSite","@id":"https:\/\/www.shoptok.com\/#website","url":"https:\/\/www.shoptok.com\/","name":"Eponuda &amp; Shoptok","description":"","potentialAction":[{"@type":"SearchAction","target":{"@type":"EntryPoint","urlTemplate":"https:\/\/www.shoptok.com\/?s={search_term_string}"},"query-input":"required name=search_term_string"}],"inLanguage":"sr-RS"}]}},"_links":{"self":[{"href":"https:\/\/www.shoptok.com\/sr\/wp-json\/wp\/v2\/pages\/1312","targetHints":{"allow":["GET"]}}],"collection":[{"href":"https:\/\/www.shoptok.com\/sr\/wp-json\/wp\/v2\/pages"}],"about":[{"href":"https:\/\/www.shoptok.com\/sr\/wp-json\/wp\/v2\/types\/page"}],"author":[{"embeddable":true,"href":"https:\/\/www.shoptok.com\/sr\/wp-json\/wp\/v2\/users\/1"}],"replies":[{"embeddable":true,"href":"https:\/\/www.shoptok.com\/sr\/wp-json\/wp\/v2\/comments?post=1312"}],"version-history":[{"count":0,"href":"https:\/\/www.shoptok.com\/sr\/wp-json\/wp\/v2\/pages\/1312\/revisions"}],"wp:attachment":[{"href":"https:\/\/www.shoptok.com\/sr\/wp-json\/wp\/v2\/media?parent=1312"}],"curies":[{"name":"wp","href":"https:\/\/api.w.org\/{rel}","templated":true}]}}