{"id":1313,"date":"2024-02-21T10:31:02","date_gmt":"2024-02-21T10:31:02","guid":{"rendered":"https:\/\/www.shoptok.com\/contact-us\/"},"modified":"2024-10-03T08:03:34","modified_gmt":"2024-10-03T08:03:34","slug":"obratite-nam-se","status":"publish","type":"page","link":"https:\/\/www.shoptok.com\/sr\/obratite-nam-se\/","title":{"rendered":"Kontakt"},"content":{"rendered":"<div class=\"wpb-content-wrapper\"><p>[vc_row full_width=&#8221;stretch_row_content_no_spaces&#8221; el_class=&#8221;sp-page-title sp-page-title-empty&#8221;][vc_column]\n\n\n\n\n\n\t\t\n                    <div class=\"title-banner title-banner-empty\" style=\"background-image: linear-gradient(rgba(0, 0, 0, 0.0),rgba(0, 0, 0, 0.0)),url();\">\n            <\/div>\n        \n\t\t[\/vc_column][\/vc_row][vc_row full_width=&#8221;stretch_row&#8221; el_class=&#8221;sp-kontakt-sec-1 sp-row sp-row-empty&#8221;][vc_column width=&#8221;5\/12&#8243; el_class=&#8221;c1 col-left&#8221;][vc_column_text css=&#8221;&#8221;]<\/p>\n<h1>Kontaktirajte nas<\/h1>\n<p>Hajde da vas dovedemo do cilja!<br \/>\nPrvo nam treba nekoliko osnovnih informacija!<\/p>\n<div id=\"gtx-trans\" style=\"position: absolute; left: 234px; top: 136.675px;\">\n<div class=\"gtx-trans-icon\"><\/div>\n<\/div>\n<p>[\/vc_column_text][\/vc_column][vc_column width=&#8221;7\/12&#8243; el_class=&#8221;col-right&#8221;]\n<div class=\"wpcf7 no-js\" id=\"wpcf7-f1660-o1\" lang=\"en-US\" dir=\"ltr\" data-wpcf7-id=\"1660\">\n<div class=\"screen-reader-response\"><p role=\"status\" aria-live=\"polite\" aria-atomic=\"true\"><\/p> <ul><\/ul><\/div>\n<form action=\"\/sr\/wp-json\/wp\/v2\/pages\/1313#wpcf7-f1660-o1\" method=\"post\" class=\"wpcf7-form init\" aria-label=\"Contact form\" novalidate=\"novalidate\" data-status=\"init\">\n<fieldset class=\"hidden-fields-container\"><input type=\"hidden\" name=\"_wpcf7\" value=\"1660\" \/><input type=\"hidden\" name=\"_wpcf7_version\" value=\"6.1.3\" \/><input type=\"hidden\" name=\"_wpcf7_locale\" value=\"en_US\" \/><input type=\"hidden\" name=\"_wpcf7_unit_tag\" value=\"wpcf7-f1660-o1\" \/><input type=\"hidden\" name=\"_wpcf7_container_post\" value=\"0\" \/><input type=\"hidden\" name=\"_wpcf7_posted_data_hash\" value=\"\" \/>\n<\/fieldset>\n<div class=\"uacf7-form-1660\"><div id=\"ns-contact-field\"><span class=\"wpcf7-form-control-wrap\" data-name=\"ns-field\"><input size=\"40\" maxlength=\"400\" class=\"wpcf7-form-control wpcf7-text\" aria-invalid=\"false\" value=\"\" type=\"text\" name=\"ns-field\" \/><\/span><\/div>\n<p class=\"p-input\"><span class=\"wpcf7-form-control-wrap\" data-name=\"your-name\"><input size=\"40\" maxlength=\"400\" class=\"wpcf7-form-control wpcf7-text wpcf7-validates-as-required\" aria-required=\"true\" aria-invalid=\"false\" placeholder=\"\" value=\"\" type=\"text\" name=\"your-name\" \/><\/span><span class=\"floating-label\">Ime i prezime *<\/span> <\/p>\n<p class=\"p-input\"><span class=\"wpcf7-form-control-wrap\" data-name=\"your-email\"><input size=\"40\" maxlength=\"400\" class=\"wpcf7-form-control wpcf7-email wpcf7-validates-as-required wpcf7-text wpcf7-validates-as-email\" aria-required=\"true\" aria-invalid=\"false\" value=\"\" type=\"email\" name=\"your-email\" \/><\/span><span class=\"floating-label\">Email adresa *<\/span> <\/p>\n\n<p class=\"p-input\"><span class=\"wpcf7-form-control-wrap\" data-name=\"your-message\"><textarea cols=\"40\" rows=\"10\" maxlength=\"2000\" class=\"wpcf7-form-control wpcf7-textarea\" aria-invalid=\"false\" name=\"your-message\"><\/textarea><\/span><span class=\"floating-label\">Poruka<\/span> <\/p>\n\n<p class=\"p-gdpr\"><span class=\"wpcf7-form-control-wrap\" data-name=\"your-gdpr\"><span class=\"wpcf7-form-control wpcf7-checkbox\"><span class=\"wpcf7-list-item first last\"><input type=\"checkbox\" name=\"your-gdpr[]\" value=\"Da,\" \/><span class=\"wpcf7-list-item-label\">Da,<\/span><\/span><\/span><\/span> \u017delim da primam Shoptok e-novosti sa promotivnim ponudama, sezonskim proizvodima i kategorijama i savetima za kupovinu. Korisnik mo\u017ee da zatra\u017ei brisanje li\u010dnih podataka slanjem email-a na <a href=\"mai&#108;&#116;&#x6f;&#x3a;&#x69;&#x6e;fo&#64;&#115;&#104;&#x6f;&#x70;&#x74;&#x6f;k.c&#111;&#109;\">inf&#111;&#x40;&#x73;&#x68;opt&#111;&#x6b;&#x2e;&#x63;&#x6f;m<\/a>. <\/p>\n<div id=\"cf7sr-69fd2c16ae944\" class=\"cf7sr-g-recaptcha\" data-theme=\"light\" data-type=\"image\" data-size=\"normal\" data-sitekey=\"6LcSRAgsAAAAAHu_06bmycEuWYwkRLXRUIWYtKCs\"><\/div><span class=\"wpcf7-form-control-wrap cf7sr-recaptcha\" data-name=\"cf7sr-recaptcha\"><input type=\"hidden\" name=\"cf7sr-recaptcha\" value=\"\" class=\"wpcf7-form-control\"><\/span>\n<p class=\"p-submit\"><input class=\"wpcf7-form-control wpcf7-submit has-spinner\" type=\"submit\" value=\"Po\u0161alji\" \/><\/p><\/div><div class=\"wpcf7-response-output\" aria-hidden=\"true\"><\/div>\n<\/form>\n<\/div>\n[\/vc_column][\/vc_row]<\/p>\n<\/div>","protected":false},"excerpt":{"rendered":"<p>[vc_row full_width=&#8221;stretch_row_content_no_spaces&#8221; el_class=&#8221;sp-page-title sp-page-title-empty&#8221;][vc_column][\/vc_column][\/vc_row][vc_row full_width=&#8221;stretch_row&#8221; el_class=&#8221;sp-kontakt-sec-1 sp-row sp-row-empty&#8221;][vc_column width=&#8221;5\/12&#8243; el_class=&#8221;c1 col-left&#8221;][vc_column_text css=&#8221;&#8221;] Kontaktirajte nas Hajde da vas dovedemo do cilja! Prvo nam treba nekoliko osnovnih informacija! [\/vc_column_text][\/vc_column][vc_column width=&#8221;7\/12&#8243; el_class=&#8221;col-right&#8221;][\/vc_column][\/vc_row]<\/p>\n","protected":false},"author":1,"featured_media":0,"parent":0,"menu_order":8,"comment_status":"closed","ping_status":"closed","template":"","meta":{"footnotes":""},"class_list":["post-1313","page","type-page","status-publish","hentry"],"yoast_head":"<!-- This site is optimized with the Yoast SEO plugin v21.3 - https:\/\/yoast.com\/wordpress\/plugins\/seo\/ -->\n<title>Kontakt - Eponuda &amp; Shoptok<\/title>\n<meta name=\"description\" content=\"Obratite nam se. Postanite partner Shoptok i Eponuda platformi i pove\u0107ajte svoju bazu kupaca i prodaju.\" \/>\n<meta name=\"robots\" content=\"index, follow, max-snippet:-1, max-image-preview:large, max-video-preview:-1\" \/>\n<link rel=\"canonical\" href=\"https:\/\/www.shoptok.com\/sr\/obratite-nam-se\/\" \/>\n<meta property=\"og:locale\" content=\"sr_RS\" \/>\n<meta property=\"og:type\" content=\"article\" \/>\n<meta property=\"og:title\" content=\"Kontakt - Eponuda &amp; Shoptok\" \/>\n<meta property=\"og:description\" content=\"Obratite nam se. Postanite partner Shoptok i Eponuda platformi i pove\u0107ajte svoju bazu kupaca i prodaju.\" \/>\n<meta property=\"og:url\" content=\"https:\/\/www.shoptok.com\/sr\/obratite-nam-se\/\" \/>\n<meta property=\"og:site_name\" content=\"Eponuda &amp; Shoptok\" \/>\n<meta property=\"article:modified_time\" content=\"2024-10-03T08:03:34+00:00\" \/>\n<meta name=\"twitter:card\" content=\"summary_large_image\" \/>\n<meta name=\"twitter:label1\" content=\"\u041f\u0440\u043e\u0446\u0435\u045a\u0435\u043d\u043e \u0432\u0440\u0435\u043c\u0435 \u0447\u0438\u0442\u0430\u045a\u0430\" \/>\n\t<meta name=\"twitter:data1\" content=\"1 \u043c\u0438\u043d\u0443\u0442\" \/>\n<script type=\"application\/ld+json\" class=\"yoast-schema-graph\">{\"@context\":\"https:\/\/schema.org\",\"@graph\":[{\"@type\":\"WebPage\",\"@id\":\"https:\/\/www.shoptok.com\/sr\/obratite-nam-se\/\",\"url\":\"https:\/\/www.shoptok.com\/sr\/obratite-nam-se\/\",\"name\":\"Kontakt - Eponuda &amp; Shoptok\",\"isPartOf\":{\"@id\":\"https:\/\/www.shoptok.com\/#website\"},\"datePublished\":\"2024-02-21T10:31:02+00:00\",\"dateModified\":\"2024-10-03T08:03:34+00:00\",\"description\":\"Obratite nam se. Postanite partner Shoptok i Eponuda platformi i pove\u0107ajte svoju bazu kupaca i prodaju.\",\"inLanguage\":\"sr-RS\",\"potentialAction\":[{\"@type\":\"ReadAction\",\"target\":[\"https:\/\/www.shoptok.com\/sr\/obratite-nam-se\/\"]}]},{\"@type\":\"WebSite\",\"@id\":\"https:\/\/www.shoptok.com\/#website\",\"url\":\"https:\/\/www.shoptok.com\/\",\"name\":\"Eponuda &amp; Shoptok\",\"description\":\"\",\"potentialAction\":[{\"@type\":\"SearchAction\",\"target\":{\"@type\":\"EntryPoint\",\"urlTemplate\":\"https:\/\/www.shoptok.com\/?s={search_term_string}\"},\"query-input\":\"required name=search_term_string\"}],\"inLanguage\":\"sr-RS\"}]}<\/script>\n<!-- \/ Yoast SEO plugin. -->","yoast_head_json":{"title":"Kontakt - Eponuda &amp; Shoptok","description":"Obratite nam se. Postanite partner Shoptok i Eponuda platformi i pove\u0107ajte svoju bazu kupaca i prodaju.","robots":{"index":"index","follow":"follow","max-snippet":"max-snippet:-1","max-image-preview":"max-image-preview:large","max-video-preview":"max-video-preview:-1"},"canonical":"https:\/\/www.shoptok.com\/sr\/obratite-nam-se\/","og_locale":"sr_RS","og_type":"article","og_title":"Kontakt - Eponuda &amp; Shoptok","og_description":"Obratite nam se. Postanite partner Shoptok i Eponuda platformi i pove\u0107ajte svoju bazu kupaca i prodaju.","og_url":"https:\/\/www.shoptok.com\/sr\/obratite-nam-se\/","og_site_name":"Eponuda &amp; Shoptok","article_modified_time":"2024-10-03T08:03:34+00:00","twitter_card":"summary_large_image","twitter_misc":{"\u041f\u0440\u043e\u0446\u0435\u045a\u0435\u043d\u043e \u0432\u0440\u0435\u043c\u0435 \u0447\u0438\u0442\u0430\u045a\u0430":"1 \u043c\u0438\u043d\u0443\u0442"},"schema":{"@context":"https:\/\/schema.org","@graph":[{"@type":"WebPage","@id":"https:\/\/www.shoptok.com\/sr\/obratite-nam-se\/","url":"https:\/\/www.shoptok.com\/sr\/obratite-nam-se\/","name":"Kontakt - Eponuda &amp; Shoptok","isPartOf":{"@id":"https:\/\/www.shoptok.com\/#website"},"datePublished":"2024-02-21T10:31:02+00:00","dateModified":"2024-10-03T08:03:34+00:00","description":"Obratite nam se. Postanite partner Shoptok i Eponuda platformi i pove\u0107ajte svoju bazu kupaca i prodaju.","inLanguage":"sr-RS","potentialAction":[{"@type":"ReadAction","target":["https:\/\/www.shoptok.com\/sr\/obratite-nam-se\/"]}]},{"@type":"WebSite","@id":"https:\/\/www.shoptok.com\/#website","url":"https:\/\/www.shoptok.com\/","name":"Eponuda &amp; Shoptok","description":"","potentialAction":[{"@type":"SearchAction","target":{"@type":"EntryPoint","urlTemplate":"https:\/\/www.shoptok.com\/?s={search_term_string}"},"query-input":"required name=search_term_string"}],"inLanguage":"sr-RS"}]}},"_links":{"self":[{"href":"https:\/\/www.shoptok.com\/sr\/wp-json\/wp\/v2\/pages\/1313","targetHints":{"allow":["GET"]}}],"collection":[{"href":"https:\/\/www.shoptok.com\/sr\/wp-json\/wp\/v2\/pages"}],"about":[{"href":"https:\/\/www.shoptok.com\/sr\/wp-json\/wp\/v2\/types\/page"}],"author":[{"embeddable":true,"href":"https:\/\/www.shoptok.com\/sr\/wp-json\/wp\/v2\/users\/1"}],"replies":[{"embeddable":true,"href":"https:\/\/www.shoptok.com\/sr\/wp-json\/wp\/v2\/comments?post=1313"}],"version-history":[{"count":0,"href":"https:\/\/www.shoptok.com\/sr\/wp-json\/wp\/v2\/pages\/1313\/revisions"}],"wp:attachment":[{"href":"https:\/\/www.shoptok.com\/sr\/wp-json\/wp\/v2\/media?parent=1313"}],"curies":[{"name":"wp","href":"https:\/\/api.w.org\/{rel}","templated":true}]}}