{"id":1863,"date":"2025-04-01T07:44:09","date_gmt":"2025-04-01T07:44:09","guid":{"rendered":"https:\/\/www.shoptok.com\/?page_id=1863"},"modified":"2025-10-08T10:24:34","modified_gmt":"2025-10-08T10:24:34","slug":"kultura","status":"publish","type":"page","link":"https:\/\/www.shoptok.com\/sr\/o-nama\/kultura\/","title":{"rendered":"Kultura"},"content":{"rendered":"<div class=\"wpb-content-wrapper\"><p>[vc_row full_width=&#8221;stretch_row_content_no_spaces&#8221; el_class=&#8221;sp-page-title&#8221;][vc_column]\n\n\n\n\n\n\t\t\n                     \n                <div class=\"title-banner limit-height\" style=\"background-image: linear-gradient(rgba(0, 0, 0, 0.0),rgba(0, 0, 0, 0.0)),url();\">\n                            <video  autoplay loop muted playsinline>\n                <source src=\"https:\/\/www.shoptok.com\/wp-content\/uploads\/2025\/05\/shoptok-culture-1.mp4\" type=\"video\/mp4\">\n                Your browser does not support the video tag.\n                <\/video>\n\n                <div class=\"container\">\n\n                    <div>\n                        <h2 class=\"entry-subtitle\">O NAMA<\/h2>\n                        <h1 class=\"entry-title\">Na\u0161a kultura i vrednosti<\/h1>\n                    <\/div>\n                    <div>\n                                                                                            <\/div>\n                <\/div>\n            <\/div>\n        \n\t\t[\/vc_column][\/vc_row][vc_row css=&#8221;.vc_custom_1742390485685{margin-top: 50px !important;margin-bottom: 25px !important;}&#8221;][vc_column][vc_column_text css=&#8221;&#8221;]<\/p>\n<h1 style=\"text-align: center;\">Sr\u017e Shoptok-a<\/h1>\n<p>[\/vc_column_text][\/vc_column][\/vc_row][vc_row gap=&#8221;20&#8243; equal_height=&#8221;yes&#8221; css=&#8221;.vc_custom_1753092255592{margin-bottom: 60px !important;}&#8221; el_class=&#8221;row-with-icons-and-text&#8221;][vc_column width=&#8221;1\/3&#8243; css=&#8221;.vc_custom_1742389890553{padding-top: 50px !important;padding-right: 50px !important;padding-bottom: 50px !important;padding-left: 50px !important;background-color: #fafafa !important;border-radius: 15px !important;}&#8221;][vc_single_image image=&#8221;1877&#8243; img_size=&#8221;50&#215;50&#8243; css=&#8221;&#8221;][vc_column_text css=&#8221;&#8221;]<\/p>\n<h5>Svrha<\/h5>\n<p>[\/vc_column_text][vc_column_text css=&#8221;&#8221;]Da osna\u017eimo pametniju kupovinu pru\u017eaju\u0107i potro\u0161a\u010dima transparentne uvide zasnovane na podacima i daju\u0107i preduze\u0107ima alate za optimizaciju vidljivosti, performansi i strategija cena.<\/p>\n<p>Da budemo pouzdana veza izme\u0111u potro\u0161a\u010da i preduze\u0107a, osiguravaju\u0107i da kupci donose informisane odluke, dok prodavci dopiru do prave publike u pravo vreme.[\/vc_column_text][\/vc_column][vc_column width=&#8221;1\/3&#8243; css=&#8221;.vc_custom_1742389965550{padding-top: 50px !important;padding-right: 50px !important;padding-bottom: 50px !important;padding-left: 50px !important;background-color: #fafafa !important;border-radius: 15px !important;}&#8221;][vc_single_image image=&#8221;1881&#8243; img_size=&#8221;50&#215;50&#8243; css=&#8221;&#8221;][vc_column_text css=&#8221;&#8221;]<\/p>\n<h5>Vizija<\/h5>\n<p>[\/vc_column_text][vc_column_text css=&#8221;&#8221;]Da napravimo najsigurniji pametni ekosistem kupovine zasnovan na uvidima, gde korisnici pouzdano prolaze put kupovine, a biznisi rastu kroz transparentnost, podatke i zna\u010dajnu interakciju.[\/vc_column_text][\/vc_column][vc_column width=&#8221;1\/3&#8243; css=&#8221;.vc_custom_1742389981412{padding-top: 50px !important;padding-right: 50px !important;padding-bottom: 50px !important;padding-left: 50px !important;background-color: #fafafa !important;border-radius: 15px !important;}&#8221;][vc_single_image image=&#8221;1873&#8243; img_size=&#8221;50&#215;50&#8243; css=&#8221;&#8221;][vc_column_text css=&#8221;&#8221;]<\/p>\n<h5>Misija<\/h5>\n<p>[\/vc_column_text][vc_column_text css=&#8221;&#8221;]<strong>Za potro\u0161a\u010de:<\/strong> pru\u017eamo pametno, samostalno i transparentno okru\u017eenje gde kupci mogu lako da istra\u017euju, upore\u0111uju i donose informisane odluke.<\/p>\n<p><strong>Za preduze\u0107a:<\/strong> osna\u017eujemo prodavce uvidima koji su zasnovani na podacima i performans alatima da bismo pove\u0107ali vidljivost, optimizovali cene i do\u0161li do pravih mu\u0161terija.<\/p>\n<p><strong>Za tr\u017ei\u0161te:<\/strong> premo\u0161\u0107avamo jaz izme\u0111u o\u010dekivanja i realnosti kreiranjem izbalansiranog, ravnopravnog i inteligentnog iskustva kupovine za sve. Mi smo lideri mi\u0161ljenja koji poma\u017eu maloprodaji da se transformi\u0161e i postane digitalno prilago\u0111ena.[\/vc_column_text][\/vc_column][\/vc_row][vc_row css=&#8221;.vc_custom_1743430174635{margin-top: 100px !important;margin-bottom: 25px !important;}&#8221;][vc_column][vc_column_text css=&#8221;&#8221;]<\/p>\n<h1 style=\"text-align: center;\">Na\u0161a kultura<\/h1>\n<p>[\/vc_column_text][\/vc_column][\/vc_row][vc_row gap=&#8221;35&#8243;][vc_column width=&#8221;1\/2&#8243;][vc_column_text css=&#8221;&#8221;]U Shoptok-u napredujemo zahvaljuju\u0107i radoznalosti, saradnji i kontinuiranom razvoju. Ne zapo\u0161ljavamo samo zbog ve\u0161tina \u2014 zapo\u0161ljavamo zbog na\u010dina razmi\u0161ljanja. Sposobnost prilago\u0111avanja, inovacija i pomeranja granica je ono \u0161to na\u0161 tim zaista izdvaja od drugih.<\/p>\n<p>Evo \u0161ta nas defini\u0161e:<\/p>\n<ul>\n<li>Napredak kroz neuspeh i brzo u\u010denje \u2013 verujemo da su gre\u0161ke deo napretka. Svaki izazov je prilika za u\u010denje, koja nam poma\u017ee da usavr\u0161imo pristup i pobolj\u0161amo rezultate.<\/li>\n<li>Hrabre ideje su dobrodo\u0161le \u2013 podsti\u010demo kreativno razmi\u0161ljanje i uvek smo otvoreni za nove na\u010dine rada, bilo da se radi o optimizaciji procesa ili o redefinisanju budu\u0107nosti e-commerce-a.<\/li>\n<li>Agilnost u brzo promenljivom svetu \u2013 na\u0161a industrija se brzo razvija, i mi tako\u0111e. Odr\u017eavamo korak tako \u0161to smo prilagodljivi, proaktivni i uvek spremni na promene.<\/li>\n<li>Saradnja i otvorenost \u2013 najbolje ideje nastaju kroz timski rad. Negujemo okru\u017eenje u kojem se \u010duje svaki glas, a odli\u010dne ideje mogu do\u0107i sa bilo koje strane.<\/li>\n<li>Vo\u0111eni uticajem \u2013 svaki projekat, eksperiment i kampanja imaju cilj da naprave stvarnu razliku \u2013 za na\u0161e korisnike, partnere i industriju u celini.<\/li>\n<\/ul>\n<p>Mi ne gradimo samo kompaniju \u2013 mi oblikujemo budu\u0107nost pametne kupovine. Uvek tra\u017eimo istomi\u0161ljenike koji \u017eele da rastu zajedno sa nama.[\/vc_column_text][\/vc_column][vc_column width=&#8221;1\/2&#8243;][vc_single_image image=&#8221;2016&#8243; css=&#8221;&#8221;][\/vc_column][\/vc_row][vc_row css=&#8221;.vc_custom_1743430174635{margin-top: 100px !important;margin-bottom: 25px !important;}&#8221;][vc_column][vc_column_text css=&#8221;&#8221;]<\/p>\n<h1 style=\"text-align: center;\">Na\u0161e vrednosti<\/h1>\n<p>[\/vc_column_text][\/vc_column][\/vc_row][vc_row gap=&#8221;10&#8243; css=&#8221;.vc_custom_1753092262277{margin-bottom: 60px !important;}&#8221; el_class=&#8221;row-with-icons-and-text&#8221;][vc_column width=&#8221;1\/6&#8243;][vc_single_image image=&#8221;1907&#8243; img_size=&#8221;50&#215;50&#8243; css=&#8221;&#8221;][vc_column_text css=&#8221;.vc_custom_1743428269614{margin-bottom: 15px !important;}&#8221;]<\/p>\n<h5><b>Stvaranje<\/b><\/h5>\n<p>[\/vc_column_text][vc_column_text css=&#8221;&#8221;]Ne pratimo samo trendove; mi ih postavljamo. Napredujemo kroz inovacije, stalno tra\u017ee\u0107i nove na\u010dine da unapredimo iskustvo kupovine i kreiramo zna\u010dajna re\u0161enja za korisnike i partnere.[\/vc_column_text][\/vc_column][vc_column width=&#8221;1\/6&#8243;][vc_single_image image=&#8221;1927&#8243; img_size=&#8221;50&#215;50&#8243; css=&#8221;&#8221;][vc_column_text css=&#8221;.vc_custom_1743428320398{margin-bottom: 15px !important;}&#8221;]<\/p>\n<h5><b>Pametno<\/b><\/h5>\n<p>[\/vc_column_text][vc_column_text css=&#8221;&#8221;]Donosimo odluke zasnovane na podacima i koristimo uvide da omogu\u0107imo pametnije izbore. Razmi\u0161ljanje unapred, optimizacija i stalno u\u010denje je ono \u0161to nas dr\u017ei ispred konkurencije.[\/vc_column_text][\/vc_column][vc_column width=&#8221;1\/6&#8243;][vc_single_image image=&#8221;1923&#8243; img_size=&#8221;50&#215;50&#8243; css=&#8221;&#8221;][vc_column_text css=&#8221;.vc_custom_1759918386271{margin-bottom: 15px !important;}&#8221;]<\/p>\n<h5><strong>Pozitivan stav<\/strong><\/h5>\n<p>[\/vc_column_text][vc_column_text css=&#8221;&#8221;]Pristupamo izazovima sa stavom \u201emo\u017ee se\u201c. Prepreke nas ne zaustavljaju \u2013 one nas podsti\u010du da prona\u0111emo bolje re\u0161enja.[\/vc_column_text][\/vc_column][vc_column width=&#8221;1\/6&#8243;][vc_single_image image=&#8221;1915&#8243; img_size=&#8221;50&#215;50&#8243; css=&#8221;&#8221;][vc_column_text css=&#8221;.vc_custom_1743428334898{margin-bottom: 15px !important;}&#8221;]<\/p>\n<h5><b>Zabava<\/b><\/h5>\n<p>[\/vc_column_text][vc_column_text css=&#8221;&#8221;]Rad treba da bude uzbudljiv, inspirativan i nagra\u0111uju\u0107i. Proslavljamo uspehe, podsti\u010demo kreativnost i stvaramo okru\u017eenje u kojem ljudi u\u017eivaju u onome \u0161to rade.[\/vc_column_text][\/vc_column][vc_column width=&#8221;1\/6&#8243;][vc_single_image image=&#8221;1919&#8243; img_size=&#8221;50&#215;50&#8243; css=&#8221;&#8221;][vc_column_text css=&#8221;.vc_custom_1743428339905{margin-bottom: 15px !important;}&#8221;]<\/p>\n<h5><b>Otvorenost<\/b><\/h5>\n<p>[\/vc_column_text][vc_column_text css=&#8221;&#8221;]Najbolje ideje nastaju kroz saradnju i transparentnost. Podsti\u010demo otvorene diskusije i iskrene povratne informacije.[\/vc_column_text][\/vc_column][vc_column width=&#8221;1\/6&#8243;][vc_single_image image=&#8221;1911&#8243; img_size=&#8221;50&#215;50&#8243; css=&#8221;&#8221;][vc_column_text css=&#8221;.vc_custom_1759918402542{margin-bottom: 15px !important;}&#8221;]<\/p>\n<h5><strong>Napredak kroz neuspeh<\/strong><\/h5>\n<p>[\/vc_column_text][vc_column_text css=&#8221;&#8221;]Preuzimamo hrabre rizike, eksperimenti\u0161emo i brzo u\u010dimo. Ne funkcioni\u0161e sve iz prve, ali neuspehe koristimo kao odsko\u010dne daske za inovacije.[\/vc_column_text][\/vc_column][\/vc_row][vc_row full_width=&#8221;stretch_row&#8221; gap=&#8221;35&#8243; el_class=&#8221;sp-row sp-row-4t&#8221; css=&#8221;.vc_custom_1743493111318{margin-bottom: -50px !important;padding-top: 100px !important;padding-bottom: 100px !important;background-color: #fafafa !important;}&#8221;][vc_column width=&#8221;1\/2&#8243; el_class=&#8221;c1&#8243;][vc_column_text css=&#8221;&#8221;]<\/p>\n<h2>Na\u0161 4T model mi\u0161ljenja<\/h2>\n<p>Na\u0161 4T model je temelj na\u0161e filozofije i vodi na\u0161u misiju kao platforme za pametnu kupovinu. To je koherentan okvir koji odra\u017eava osnovne vrednosti koje negujemo u svakom aspektu na\u0161eg rada.<\/p>\n<p>Uskla\u0111ivanjem <strong>Tehnologije (Technology), Transparentnosti (Transparency), Saobra\u0107aja (Traffic) i Poverenja (Trust)<\/strong>, obezbe\u0111ujemo holisti\u010dki pristup koji je klju\u010dan za podsticanje inovacija. Ovaj model ne odnosi se samo na pojedina\u010dne elemente; radi se o sinergiji koju oni zajedno stvaraju, oblikuju\u0107i su\u0161tinu pouzdanog i naprednog iskustva kupovine koji je prilago\u0111en korisniku.[\/vc_column_text]\t\t\n\t\t<a href=\"https:\/\/www.shoptok.com\/sr\/obratite-nam-se\/\" target=\"\" class=\"btn  btn-secondary btn-lg \" id=\"\">Kontaktirajte nas<\/a>\n\n\t\t[vc_empty_space][\/vc_column][vc_column width=&#8221;1\/2&#8243; el_class=&#8221;vc_tta-o-non-responsive c2&#8243;][vc_tta_tabs active_section=&#8221;1&#8243; el_class=&#8221;four-tabs&#8221;][vc_tta_section title=&#8221;Poverenje (Trust)&#8221; tab_id=&#8221;1719211196703-dd72204b-2f3d&#8221;][vc_column_text css=&#8221;&#8221; el_class=&#8221;mb-0&#8243;]<\/p>\n<p class=\"p1\"><strong>Poverenje (Trust)<\/strong>\u00a0\u2013 Verujemo da je poverenje glavni pokreta\u010d svakog odnosa i izvor vrednosti. Primenjujemo ga na na\u0161u perspektivu kupovine, ponude i odnosa prema brendovima i prodavcima.<\/p>\n<p>[\/vc_column_text][\/vc_tta_section][vc_tta_section title=&#8221;Transparentnost (Transparency)&#8221; tab_id=&#8221;1719211207944-49e795df-c598&#8243;][vc_column_text css=&#8221;&#8221; el_class=&#8221;mb-0&#8243;]<\/p>\n<p class=\"p1\"><strong>Transparentnost (Transparency)<\/strong>\u00a0\u2013 Ona je klju\u010dna komponenta poverenja, mo\u017ee se na\u0107i u prezentaciji proizvoda i usluga, komunikaciji i svemu \u0161to radimo da bismo prodali<\/p>\n<p>[\/vc_column_text][\/vc_tta_section][vc_tta_section title=&#8221;Tehnologija (Technology)&#8221; tab_id=&#8221;1719211207328-adcfef31-6dd1&#8243;][vc_column_text css=&#8221;&#8221; el_class=&#8221;mb-0&#8243;]<\/p>\n<p class=\"p1\"><strong>Tehnologija (Technology)<\/strong>\u00a0\u2013 Pokre\u0107e na\u0161 rast, omogu\u0107ava nam da budemo odva\u017eni u snovima i dostignu\u0107ima, izvor je pogodnosti i oboga\u0107uje sve vrste interakcija u okviru procesa.<\/p>\n<p>[\/vc_column_text][\/vc_tta_section][vc_tta_section title=&#8221;Posete stranici (Traffic)&#8221; tab_id=&#8221;1719211207150-59e959ce-83ad&#8221;][vc_column_text css=&#8221;&#8221; el_class=&#8221;mb-0&#8243;]<\/p>\n<p class=\"p1\"><strong>Posete stranici (Traffic)<\/strong>\u00a0\u2013 Interakcija je sr\u017e svega, ona je osnova ljudskog postojanja; tra\u017eimo, nalazimo, razumemo, koristimo, do\u017eivljavamo, pamtimo.<\/p>\n<p>[\/vc_column_text][\/vc_tta_section][\/vc_tta_tabs][\/vc_column][\/vc_row]<\/p>\n<\/div>","protected":false},"excerpt":{"rendered":"<p>[vc_row full_width=&#8221;stretch_row_content_no_spaces&#8221; el_class=&#8221;sp-page-title&#8221;][vc_column][\/vc_column][\/vc_row][vc_row css=&#8221;.vc_custom_1742390485685{margin-top: 50px !important;margin-bottom: 25px !important;}&#8221;][vc_column][vc_column_text css=&#8221;&#8221;] Sr\u017e Shoptok-a [\/vc_column_text][\/vc_column][\/vc_row][vc_row gap=&#8221;20&#8243; equal_height=&#8221;yes&#8221; css=&#8221;.vc_custom_1753092255592{margin-bottom: 60px !important;}&#8221; el_class=&#8221;row-with-icons-and-text&#8221;][vc_column width=&#8221;1\/3&#8243; css=&#8221;.vc_custom_1742389890553{padding-top: 50px !important;padding-right: 50px !important;padding-bottom: 50px !important;padding-left: 50px !important;background-color: #fafafa !important;border-radius: 15px !important;}&#8221;][vc_single_image image=&#8221;1877&#8243; img_size=&#8221;50&#215;50&#8243; css=&#8221;&#8221;][vc_column_text css=&#8221;&#8221;] Svrha [\/vc_column_text][vc_column_text css=&#8221;&#8221;]Da osna\u017eimo pametniju kupovinu pru\u017eaju\u0107i potro\u0161a\u010dima transparentne uvide zasnovane na podacima i daju\u0107i preduze\u0107ima alate za optimizaciju vidljivosti, performansi i strategija cena. Da budemo pouzdana veza izme\u0111u potro\u0161a\u010da i preduze\u0107a, osiguravaju\u0107i da kupci donose informisane odluke, dok prodavci dopiru do prave publike u pravo vreme.[\/vc_column_text][\/vc_column][vc_column width=&#8221;1\/3&#8243; css=&#8221;.vc_custom_1742389965550{padding-top: 50px !important;padding-right: 50px !important;padding-bottom: 50px !important;padding-left: 50px !important;background-color: #fafafa !important;border-radius: 15px !important;}&#8221;][vc_single_image image=&#8221;1881&#8243; img_size=&#8221;50&#215;50&#8243; css=&#8221;&#8221;][vc_column_text css=&#8221;&#8221;] Vizija [\/vc_column_text][vc_column_text css=&#8221;&#8221;]Da napravimo najsigurniji pametni ekosistem kupovine zasnovan na uvidima, gde korisnici pouzdano prolaze put kupovine, a biznisi [&hellip;]<\/p>\n","protected":false},"author":2,"featured_media":0,"parent":1314,"menu_order":2,"comment_status":"closed","ping_status":"closed","template":"","meta":{"footnotes":""},"class_list":["post-1863","page","type-page","status-publish","hentry"],"yoast_head":"<!-- This site is optimized with the Yoast SEO plugin v21.3 - https:\/\/yoast.com\/wordpress\/plugins\/seo\/ -->\n<title>Kultura - Eponuda &amp; Shoptok<\/title>\n<meta name=\"description\" content=\"Shoptok is the ultimate platform for smart shopping. We bring together consumers and sellers, providing the most important information needed to make informed purchase decisions. Our focus is on transparency and clear market offerings, including price, availability, satisfaction, payment, guaranty, reference, social attitude, and delivery.\" \/>\n<meta name=\"robots\" content=\"index, follow, max-snippet:-1, max-image-preview:large, max-video-preview:-1\" \/>\n<link rel=\"canonical\" href=\"https:\/\/www.shoptok.com\/sr\/o-nama\/kultura\/\" \/>\n<meta property=\"og:locale\" content=\"sr_RS\" \/>\n<meta property=\"og:type\" content=\"article\" \/>\n<meta property=\"og:title\" content=\"Kultura - Eponuda &amp; Shoptok\" \/>\n<meta property=\"og:description\" content=\"Shoptok is the ultimate platform for smart shopping. We bring together consumers and sellers, providing the most important information needed to make informed purchase decisions. Our focus is on transparency and clear market offerings, including price, availability, satisfaction, payment, guaranty, reference, social attitude, and delivery.\" \/>\n<meta property=\"og:url\" content=\"https:\/\/www.shoptok.com\/sr\/o-nama\/kultura\/\" \/>\n<meta property=\"og:site_name\" content=\"Eponuda &amp; Shoptok\" \/>\n<meta property=\"article:modified_time\" content=\"2025-10-08T10:24:34+00:00\" \/>\n<meta name=\"twitter:card\" content=\"summary_large_image\" \/>\n<meta name=\"twitter:label1\" content=\"\u041f\u0440\u043e\u0446\u0435\u045a\u0435\u043d\u043e \u0432\u0440\u0435\u043c\u0435 \u0447\u0438\u0442\u0430\u045a\u0430\" \/>\n\t<meta name=\"twitter:data1\" content=\"4 \u043c\u0438\u043d\u0443\u0442\u0430\" \/>\n<script type=\"application\/ld+json\" class=\"yoast-schema-graph\">{\"@context\":\"https:\/\/schema.org\",\"@graph\":[{\"@type\":\"WebPage\",\"@id\":\"https:\/\/www.shoptok.com\/sr\/o-nama\/kultura\/\",\"url\":\"https:\/\/www.shoptok.com\/sr\/o-nama\/kultura\/\",\"name\":\"Kultura - Eponuda &amp; Shoptok\",\"isPartOf\":{\"@id\":\"https:\/\/www.shoptok.com\/#website\"},\"datePublished\":\"2025-04-01T07:44:09+00:00\",\"dateModified\":\"2025-10-08T10:24:34+00:00\",\"description\":\"Shoptok is the ultimate platform for smart shopping. We bring together consumers and sellers, providing the most important information needed to make informed purchase decisions. Our focus is on transparency and clear market offerings, including price, availability, satisfaction, payment, guaranty, reference, social attitude, and delivery.\",\"breadcrumb\":{\"@id\":\"https:\/\/www.shoptok.com\/sr\/o-nama\/kultura\/#breadcrumb\"},\"inLanguage\":\"sr-RS\",\"potentialAction\":[{\"@type\":\"ReadAction\",\"target\":[\"https:\/\/www.shoptok.com\/sr\/o-nama\/kultura\/\"]}]},{\"@type\":\"BreadcrumbList\",\"@id\":\"https:\/\/www.shoptok.com\/sr\/o-nama\/kultura\/#breadcrumb\",\"itemListElement\":[{\"@type\":\"ListItem\",\"position\":1,\"name\":\"O nama\",\"item\":\"https:\/\/www.shoptok.com\/sr\/o-nama\/\"},{\"@type\":\"ListItem\",\"position\":2,\"name\":\"Kultura\"}]},{\"@type\":\"WebSite\",\"@id\":\"https:\/\/www.shoptok.com\/#website\",\"url\":\"https:\/\/www.shoptok.com\/\",\"name\":\"Eponuda &amp; Shoptok\",\"description\":\"\",\"potentialAction\":[{\"@type\":\"SearchAction\",\"target\":{\"@type\":\"EntryPoint\",\"urlTemplate\":\"https:\/\/www.shoptok.com\/?s={search_term_string}\"},\"query-input\":\"required name=search_term_string\"}],\"inLanguage\":\"sr-RS\"}]}<\/script>\n<!-- \/ Yoast SEO plugin. -->","yoast_head_json":{"title":"Kultura - Eponuda &amp; Shoptok","description":"Shoptok is the ultimate platform for smart shopping. We bring together consumers and sellers, providing the most important information needed to make informed purchase decisions. Our focus is on transparency and clear market offerings, including price, availability, satisfaction, payment, guaranty, reference, social attitude, and delivery.","robots":{"index":"index","follow":"follow","max-snippet":"max-snippet:-1","max-image-preview":"max-image-preview:large","max-video-preview":"max-video-preview:-1"},"canonical":"https:\/\/www.shoptok.com\/sr\/o-nama\/kultura\/","og_locale":"sr_RS","og_type":"article","og_title":"Kultura - Eponuda &amp; Shoptok","og_description":"Shoptok is the ultimate platform for smart shopping. We bring together consumers and sellers, providing the most important information needed to make informed purchase decisions. Our focus is on transparency and clear market offerings, including price, availability, satisfaction, payment, guaranty, reference, social attitude, and delivery.","og_url":"https:\/\/www.shoptok.com\/sr\/o-nama\/kultura\/","og_site_name":"Eponuda &amp; Shoptok","article_modified_time":"2025-10-08T10:24:34+00:00","twitter_card":"summary_large_image","twitter_misc":{"\u041f\u0440\u043e\u0446\u0435\u045a\u0435\u043d\u043e \u0432\u0440\u0435\u043c\u0435 \u0447\u0438\u0442\u0430\u045a\u0430":"4 \u043c\u0438\u043d\u0443\u0442\u0430"},"schema":{"@context":"https:\/\/schema.org","@graph":[{"@type":"WebPage","@id":"https:\/\/www.shoptok.com\/sr\/o-nama\/kultura\/","url":"https:\/\/www.shoptok.com\/sr\/o-nama\/kultura\/","name":"Kultura - Eponuda &amp; Shoptok","isPartOf":{"@id":"https:\/\/www.shoptok.com\/#website"},"datePublished":"2025-04-01T07:44:09+00:00","dateModified":"2025-10-08T10:24:34+00:00","description":"Shoptok is the ultimate platform for smart shopping. We bring together consumers and sellers, providing the most important information needed to make informed purchase decisions. Our focus is on transparency and clear market offerings, including price, availability, satisfaction, payment, guaranty, reference, social attitude, and delivery.","breadcrumb":{"@id":"https:\/\/www.shoptok.com\/sr\/o-nama\/kultura\/#breadcrumb"},"inLanguage":"sr-RS","potentialAction":[{"@type":"ReadAction","target":["https:\/\/www.shoptok.com\/sr\/o-nama\/kultura\/"]}]},{"@type":"BreadcrumbList","@id":"https:\/\/www.shoptok.com\/sr\/o-nama\/kultura\/#breadcrumb","itemListElement":[{"@type":"ListItem","position":1,"name":"O nama","item":"https:\/\/www.shoptok.com\/sr\/o-nama\/"},{"@type":"ListItem","position":2,"name":"Kultura"}]},{"@type":"WebSite","@id":"https:\/\/www.shoptok.com\/#website","url":"https:\/\/www.shoptok.com\/","name":"Eponuda &amp; Shoptok","description":"","potentialAction":[{"@type":"SearchAction","target":{"@type":"EntryPoint","urlTemplate":"https:\/\/www.shoptok.com\/?s={search_term_string}"},"query-input":"required name=search_term_string"}],"inLanguage":"sr-RS"}]}},"_links":{"self":[{"href":"https:\/\/www.shoptok.com\/sr\/wp-json\/wp\/v2\/pages\/1863","targetHints":{"allow":["GET"]}}],"collection":[{"href":"https:\/\/www.shoptok.com\/sr\/wp-json\/wp\/v2\/pages"}],"about":[{"href":"https:\/\/www.shoptok.com\/sr\/wp-json\/wp\/v2\/types\/page"}],"author":[{"embeddable":true,"href":"https:\/\/www.shoptok.com\/sr\/wp-json\/wp\/v2\/users\/2"}],"replies":[{"embeddable":true,"href":"https:\/\/www.shoptok.com\/sr\/wp-json\/wp\/v2\/comments?post=1863"}],"version-history":[{"count":0,"href":"https:\/\/www.shoptok.com\/sr\/wp-json\/wp\/v2\/pages\/1863\/revisions"}],"up":[{"embeddable":true,"href":"https:\/\/www.shoptok.com\/sr\/wp-json\/wp\/v2\/pages\/1314"}],"wp:attachment":[{"href":"https:\/\/www.shoptok.com\/sr\/wp-json\/wp\/v2\/media?parent=1863"}],"curies":[{"name":"wp","href":"https:\/\/api.w.org\/{rel}","templated":true}]}}