{"id":1955,"date":"2025-04-01T08:08:47","date_gmt":"2025-04-01T08:08:47","guid":{"rendered":"https:\/\/www.shoptok.com\/?page_id=1955"},"modified":"2025-10-08T09:55:28","modified_gmt":"2025-10-08T09:55:28","slug":"karijera","status":"publish","type":"page","link":"https:\/\/www.shoptok.com\/sr\/o-nama\/karijera\/","title":{"rendered":"Karijera"},"content":{"rendered":"<div class=\"wpb-content-wrapper\"><p>[vc_row full_width=&#8221;stretch_row_content_no_spaces&#8221; el_class=&#8221;sp-page-title&#8221;][vc_column]\n\n\n\n\n\n\t\t\n                     \n                <div class=\"title-banner limit-height\" style=\"background-image: linear-gradient(rgba(0, 0, 0, 0.0),rgba(0, 0, 0, 0.0)),url();\">\n                            <video  autoplay loop muted playsinline>\n                <source src=\"https:\/\/www.shoptok.com\/wp-content\/uploads\/2024\/06\/career.mp4\" type=\"video\/mp4\">\n                Your browser does not support the video tag.\n                <\/video>\n\n                <div class=\"container\">\n\n                    <div>\n                        <h2 class=\"entry-subtitle\">O NAMA<\/h2>\n                        <h1 class=\"entry-title\">Karijera u Shoptok-u i Eponudi<\/h1>\n                    <\/div>\n                    <div>\n                                                                                            <\/div>\n                <\/div>\n            <\/div>\n        \n\t\t[\/vc_column][\/vc_row][vc_row gap=&#8221;30&#8243; content_placement=&#8221;middle&#8221; el_class=&#8221;sp-row&#8221; css=&#8221;.vc_custom_1743756576900{margin-top: 50px !important;margin-bottom: 50px !important;}&#8221;][vc_column width=&#8221;1\/2&#8243; el_class=&#8221;c1&#8243;][vc_column_text css=&#8221;&#8221;]<\/p>\n<h2>Pridru\u017ei se na\u0161em timu<\/h2>\n<p>[\/vc_column_text][vc_column_text css=&#8221;&#8221;]U Eponudi i Shoptoku ponosni smo \u0161to imamo vi\u0161e od 30 posve\u0107enih profesionalaca u na\u0161im kancelarijama u Beogradu i Ljubljani. Na\u0161a najve\u0107a prednost su na\u0161i ljudi i posve\u0107eni smo privla\u010denju i zadr\u017eavanju najboljih talenata kroz negovanje kulture zadovoljstva na poslu, ambicije i odgovornosti. Verujemo u saradnju i timski rad, pri \u010demu svaki tim funkcioni\u0161e samostalno, ali u skladu sa na\u0161om zajedni\u010dkom vizijom. Kroz kori\u0161\u0107enje OKR (Objectives and Key Results) okvira, podsti\u010demo inovacije i posti\u017eemo merljive rezultate.<\/p>\n<p>Trudimo se da ponudimo konkurentne uslove zapo\u0161ljavanja i stimulativnu atmosferu u kojoj na\u0161i zaposleni mogu napredovati. I Eponuda i Shoptok su posve\u0107eni kreiranju radnih mesta koja balansiraju ambiciju sa podr\u0161kom, podsti\u010du\u0107i svakog \u010dlana tima da doprinese na\u0161em uzbudljivom putovanju \u2013 i TGIF sastancima! Pridru\u017ei se i budi deo izgradnje izuzetnih kompanija zajedno sa nama.[\/vc_column_text][\/vc_column][vc_column width=&#8221;1\/2&#8243; el_class=&#8221;c2&#8243;][vc_single_image image=&#8221;1999&#8243; css=&#8221;&#8221;][\/vc_column][\/vc_row][vc_row css=&#8221;.vc_custom_1742379889580{margin-top: 70px !important;margin-bottom: 35px !important;}&#8221;][vc_column][vc_column_text css=&#8221;&#8221;]<\/p>\n<h1 style=\"text-align: center;\">Poslovne prilike<\/h1>\n<p>[\/vc_column_text][\/vc_column][\/vc_row][vc_row gap=&#8221;35&#8243;][vc_column width=&#8221;1\/2&#8243; css=&#8221;.vc_custom_1743494625386{border-top-width: 3px !important;border-right-width: 3px !important;border-bottom-width: 3px !important;border-left-width: 3px !important;padding-right: 25px !important;padding-bottom: 35px !important;padding-left: 35px !important;border-left-style: solid !important;border-right-style: solid !important;border-top-style: solid !important;border-bottom-style: solid !important;border-radius: 15px !important;border-color: #fafafa !important;}&#8221;][vc_column_text css=&#8221;&#8221;]<\/p>\n<h4><strong>Senior Sales Manager<\/strong><\/h4>\n<p>[\/vc_column_text][vc_column_text css=&#8221;&#8221;]Lokacija: Ljubljana, Slovenija[\/vc_column_text][vc_column_text css=&#8221;&#8221;]Tra\u017eimo iskusnog menad\u017eera prodaje koji je motivisan prodajnim rezultatima i voli rad sa klijentima.[\/vc_column_text]\t\t\n\t\t<a href=\"mailto: &#x69;&#x6e;&#x66;&#x6f;&#x40;&#115;&#104;optok&#x2e;&#x63;&#x6f;&#x6d;\" target=\"\" class=\"btn  btn-secondary btn-lg \" id=\"\">PRIJAVI SE SADA<\/a>\n\n\t\t[\/vc_column][vc_column width=&#8221;1\/2&#8243; css=&#8221;.vc_custom_1743756560135{border-top-width: 3px !important;border-right-width: 3px !important;border-bottom-width: 3px !important;border-left-width: 3px !important;padding-right: 35px !important;padding-bottom: 35px !important;padding-left: 35px !important;border-left-style: solid !important;border-right-style: solid !important;border-top-style: solid !important;border-bottom-style: solid !important;border-radius: 15px !important;border-color: #fafafa !important;}&#8221;][vc_column_text css=&#8221;&#8221;]<\/p>\n<h4><strong>PHP Mid\/Senior Specialist<\/strong><\/h4>\n<p>[\/vc_column_text][vc_column_text css=&#8221;&#8221;]<span style=\"font-weight: 400;\">Lokacija: Beograd, Srbija<\/span>[\/vc_column_text][vc_column_text css=&#8221;&#8221;]<span style=\"font-weight: 400;\">Tra\u017eimo mid\/senior developera koji \u0107e nam pomo\u0107i u izgradnji (e)Commerce platformi u Adriatik regiji.<\/span>[\/vc_column_text]\t\t\n\t\t<a href=\"mailto: i&#110;&#x66;&#x6f;&#64;s&#104;&#x6f;&#x70;to&#107;&#x2e;&#x63;om\" target=\"\" class=\"btn  btn-secondary btn-lg \" id=\"\">PRIJAVI SE SADA<\/a>\n\n\t\t[\/vc_column][\/vc_row][vc_row gap=&#8221;35&#8243;][vc_column width=&#8221;1\/2&#8243; css=&#8221;.vc_custom_1743494625386{border-top-width: 3px !important;border-right-width: 3px !important;border-bottom-width: 3px !important;border-left-width: 3px !important;padding-right: 25px !important;padding-bottom: 35px !important;padding-left: 35px !important;border-left-style: solid !important;border-right-style: solid !important;border-top-style: solid !important;border-bottom-style: solid !important;border-radius: 15px !important;border-color: #fafafa !important;}&#8221;][vc_column_text css=&#8221;&#8221;]<\/p>\n<h4><strong>Text Analysis Developer<\/strong><\/h4>\n<p>[\/vc_column_text][vc_column_text css=&#8221;&#8221;]<span style=\"font-weight: 400;\">Lokacija: Beograd, Srbija<\/span>[\/vc_column_text][vc_column_text css=&#8221;&#8221;]<span style=\"font-weight: 400;\">Tra\u017eimo zaljubljenika u analizu teksta koji \u0107e nam pomo\u0107i da neobra\u0111ene podatke pretvorimo u vredne uvide.<\/span>[\/vc_column_text]\t\t\n\t\t<a href=\"mailto: &#105;n&#x66;o&#x40;s&#x68;o&#x70;&#116;&#x6f;&#107;.&#x63;o&#x6d;\" target=\"\" class=\"btn  btn-secondary btn-lg \" id=\"\">PRIJAVI SE SADA<\/a>\n\n\t\t[\/vc_column][\/vc_row][vc_row][vc_column][vc_empty_space height=&#8221;50&#8243;][\/vc_column][\/vc_row]<\/p>\n<\/div>","protected":false},"excerpt":{"rendered":"<p>[vc_row full_width=&#8221;stretch_row_content_no_spaces&#8221; el_class=&#8221;sp-page-title&#8221;][vc_column][\/vc_column][\/vc_row][vc_row gap=&#8221;30&#8243; content_placement=&#8221;middle&#8221; el_class=&#8221;sp-row&#8221; css=&#8221;.vc_custom_1743756576900{margin-top: 50px !important;margin-bottom: 50px !important;}&#8221;][vc_column width=&#8221;1\/2&#8243; el_class=&#8221;c1&#8243;][vc_column_text css=&#8221;&#8221;] Pridru\u017ei se na\u0161em timu [\/vc_column_text][vc_column_text css=&#8221;&#8221;]U Eponudi i Shoptoku ponosni smo \u0161to imamo vi\u0161e od 30 posve\u0107enih profesionalaca u na\u0161im kancelarijama u Beogradu i Ljubljani. Na\u0161a najve\u0107a prednost su na\u0161i ljudi i posve\u0107eni smo privla\u010denju i zadr\u017eavanju najboljih talenata kroz negovanje kulture zadovoljstva na poslu, ambicije i odgovornosti. Verujemo u saradnju i timski rad, pri \u010demu svaki tim funkcioni\u0161e samostalno, ali u skladu sa na\u0161om zajedni\u010dkom vizijom. Kroz kori\u0161\u0107enje OKR (Objectives and Key Results) okvira, podsti\u010demo inovacije i posti\u017eemo merljive rezultate. Trudimo se da ponudimo konkurentne uslove zapo\u0161ljavanja i stimulativnu atmosferu u kojoj na\u0161i zaposleni mogu napredovati. I Eponuda i Shoptok su posve\u0107eni kreiranju radnih mesta [&hellip;]<\/p>\n","protected":false},"author":2,"featured_media":0,"parent":1314,"menu_order":1,"comment_status":"closed","ping_status":"closed","template":"","meta":{"footnotes":""},"class_list":["post-1955","page","type-page","status-publish","hentry"],"yoast_head":"<!-- This site is optimized with the Yoast SEO plugin v21.3 - https:\/\/yoast.com\/wordpress\/plugins\/seo\/ -->\n<title>Karijera - Eponuda &amp; Shoptok<\/title>\n<meta name=\"description\" content=\"Shoptok is the ultimate platform for smart shopping. We bring together consumers and sellers, providing the most important information needed to make informed purchase decisions. Our focus is on transparency and clear market offerings, including price, availability, satisfaction, payment, guaranty, reference, social attitude, and delivery.\" \/>\n<meta name=\"robots\" content=\"index, follow, max-snippet:-1, max-image-preview:large, max-video-preview:-1\" \/>\n<link rel=\"canonical\" href=\"https:\/\/www.shoptok.com\/sr\/o-nama\/karijera\/\" \/>\n<meta property=\"og:locale\" content=\"sr_RS\" \/>\n<meta property=\"og:type\" content=\"article\" \/>\n<meta property=\"og:title\" content=\"Karijera - Eponuda &amp; Shoptok\" \/>\n<meta property=\"og:description\" content=\"Shoptok is the ultimate platform for smart shopping. We bring together consumers and sellers, providing the most important information needed to make informed purchase decisions. Our focus is on transparency and clear market offerings, including price, availability, satisfaction, payment, guaranty, reference, social attitude, and delivery.\" \/>\n<meta property=\"og:url\" content=\"https:\/\/www.shoptok.com\/sr\/o-nama\/karijera\/\" \/>\n<meta property=\"og:site_name\" content=\"Eponuda &amp; Shoptok\" \/>\n<meta property=\"article:modified_time\" content=\"2025-10-08T09:55:28+00:00\" \/>\n<meta name=\"twitter:card\" content=\"summary_large_image\" \/>\n<meta name=\"twitter:label1\" content=\"\u041f\u0440\u043e\u0446\u0435\u045a\u0435\u043d\u043e \u0432\u0440\u0435\u043c\u0435 \u0447\u0438\u0442\u0430\u045a\u0430\" \/>\n\t<meta name=\"twitter:data1\" content=\"2 \u043c\u0438\u043d\u0443\u0442\u0430\" \/>\n<script type=\"application\/ld+json\" class=\"yoast-schema-graph\">{\"@context\":\"https:\/\/schema.org\",\"@graph\":[{\"@type\":\"WebPage\",\"@id\":\"https:\/\/www.shoptok.com\/sr\/o-nama\/karijera\/\",\"url\":\"https:\/\/www.shoptok.com\/sr\/o-nama\/karijera\/\",\"name\":\"Karijera - Eponuda &amp; Shoptok\",\"isPartOf\":{\"@id\":\"https:\/\/www.shoptok.com\/#website\"},\"datePublished\":\"2025-04-01T08:08:47+00:00\",\"dateModified\":\"2025-10-08T09:55:28+00:00\",\"description\":\"Shoptok is the ultimate platform for smart shopping. We bring together consumers and sellers, providing the most important information needed to make informed purchase decisions. Our focus is on transparency and clear market offerings, including price, availability, satisfaction, payment, guaranty, reference, social attitude, and delivery.\",\"breadcrumb\":{\"@id\":\"https:\/\/www.shoptok.com\/sr\/o-nama\/karijera\/#breadcrumb\"},\"inLanguage\":\"sr-RS\",\"potentialAction\":[{\"@type\":\"ReadAction\",\"target\":[\"https:\/\/www.shoptok.com\/sr\/o-nama\/karijera\/\"]}]},{\"@type\":\"BreadcrumbList\",\"@id\":\"https:\/\/www.shoptok.com\/sr\/o-nama\/karijera\/#breadcrumb\",\"itemListElement\":[{\"@type\":\"ListItem\",\"position\":1,\"name\":\"O nama\",\"item\":\"https:\/\/www.shoptok.com\/sr\/o-nama\/\"},{\"@type\":\"ListItem\",\"position\":2,\"name\":\"Karijera\"}]},{\"@type\":\"WebSite\",\"@id\":\"https:\/\/www.shoptok.com\/#website\",\"url\":\"https:\/\/www.shoptok.com\/\",\"name\":\"Eponuda &amp; Shoptok\",\"description\":\"\",\"potentialAction\":[{\"@type\":\"SearchAction\",\"target\":{\"@type\":\"EntryPoint\",\"urlTemplate\":\"https:\/\/www.shoptok.com\/?s={search_term_string}\"},\"query-input\":\"required name=search_term_string\"}],\"inLanguage\":\"sr-RS\"}]}<\/script>\n<!-- \/ Yoast SEO plugin. -->","yoast_head_json":{"title":"Karijera - Eponuda &amp; Shoptok","description":"Shoptok is the ultimate platform for smart shopping. We bring together consumers and sellers, providing the most important information needed to make informed purchase decisions. Our focus is on transparency and clear market offerings, including price, availability, satisfaction, payment, guaranty, reference, social attitude, and delivery.","robots":{"index":"index","follow":"follow","max-snippet":"max-snippet:-1","max-image-preview":"max-image-preview:large","max-video-preview":"max-video-preview:-1"},"canonical":"https:\/\/www.shoptok.com\/sr\/o-nama\/karijera\/","og_locale":"sr_RS","og_type":"article","og_title":"Karijera - Eponuda &amp; Shoptok","og_description":"Shoptok is the ultimate platform for smart shopping. We bring together consumers and sellers, providing the most important information needed to make informed purchase decisions. Our focus is on transparency and clear market offerings, including price, availability, satisfaction, payment, guaranty, reference, social attitude, and delivery.","og_url":"https:\/\/www.shoptok.com\/sr\/o-nama\/karijera\/","og_site_name":"Eponuda &amp; Shoptok","article_modified_time":"2025-10-08T09:55:28+00:00","twitter_card":"summary_large_image","twitter_misc":{"\u041f\u0440\u043e\u0446\u0435\u045a\u0435\u043d\u043e \u0432\u0440\u0435\u043c\u0435 \u0447\u0438\u0442\u0430\u045a\u0430":"2 \u043c\u0438\u043d\u0443\u0442\u0430"},"schema":{"@context":"https:\/\/schema.org","@graph":[{"@type":"WebPage","@id":"https:\/\/www.shoptok.com\/sr\/o-nama\/karijera\/","url":"https:\/\/www.shoptok.com\/sr\/o-nama\/karijera\/","name":"Karijera - Eponuda &amp; Shoptok","isPartOf":{"@id":"https:\/\/www.shoptok.com\/#website"},"datePublished":"2025-04-01T08:08:47+00:00","dateModified":"2025-10-08T09:55:28+00:00","description":"Shoptok is the ultimate platform for smart shopping. We bring together consumers and sellers, providing the most important information needed to make informed purchase decisions. Our focus is on transparency and clear market offerings, including price, availability, satisfaction, payment, guaranty, reference, social attitude, and delivery.","breadcrumb":{"@id":"https:\/\/www.shoptok.com\/sr\/o-nama\/karijera\/#breadcrumb"},"inLanguage":"sr-RS","potentialAction":[{"@type":"ReadAction","target":["https:\/\/www.shoptok.com\/sr\/o-nama\/karijera\/"]}]},{"@type":"BreadcrumbList","@id":"https:\/\/www.shoptok.com\/sr\/o-nama\/karijera\/#breadcrumb","itemListElement":[{"@type":"ListItem","position":1,"name":"O nama","item":"https:\/\/www.shoptok.com\/sr\/o-nama\/"},{"@type":"ListItem","position":2,"name":"Karijera"}]},{"@type":"WebSite","@id":"https:\/\/www.shoptok.com\/#website","url":"https:\/\/www.shoptok.com\/","name":"Eponuda &amp; Shoptok","description":"","potentialAction":[{"@type":"SearchAction","target":{"@type":"EntryPoint","urlTemplate":"https:\/\/www.shoptok.com\/?s={search_term_string}"},"query-input":"required name=search_term_string"}],"inLanguage":"sr-RS"}]}},"_links":{"self":[{"href":"https:\/\/www.shoptok.com\/sr\/wp-json\/wp\/v2\/pages\/1955","targetHints":{"allow":["GET"]}}],"collection":[{"href":"https:\/\/www.shoptok.com\/sr\/wp-json\/wp\/v2\/pages"}],"about":[{"href":"https:\/\/www.shoptok.com\/sr\/wp-json\/wp\/v2\/types\/page"}],"author":[{"embeddable":true,"href":"https:\/\/www.shoptok.com\/sr\/wp-json\/wp\/v2\/users\/2"}],"replies":[{"embeddable":true,"href":"https:\/\/www.shoptok.com\/sr\/wp-json\/wp\/v2\/comments?post=1955"}],"version-history":[{"count":0,"href":"https:\/\/www.shoptok.com\/sr\/wp-json\/wp\/v2\/pages\/1955\/revisions"}],"up":[{"embeddable":true,"href":"https:\/\/www.shoptok.com\/sr\/wp-json\/wp\/v2\/pages\/1314"}],"wp:attachment":[{"href":"https:\/\/www.shoptok.com\/sr\/wp-json\/wp\/v2\/media?parent=1955"}],"curies":[{"name":"wp","href":"https:\/\/api.w.org\/{rel}","templated":true}]}}